{"id":48986,"date":"2016-05-19T14:54:53","date_gmt":"2016-05-19T12:54:53","guid":{"rendered":"https:\/\/www.daliform.com\/sistema-atlantis\/"},"modified":"2021-12-13T16:57:44","modified_gmt":"2021-12-13T15:57:44","slug":"fundacoes-ventiladas-sistema-atlantis","status":"publish","type":"page","link":"https:\/\/www.daliform.com\/pt-pt\/fundacoes-ventiladas-sistema-atlantis\/","title":{"rendered":"Sistema Atlantis"},"content":{"rendered":"<p>[vc_row][vc_column width=&#8221;1\/4&#8243;][vc_single_image image=&#8221;37602&#8243; img_size=&#8221;large&#8221;][\/vc_column][vc_column width=&#8221;3\/4&#8243;][vc_column_text]<\/p>\n<p style=\"text-align: justify;\"><strong>Atlantis \u00e9 o sistema evolu\u00eddo<\/strong> para a constru\u00e7\u00e3o de c\u00e2maras em geral, caixas de ar e pavimentos ventilados na constru\u00e7\u00e3o e restauro de edif\u00edcios civis e industriais, tanques de acumula\u00e7\u00e3o, tanques de dispers\u00e3o, lajes alveolares, c\u00e2maras frigor\u00edficas de baixa temperatura.<\/p>\n<p style=\"text-align: justify;\">O <strong>Sistema Atlantis<\/strong> \u00e9 utilizado quando a profundidade da caixa de ar ou do desv\u00e3o \u00e9 tal que n\u00e3o permite a utiliza\u00e7\u00e3o dos cl\u00e1ssicos cofragem Igl\u00f9<sub><sup>\u00ae<\/sup><\/sub>, com a vantagem que o di\u00e2metro constante dos tubos elevadores permite minimizar os consumos de bet\u00e3o para o enchimento. A velocidade, a simplicidade e a economia s\u00e3o as caracter\u00edsticas principais do sistema.<br \/>\nCom Atlantis, al\u00e9m disso, obt\u00e9m-se um piso com adequada barreira contra o vapor no pavimento e, se corretamente ventilado com canaliza\u00e7\u00f5es ligadas com o exterior, um ve\u00edculo para a elimina\u00e7\u00e3o do G\u00e1s Rad\u00e3o presente no terreno.<\/p>\n<p>[\/vc_column_text][\/vc_column][\/vc_row]<\/p>\n","protected":false},"excerpt":{"rendered":"<p>Atlantis sistema de forma\u00e7\u00e3o para criar lajes elevadas de concreto com espa\u00e7o embaixo para iluminar estruturas, compensar alturas de piso e outras aplica\u00e7\u00f5es.<\/p>\n","protected":false},"author":1,"featured_media":37612,"parent":0,"menu_order":17,"comment_status":"closed","ping_status":"closed","template":"template-product.php","meta":[],"acf":[],"aioseo_notices":[],"_links":{"self":[{"href":"https:\/\/www.daliform.com\/pt-pt\/wp-json\/wp\/v2\/pages\/48986"}],"collection":[{"href":"https:\/\/www.daliform.com\/pt-pt\/wp-json\/wp\/v2\/pages"}],"about":[{"href":"https:\/\/www.daliform.com\/pt-pt\/wp-json\/wp\/v2\/types\/page"}],"author":[{"embeddable":true,"href":"https:\/\/www.daliform.com\/pt-pt\/wp-json\/wp\/v2\/users\/1"}],"replies":[{"embeddable":true,"href":"https:\/\/www.daliform.com\/pt-pt\/wp-json\/wp\/v2\/comments?post=48986"}],"version-history":[{"count":0,"href":"https:\/\/www.daliform.com\/pt-pt\/wp-json\/wp\/v2\/pages\/48986\/revisions"}],"wp:featuredmedia":[{"embeddable":true,"href":"https:\/\/www.daliform.com\/pt-pt\/wp-json\/wp\/v2\/media\/37612"}],"wp:attachment":[{"href":"https:\/\/www.daliform.com\/pt-pt\/wp-json\/wp\/v2\/media?parent=48986"}],"curies":[{"name":"wp","href":"https:\/\/api.w.org\/{rel}","templated":true}]}}