{"id":48619,"date":"2020-10-23T11:07:59","date_gmt":"2020-10-23T09:07:59","guid":{"rendered":"https:\/\/www.daliform.com\/iglu-smart\/"},"modified":"2022-04-13T11:53:42","modified_gmt":"2022-04-13T09:53:42","slug":"iglu-smart-caixas-de-ar-ventiladas","status":"publish","type":"page","link":"https:\/\/www.daliform.com\/pt-pt\/iglu-smart-caixas-de-ar-ventiladas\/","title":{"rendered":"Iglu&#8217;\u00ae Smart"},"content":{"rendered":"<p>[vc_row][vc_column width=&#8221;1\/4&#8243;][vc_single_image image=&#8221;36750&#8243; img_size=&#8221;large&#8221;][\/vc_column][vc_column width=&#8221;3\/4&#8243;][vc_column_text]<\/p>\n<h5><strong>Iglu\u2019<sup>\u00ae<\/sup> Smart \u00e9 a inovadora cofragem perdida regul\u00e1vel na obra nas duas dire\u00e7\u00f5es horizontal e vertical, que permite a realiza\u00e7\u00e3o de c\u00e2maras de ar (caixas de ar ventiladas) com ainda mais flexibilidade em rela\u00e7\u00e3o \u00e0s cofragens normais.<\/strong><\/h5>\n<p><strong>Iglu\u2019\u00ae Smart<\/strong>, gra\u00e7as \u00e0 conforma\u00e7\u00e3o \u00fanica e inovadora e ao especial sistema de encaixe com marcas regul\u00e1veis presentes nos seus dois ap\u00eandices horizontal e vertical, permite regular facilmente o tamanho na obra da cofragem nas duas dire\u00e7\u00f5es, mutuamente ortogonais, horizontal e vertical.[\/vc_column_text][\/vc_column][vc_column][vc_empty_space height=&#8221;20px&#8221;][vc_column_text]Por exemplo,<strong> a utiliza\u00e7\u00e3o de Iglu<sup>\u2019\u00ae<\/sup> Smart permite obter, al\u00e9m das medidas abaixo indicadas 50&#215;50 cm \u2013 52,5&#215;52,5 cm, &#8211; 55&#215;55 cm, tamb\u00e9m medidas n\u00e3o standard como por exemplo: 55&#215;52,5 cm, 52,5&#215;50 cm, 50&#215;55 cm, 50&#215;52,5 cm, simplesmente regulando a posi\u00e7\u00e3o de sobreposi\u00e7\u00e3o entre as cofragens, isto \u00e9 movendo a cofragem com a ajuda das marcas predefinidas.<\/strong><\/p>\n<p><strong>Iglu\u2019\u00ae Smart<\/strong> \u00e9 ideal para cobrir superf\u00edcies de grande tamanho, em tempos consideravelmente mais reduzidos em rela\u00e7\u00e3o \u00e0s cofragens normais sem a utiliza\u00e7\u00e3o de acess\u00f3rios adicionais como, por exemplo, sistemas de extens\u00e3o.[\/vc_column_text][\/vc_column][\/vc_row]<\/p>\n","protected":false},"excerpt":{"rendered":"<p>Iglu\u2019\u00ae Smart \u00e9 a inovadora cofragem perdida regul\u00e1vel na obra nas duas dire\u00e7\u00f5es horizontal e vertical, que permite a realiza\u00e7\u00e3o de c\u00e2maras de ar ventiladas.<\/p>\n","protected":false},"author":1,"featured_media":36760,"parent":0,"menu_order":16,"comment_status":"closed","ping_status":"closed","template":"template-product.php","meta":[],"acf":[],"aioseo_notices":[],"_links":{"self":[{"href":"https:\/\/www.daliform.com\/pt-pt\/wp-json\/wp\/v2\/pages\/48619"}],"collection":[{"href":"https:\/\/www.daliform.com\/pt-pt\/wp-json\/wp\/v2\/pages"}],"about":[{"href":"https:\/\/www.daliform.com\/pt-pt\/wp-json\/wp\/v2\/types\/page"}],"author":[{"embeddable":true,"href":"https:\/\/www.daliform.com\/pt-pt\/wp-json\/wp\/v2\/users\/1"}],"replies":[{"embeddable":true,"href":"https:\/\/www.daliform.com\/pt-pt\/wp-json\/wp\/v2\/comments?post=48619"}],"version-history":[{"count":0,"href":"https:\/\/www.daliform.com\/pt-pt\/wp-json\/wp\/v2\/pages\/48619\/revisions"}],"wp:featuredmedia":[{"embeddable":true,"href":"https:\/\/www.daliform.com\/pt-pt\/wp-json\/wp\/v2\/media\/36760"}],"wp:attachment":[{"href":"https:\/\/www.daliform.com\/pt-pt\/wp-json\/wp\/v2\/media?parent=48619"}],"curies":[{"name":"wp","href":"https:\/\/api.w.org\/{rel}","templated":true}]}}