{"id":44825,"date":"2016-03-07T10:57:30","date_gmt":"2016-03-07T09:57:30","guid":{"rendered":"https:\/\/www.daliform.com\/iglu\/aplicacoes-iglu\/isolamento-acustico\/"},"modified":"2022-03-02T09:43:27","modified_gmt":"2022-03-02T08:43:27","slug":"iglu-isolamento-acustico","status":"publish","type":"page","link":"https:\/\/www.daliform.com\/pt-pt\/iglu-caixas-de-ar-ventiladas\/iglu-aplicacoes\/iglu-isolamento-acustico\/","title":{"rendered":"Isolamento ac\u00fastico"},"content":{"rendered":"<p>[vc_row padding_top=&#8221;0&#8243; padding_bottom=&#8221;0&#8243;][vc_column]\n\t<div class=\"custom-heading wpb_content_element  heading-medium\">\n\t\t<h2 class=\"heading-title\" >Com o aux\u00edlio de Igl\u00f9\u00ae p\u00f5e-se em pr\u00e1tica um mecanismo de controlo do ru\u00eddo que permite aumentar o n\u00edvel de conforto dentro das habita\u00e7\u00f5es.<\/h2>\n\t\t<span class=\"heading-line primary\"><\/span>\n\t<\/div>[\/vc_column][\/vc_row][vc_row][vc_column width=&#8221;1\/2&#8243;][vc_single_image image=&#8221;35319&#8243; img_size=&#8221;full&#8221;][\/vc_column][vc_column width=&#8221;1\/2&#8243;][vc_column_text css=&#8221;.vc_custom_1464359033054{margin-bottom: 35px !important;}&#8221;]<\/p>\n<p style=\"text-align: justify;\">Com o aux\u00edlio de <strong>Igl\u00f9<sup><sub>\u00ae<\/sub><\/sup> H 4-8-12 cm<\/strong>, a colocar entre a betonilha e a estrutura do piso, p\u00f5e-se em pr\u00e1tica um mecanismo de <strong>controlo do ru\u00eddo<\/strong> que permite aumentar o n\u00edvel de conforto dentro das habita\u00e7\u00f5es, com a vantagem adicional que a c\u00e2mara que se cria permite a passagem de cabos e tubos e, al\u00e9m disso, \u00e9 uma solu\u00e7\u00e3o mais leve em rela\u00e7\u00e3o \u00e0 betonilha cl\u00e1ssica.<\/p>\n<p style=\"text-align: justify;\">Associado aos adequados sistemas de insonoriza\u00e7\u00e3o, <strong>Igl\u00f9<sup><sub>\u00ae<\/sub><\/sup><\/strong> contribui para alcan\u00e7ar os valores definidos pelas normas relativas ao ru\u00eddo.<\/p>\n<p>[\/vc_column_text][\/vc_column][vc_column][vc_empty_space][vc_column_text]<\/p>\n<p style=\"text-align: justify;\">Esta \u00e9 poss\u00edvel realizando estruturas horizontais com massa adequada e colocando entre o piso e a betonilha camadas de material adequado para o amortecimento das vibra\u00e7\u00f5es devidas aos impactos do ru\u00eddo. Consoante a utiliza\u00e7\u00e3o final do edif\u00edcio, a lei estabelece diferentes par\u00e2metros de insonoriza\u00e7\u00e3o.<\/p>\n<p style=\"text-align: justify;\">A Lei-Quadro sobre polui\u00e7\u00e3o sonora n\u00ba 447, de 26\/10\/95, estabelece os princ\u00edpios fundamentais relativos \u00e0 prote\u00e7\u00e3o do meio ambiente externo e do meio ambiente da polui\u00e7\u00e3o sonora.<\/p>\n<p>[\/vc_column_text][\/vc_column][\/vc_row][vc_row][vc_column][vc_separator][vc_column_text css=&#8221;.vc_custom_1592297006811{margin-bottom: 15px !important;}&#8221;]<strong>PRODUTOS RECOMENDADOS:<\/strong>[\/vc_column_text][vc_empty_space height=&#8221;10px&#8221;][\/vc_column][vc_column][vc_masonry_grid post_type=&#8221;ids&#8221; element_width=&#8221;3&#8243; grid_id=&#8221;vc_gid:1627394260378-22dc8f36-66bd-0&#8243; include=&#8221;1034&#8243; el_class=&#8221;text-size-p&#8221;][\/vc_column][\/vc_row]<\/p>\n","protected":false},"excerpt":{"rendered":"<p>Associado aos adequados sistemas de insonoriza\u00e7\u00e3o, Igl\u00f9\u00ae contribui para alcan\u00e7ar os valores definidos pelas normas relativas ao ru\u00eddo.<\/p>\n","protected":false},"author":1,"featured_media":57927,"parent":42629,"menu_order":4,"comment_status":"closed","ping_status":"closed","template":"","meta":[],"acf":[],"aioseo_notices":[],"_links":{"self":[{"href":"https:\/\/www.daliform.com\/pt-pt\/wp-json\/wp\/v2\/pages\/44825"}],"collection":[{"href":"https:\/\/www.daliform.com\/pt-pt\/wp-json\/wp\/v2\/pages"}],"about":[{"href":"https:\/\/www.daliform.com\/pt-pt\/wp-json\/wp\/v2\/types\/page"}],"author":[{"embeddable":true,"href":"https:\/\/www.daliform.com\/pt-pt\/wp-json\/wp\/v2\/users\/1"}],"replies":[{"embeddable":true,"href":"https:\/\/www.daliform.com\/pt-pt\/wp-json\/wp\/v2\/comments?post=44825"}],"version-history":[{"count":0,"href":"https:\/\/www.daliform.com\/pt-pt\/wp-json\/wp\/v2\/pages\/44825\/revisions"}],"up":[{"embeddable":true,"href":"https:\/\/www.daliform.com\/pt-pt\/wp-json\/wp\/v2\/pages\/42629"}],"wp:featuredmedia":[{"embeddable":true,"href":"https:\/\/www.daliform.com\/pt-pt\/wp-json\/wp\/v2\/media\/57927"}],"wp:attachment":[{"href":"https:\/\/www.daliform.com\/pt-pt\/wp-json\/wp\/v2\/media?parent=44825"}],"curies":[{"name":"wp","href":"https:\/\/api.w.org\/{rel}","templated":true}]}}