{"id":43739,"date":"2016-03-04T14:03:48","date_gmt":"2016-03-04T13:03:48","guid":{"rendered":"https:\/\/www.daliform.com\/iglu\/aplicacoes-iglu\/camara-frigorifica\/"},"modified":"2022-03-02T09:36:13","modified_gmt":"2022-03-02T08:36:13","slug":"camara-frigorifica","status":"publish","type":"page","link":"https:\/\/www.daliform.com\/pt-pt\/iglu-caixas-de-ar-ventiladas\/iglu-aplicacoes\/camara-frigorifica\/","title":{"rendered":"C\u00e2mara frigor\u00edfica"},"content":{"rendered":"<p>[vc_row padding_top=&#8221;0&#8243; padding_bottom=&#8221;0&#8243;][vc_column]\n\t<div class=\"custom-heading wpb_content_element  heading-medium\">\n\t\t<h2 class=\"heading-title\" >O Iglu'\u00ae cria uma cavidade ventilada sob o piso de c\u00e2maras frias, evitando deforma\u00e7\u00f5es e rachaduras.<\/h2>\n\t\t<span class=\"heading-line primary\"><\/span>\n\t<\/div>[\/vc_column][\/vc_row][vc_row][vc_column width=&#8221;1\/2&#8243;][vc_single_image image=&#8221;35112&#8243; img_size=&#8221;full&#8221; alignment=&#8221;center&#8221; css=&#8221;.vc_custom_1627391311377{margin-left: -20px !important;}&#8221;][vc_column_text]<\/p>\n<p class=\"p1\"><span class=\"s1\"><b>VANTAGENS:<\/b><\/span><\/p>\n<p class=\"p1\"><span class=\"s1\">\u2022 IMPEDE A DEFORMA\u00c7\u00c3O E O LEVANTAMENTO DE PISO (GELADO)<br \/>\n<\/span><span class=\"s1\">\u2022 ALTA RESIST\u00caNCIA A CARGAS DISTRIBU\u00cdDAS E CONCENTRADAS<br \/>\n<\/span><span class=\"s1\">\u2022 VENTILA\u00c7\u00c3O EFICAZ EM TODAS AS DIRE\u00c7\u00d5ES<br \/>\n<\/span><span class=\"s1\">\u2022 ELIMINA\u00c7\u00c3O DO AR CONGELADO<br \/>\n<\/span><span class=\"s1\">\u2022 FACILIDADE DE POSICIONAMENTO<br \/>\n<\/span><span class=\"s1\">\u2022 TR\u00c2NSITO M\u00c1XIMO GRATUITO PARA O SISTEMA SUBTERR\u00c2NEO EM TODAS AS DIRE\u00c7\u00d5ES<br \/>\n<\/span><span class=\"s1\">\u2022 NENHUM PONTO DE CONTATO ENTRE O CONCRETO E A TERRA<\/span><\/p>\n<p>[\/vc_column_text][\/vc_column][vc_column width=&#8221;1\/2&#8243;][vc_column_text]<span lang=\"pt\">Uma cavidade no piso constru\u00edda com o Iglu\u00ae \u00e9 o sistema ideal para obter uma ventila\u00e7\u00e3o mais eficaz abaixo do piso, porque o Iglu\u00ae possibilita a cria\u00e7\u00e3o de um \u00fanico espa\u00e7o aberto e garante a circula\u00e7\u00e3o de ar em todas as dire\u00e7\u00f5es. Isso evita o aparecimento de geadas.<\/span><\/p>\n<p><span lang=\"pt\">Iglu&#8217;\u00ae \u00e9 a solu\u00e7\u00e3o construtiva mais segura e econ\u00f4mica para a instala\u00e7\u00e3o de cavidades ventiladas em c\u00e2maras frias positivas e negativas. Garante que a temperatura da cavidade permane\u00e7a acima de zero, removendo a umidade presente no substrato. Isso evita o congelamento e a deforma\u00e7\u00e3o dos sedimentos da funda\u00e7\u00e3o (o conjunto de concreto \/ solo magro), que empurra a superf\u00edcie de assentamento para cima e faz com que o piso rache (um processo conhecido como geada).<\/span>[\/vc_column_text][vc_column_text]<span lang=\"pt\">O uso do Iglu\u00ae na constru\u00e7\u00e3o de pisos industriais para c\u00e2maras frigor\u00edficas foi estabelecido no LGPCF (Diretrizes para pisos industriais em c\u00e2maras frias) de 2014 pela ENCOPER (Associa\u00e7\u00e3o Nacional dos Fabricantes de Pisos e Revestimentos). O texto especifica os requisitos essenciais necess\u00e1rios para a durabilidade de todas as lajes de concreto armado destinadas ao uso industrial em c\u00e2maras frigor\u00edficas. Em particular, trata dos requisitos essenciais de resist\u00eancia mec\u00e2nica e estabilidade para os quais n\u00e3o h\u00e1 disposi\u00e7\u00f5es na norma mais gen\u00e9rica, UNI 11146.<\/span>[\/vc_column_text][\/vc_column][\/vc_row][vc_row][vc_column][vc_separator][vc_column_text css=&#8221;.vc_custom_1592297006811{margin-bottom: 15px !important;}&#8221;]<strong>PRODUTOS RECOMENDADOS:<\/strong>[\/vc_column_text][vc_empty_space height=&#8221;10px&#8221;][\/vc_column][vc_column][vc_masonry_grid post_type=&#8221;ids&#8221; element_width=&#8221;3&#8243; grid_id=&#8221;vc_gid:1627390802089-3cc89707-08bd-4&#8243; include=&#8221;1034&#8243; el_class=&#8221;text-size-p&#8221;][\/vc_column][\/vc_row]<\/p>\n","protected":false},"excerpt":{"rendered":"<p>Para a cria\u00e7\u00e3o de ambientes destinados ao controlo da humidade e da temperatura (c\u00e2maras frigor\u00edficas, armaz\u00e9ns alimentares, caves, c\u00e2maras de secagem).<\/p>\n","protected":false},"author":1,"featured_media":57893,"parent":42629,"menu_order":1,"comment_status":"closed","ping_status":"closed","template":"","meta":[],"acf":[],"aioseo_notices":[],"_links":{"self":[{"href":"https:\/\/www.daliform.com\/pt-pt\/wp-json\/wp\/v2\/pages\/43739"}],"collection":[{"href":"https:\/\/www.daliform.com\/pt-pt\/wp-json\/wp\/v2\/pages"}],"about":[{"href":"https:\/\/www.daliform.com\/pt-pt\/wp-json\/wp\/v2\/types\/page"}],"author":[{"embeddable":true,"href":"https:\/\/www.daliform.com\/pt-pt\/wp-json\/wp\/v2\/users\/1"}],"replies":[{"embeddable":true,"href":"https:\/\/www.daliform.com\/pt-pt\/wp-json\/wp\/v2\/comments?post=43739"}],"version-history":[{"count":0,"href":"https:\/\/www.daliform.com\/pt-pt\/wp-json\/wp\/v2\/pages\/43739\/revisions"}],"up":[{"embeddable":true,"href":"https:\/\/www.daliform.com\/pt-pt\/wp-json\/wp\/v2\/pages\/42629"}],"wp:featuredmedia":[{"embeddable":true,"href":"https:\/\/www.daliform.com\/pt-pt\/wp-json\/wp\/v2\/media\/57893"}],"wp:attachment":[{"href":"https:\/\/www.daliform.com\/pt-pt\/wp-json\/wp\/v2\/media?parent=43739"}],"curies":[{"name":"wp","href":"https:\/\/api.w.org\/{rel}","templated":true}]}}