{"id":43099,"date":"2016-04-13T08:57:09","date_gmt":"2016-04-13T06:57:09","guid":{"rendered":"https:\/\/www.daliform.com\/iglu\/aplicacoes-iglu\/fundacoes-ventiladas\/"},"modified":"2022-03-02T09:31:26","modified_gmt":"2022-03-02T08:31:26","slug":"fundacoes-ventiladas-inscricao","status":"publish","type":"page","link":"https:\/\/www.daliform.com\/pt-pt\/iglu-caixas-de-ar-ventiladas\/iglu-aplicacoes\/fundacoes-ventiladas-inscricao\/","title":{"rendered":"Funda\u00e7\u00f5es ventiladas"},"content":{"rendered":"<p>[vc_row padding_top=&#8221;0&#8243; padding_bottom=&#8221;0&#8243;][vc_column]\n\t<div class=\"custom-heading wpb_content_element  heading-medium\">\n\t\t<h2 class=\"heading-title\" >O espa\u00e7o de rastreamento ventilado \u00e9 a solu\u00e7\u00e3o ideal para eliminar o problema da umidade e proteger a casa do perigoso G\u00e1s Radon.<\/h2>\n\t\t<span class=\"heading-line primary\"><\/span>\n\t<\/div>[\/vc_column][\/vc_row][vc_row][vc_column width=&#8221;1\/2&#8243;][vc_single_image image=&#8221;43146&#8243; img_size=&#8221;large&#8221;][\/vc_column][vc_column width=&#8221;1\/2&#8243;][vc_column_text]<\/p>\n<p class=\"p1\">A <strong>caixa de ar ventilada<\/strong> realizada com Igl\u00f9<sup>\u00ae<\/sup> representa uma solu\u00e7\u00e3o eficaz, r\u00e1pida e econ\u00f3mica que permite a dispers\u00e3o na atmosfera do perigoso g\u00e1s Rad\u00e3o e da humidade para vantagem da nossa sa\u00fade.<br \/>\nA <strong>c\u00e2mara de ar formada por Igl\u00f9<sup>\u00ae<\/sup><\/strong> tem de ser ligada com o exterior atrav\u00e9s de simples tubos. Deste modo cria-se um fluxo de ar natural que atravessa a c\u00e2mara e elimina a humidade e o g\u00e1s Rad\u00e3o (caso presente).<\/p>\n<p>[\/vc_column_text][vc_column_text]<strong>VANTAGENS:<br \/>\n<\/strong>\u2022 ELIMINA\u00c7\u00c3O DO G\u00c1S RAD\u00c3O<br \/>\n\u2022 EFICAZ VENTILA\u00c7\u00c3O EM TODAS AS DIREC\u00c7\u00d5ES<br \/>\n\u2022 ESTANQUICIDADE \u00c0 HUMIDADE ASCENDENTE<br \/>\n\u2022 CRIA\u00c7\u00c3O DE COMPARTIMENTO PARA A PASSAGEM DOS SISTEMAS[\/vc_column_text][\/vc_column][\/vc_row][vc_row][vc_column][vc_separator][vc_column_text css=&#8221;.vc_custom_1592297006811{margin-bottom: 15px !important;}&#8221;]<strong>PRODUTOS RECOMENDADOS:<\/strong>[\/vc_column_text][vc_empty_space height=&#8221;10px&#8221;][\/vc_column][vc_column][vc_masonry_grid post_type=&#8221;ids&#8221; element_width=&#8221;3&#8243; grid_id=&#8221;vc_gid:1599569219211-cd808f1d-d549-7&#8243; include=&#8221;1034, 4579&#8243; el_class=&#8221;text-size-p&#8221;][\/vc_column][\/vc_row]<\/p>\n","protected":false},"excerpt":{"rendered":"<p>Cofragens perdidas para caixas de ar ventiladas, desv\u00e3os sanit\u00e1rios, c\u00e2maras de ar ventiladas, caixas de ar, pisos e tectos ventilados.<\/p>\n","protected":false},"author":1,"featured_media":57882,"parent":42629,"menu_order":0,"comment_status":"closed","ping_status":"closed","template":"","meta":[],"acf":[],"aioseo_notices":[],"_links":{"self":[{"href":"https:\/\/www.daliform.com\/pt-pt\/wp-json\/wp\/v2\/pages\/43099"}],"collection":[{"href":"https:\/\/www.daliform.com\/pt-pt\/wp-json\/wp\/v2\/pages"}],"about":[{"href":"https:\/\/www.daliform.com\/pt-pt\/wp-json\/wp\/v2\/types\/page"}],"author":[{"embeddable":true,"href":"https:\/\/www.daliform.com\/pt-pt\/wp-json\/wp\/v2\/users\/1"}],"replies":[{"embeddable":true,"href":"https:\/\/www.daliform.com\/pt-pt\/wp-json\/wp\/v2\/comments?post=43099"}],"version-history":[{"count":0,"href":"https:\/\/www.daliform.com\/pt-pt\/wp-json\/wp\/v2\/pages\/43099\/revisions"}],"up":[{"embeddable":true,"href":"https:\/\/www.daliform.com\/pt-pt\/wp-json\/wp\/v2\/pages\/42629"}],"wp:featuredmedia":[{"embeddable":true,"href":"https:\/\/www.daliform.com\/pt-pt\/wp-json\/wp\/v2\/media\/57882"}],"wp:attachment":[{"href":"https:\/\/www.daliform.com\/pt-pt\/wp-json\/wp\/v2\/media?parent=43099"}],"curies":[{"name":"wp","href":"https:\/\/api.w.org\/{rel}","templated":true}]}}