{"id":39495,"date":"2016-02-17T15:29:13","date_gmt":"2016-02-17T14:29:13","guid":{"rendered":"https:\/\/www.daliform.com\/iglu\/"},"modified":"2021-12-13T16:23:38","modified_gmt":"2021-12-13T15:23:38","slug":"iglu-caixas-de-ar-ventiladas","status":"publish","type":"page","link":"https:\/\/www.daliform.com\/pt-pt\/iglu-caixas-de-ar-ventiladas\/","title":{"rendered":"Iglu&#8217;\u00ae"},"content":{"rendered":"<p>[vc_row][vc_column width=&#8221;1\/4&#8243;][vc_single_image image=&#8221;35076&#8243; img_size=&#8221;large&#8221;][\/vc_column][vc_column width=&#8221;3\/4&#8243;][vc_column_text]<\/p>\n<h5><strong>Iglu&#8217;<sub><sup>\u00ae<\/sup><\/sub><\/strong> <strong>\u00e9 o produto l\u00edder de mercado<\/strong>, criado e patenteado com o objectivo de realizar <strong>desv\u00e3os sanit\u00e1rios, c\u00e2maras de ar ventiladas, caixas de ar, pisos e tectos ventilados<\/strong> na constru\u00e7\u00e3o e reconstru\u00e7\u00e3o de edif\u00edcios civis e industriais.<\/h5>\n<p>Fruto de uma genial intui\u00e7\u00e3o datada de 1993, melhorou profundamente o modo de construir. A <strong>capacidade inovadora de Iglu&#8217;<sub><sup>\u00ae<\/sup><\/sub><\/strong> foi tal que recolheu numerosos sucessos e reconhecimentos, tanto nacionais como internacionais, afirmando-se rapidamente como um <strong>produto de excel\u00eancia no mundo da constru\u00e7\u00e3o<\/strong>.[\/vc_column_text][\/vc_column][vc_column][vc_empty_space height=&#8221;20px&#8221;][vc_column_text]As <strong>cofragens modulares de pl\u00e1stico Iglu&#8217;<sub><sup>\u00ae<\/sup><\/sub><\/strong>, colocadas em sequ\u00eancia de acordo com uma direc\u00e7\u00e3o predefinida, permitem a r\u00e1pida forma\u00e7\u00e3o de uma plataforma de passagem autoportante, sobre a qual \u00e9 realizada a descarga de bet\u00e3o para construir, de modo extremamente simples e econ\u00f3mico, um <strong>piso ventilado<\/strong> apoiado em pilares com uma <strong>\u00e1rea vazia por baixo que pode ser utilizada para a passagem das instala\u00e7\u00f5es<\/strong>, mas sobretudo <strong>ventilada para impedir a humidade ascendente e os gases radioactivos<\/strong>.[\/vc_column_text][\/vc_column][\/vc_row]<\/p>\n","protected":false},"excerpt":{"rendered":"<p>Cofragens perdidas para caixas de ar ventiladas, desv\u00e3os sanit\u00e1rios, c\u00e2maras de ar ventiladas, caixas de ar, pisos e tectos ventilados.<\/p>\n","protected":false},"author":1,"featured_media":35063,"parent":0,"menu_order":15,"comment_status":"closed","ping_status":"closed","template":"template-product.php","meta":[],"acf":[],"aioseo_notices":[],"_links":{"self":[{"href":"https:\/\/www.daliform.com\/pt-pt\/wp-json\/wp\/v2\/pages\/39495"}],"collection":[{"href":"https:\/\/www.daliform.com\/pt-pt\/wp-json\/wp\/v2\/pages"}],"about":[{"href":"https:\/\/www.daliform.com\/pt-pt\/wp-json\/wp\/v2\/types\/page"}],"author":[{"embeddable":true,"href":"https:\/\/www.daliform.com\/pt-pt\/wp-json\/wp\/v2\/users\/1"}],"replies":[{"embeddable":true,"href":"https:\/\/www.daliform.com\/pt-pt\/wp-json\/wp\/v2\/comments?post=39495"}],"version-history":[{"count":0,"href":"https:\/\/www.daliform.com\/pt-pt\/wp-json\/wp\/v2\/pages\/39495\/revisions"}],"wp:featuredmedia":[{"embeddable":true,"href":"https:\/\/www.daliform.com\/pt-pt\/wp-json\/wp\/v2\/media\/35063"}],"wp:attachment":[{"href":"https:\/\/www.daliform.com\/pt-pt\/wp-json\/wp\/v2\/media?parent=39495"}],"curies":[{"name":"wp","href":"https:\/\/api.w.org\/{rel}","templated":true}]}}