{"id":37533,"date":"2016-05-30T08:35:47","date_gmt":"2016-05-30T06:35:47","guid":{"rendered":"https:\/\/www.daliform.com\/solucoes-de-construcao\/pisos-aligeiradas\/"},"modified":"2021-08-02T14:13:31","modified_gmt":"2021-08-02T12:13:31","slug":"pisos-aligeiradas-daliform-group","status":"publish","type":"page","link":"https:\/\/www.daliform.com\/pt-pt\/solucoes-de-construcao\/pisos-aligeiradas-daliform-group\/","title":{"rendered":"PISOS ALIGEIRADAS"},"content":{"rendered":"<p>[vc_row margin_top=&#8221;-20&#8243;][vc_column el_class=&#8221;SolutionGrid&#8221;][vc_masonry_grid post_type=&#8221;ids&#8221; element_width=&#8221;3&#8243; item=&#8221;none&#8221; grid_id=&#8221;vc_gid:1599490072443-0ec4ac13-6a54-3&#8243; include=&#8221;4503, 4423, 8726, 4402, 7231&#8243;][\/vc_column][\/vc_row]<\/p>\n","protected":false},"excerpt":{"rendered":"<p>Sistemas para a forma\u00e7\u00e3o de placas ligeiras em cls armado para obra, para soalhos ou lajes de funda\u00e7\u00e3o.<\/p>\n","protected":false},"author":1,"featured_media":34330,"parent":34050,"menu_order":1,"comment_status":"closed","ping_status":"closed","template":"","meta":[],"acf":[],"aioseo_notices":[],"_links":{"self":[{"href":"https:\/\/www.daliform.com\/pt-pt\/wp-json\/wp\/v2\/pages\/37533"}],"collection":[{"href":"https:\/\/www.daliform.com\/pt-pt\/wp-json\/wp\/v2\/pages"}],"about":[{"href":"https:\/\/www.daliform.com\/pt-pt\/wp-json\/wp\/v2\/types\/page"}],"author":[{"embeddable":true,"href":"https:\/\/www.daliform.com\/pt-pt\/wp-json\/wp\/v2\/users\/1"}],"replies":[{"embeddable":true,"href":"https:\/\/www.daliform.com\/pt-pt\/wp-json\/wp\/v2\/comments?post=37533"}],"version-history":[{"count":0,"href":"https:\/\/www.daliform.com\/pt-pt\/wp-json\/wp\/v2\/pages\/37533\/revisions"}],"up":[{"embeddable":true,"href":"https:\/\/www.daliform.com\/pt-pt\/wp-json\/wp\/v2\/pages\/34050"}],"wp:featuredmedia":[{"embeddable":true,"href":"https:\/\/www.daliform.com\/pt-pt\/wp-json\/wp\/v2\/media\/34330"}],"wp:attachment":[{"href":"https:\/\/www.daliform.com\/pt-pt\/wp-json\/wp\/v2\/media?parent=37533"}],"curies":[{"name":"wp","href":"https:\/\/api.w.org\/{rel}","templated":true}]}}