{"id":35932,"date":"2016-05-30T09:30:01","date_gmt":"2016-05-30T07:30:01","guid":{"rendered":"https:\/\/www.daliform.com\/solucoes-de-construcao\/ambiente\/"},"modified":"2021-08-02T16:46:46","modified_gmt":"2021-08-02T14:46:46","slug":"ambiente-daliform-group","status":"publish","type":"page","link":"https:\/\/www.daliform.com\/pt-pt\/solucoes-de-construcao\/ambiente-daliform-group\/","title":{"rendered":"AMBIENTE"},"content":{"rendered":"<p>[vc_row margin_top=&#8221;-20&#8243;][vc_column el_class=&#8221;SolutionGrid&#8221;][vc_masonry_grid post_type=&#8221;ids&#8221; element_width=&#8221;3&#8243; item=&#8221;none&#8221; grid_id=&#8221;vc_gid:1589537348667-453472d5-d35f-2&#8243; include=&#8221;3291&#8243;][\/vc_column][\/vc_row]<\/p>\n","protected":false},"excerpt":{"rendered":"<p>EOLO permite a realiza\u00e7\u00e3o de um pavimento resistente e ventilado para as estruturas de compostagem eliminando mal odores e subst\u00e2ncias nocivas.<\/p>\n","protected":false},"author":1,"featured_media":34420,"parent":34050,"menu_order":7,"comment_status":"closed","ping_status":"closed","template":"","meta":[],"acf":[],"aioseo_notices":[],"_links":{"self":[{"href":"https:\/\/www.daliform.com\/pt-pt\/wp-json\/wp\/v2\/pages\/35932"}],"collection":[{"href":"https:\/\/www.daliform.com\/pt-pt\/wp-json\/wp\/v2\/pages"}],"about":[{"href":"https:\/\/www.daliform.com\/pt-pt\/wp-json\/wp\/v2\/types\/page"}],"author":[{"embeddable":true,"href":"https:\/\/www.daliform.com\/pt-pt\/wp-json\/wp\/v2\/users\/1"}],"replies":[{"embeddable":true,"href":"https:\/\/www.daliform.com\/pt-pt\/wp-json\/wp\/v2\/comments?post=35932"}],"version-history":[{"count":0,"href":"https:\/\/www.daliform.com\/pt-pt\/wp-json\/wp\/v2\/pages\/35932\/revisions"}],"up":[{"embeddable":true,"href":"https:\/\/www.daliform.com\/pt-pt\/wp-json\/wp\/v2\/pages\/34050"}],"wp:featuredmedia":[{"embeddable":true,"href":"https:\/\/www.daliform.com\/pt-pt\/wp-json\/wp\/v2\/media\/34420"}],"wp:attachment":[{"href":"https:\/\/www.daliform.com\/pt-pt\/wp-json\/wp\/v2\/media?parent=35932"}],"curies":[{"name":"wp","href":"https:\/\/api.w.org\/{rel}","templated":true}]}}