{"id":34735,"date":"2016-04-06T10:25:12","date_gmt":"2016-04-06T08:25:12","guid":{"rendered":"https:\/\/www.daliform.com\/solucoes-de-construcao\/construcao\/"},"modified":"2021-08-02T13:37:08","modified_gmt":"2021-08-02T11:37:08","slug":"construcao-daliform-group","status":"publish","type":"page","link":"https:\/\/www.daliform.com\/pt-pt\/solucoes-de-construcao\/construcao-daliform-group\/","title":{"rendered":"CONSTRU\u00c7\u00c3O"},"content":{"rendered":"<p>[vc_row margin_top=&#8221;-20&#8243;][vc_column el_class=&#8221;SolutionGrid&#8221;][vc_masonry_grid post_type=&#8221;ids&#8221; element_width=&#8221;3&#8243; item=&#8221;none&#8221; initial_loading_animation=&#8221;fadeIn&#8221; grid_id=&#8221;vc_gid:1605005332874-1c9c7ad6-bf7c-5&#8243; include=&#8221;1034, 30449, 4579, 12037, 1728, 1807, 2784, 1809, 1815, 4241&#8243;][\/vc_column][\/vc_row]<\/p>\n","protected":false},"excerpt":{"rendered":"<p>V\u00e3os arejados, pavimentos industriais, c\u00e2maras frigor\u00edficas, pavimentos ventilados, tetos ventilados, caminhos de acesso transit\u00e1veleis inclinadas.<\/p>\n","protected":false},"author":1,"featured_media":34352,"parent":34050,"menu_order":0,"comment_status":"closed","ping_status":"closed","template":"","meta":[],"acf":[],"aioseo_notices":[],"_links":{"self":[{"href":"https:\/\/www.daliform.com\/pt-pt\/wp-json\/wp\/v2\/pages\/34735"}],"collection":[{"href":"https:\/\/www.daliform.com\/pt-pt\/wp-json\/wp\/v2\/pages"}],"about":[{"href":"https:\/\/www.daliform.com\/pt-pt\/wp-json\/wp\/v2\/types\/page"}],"author":[{"embeddable":true,"href":"https:\/\/www.daliform.com\/pt-pt\/wp-json\/wp\/v2\/users\/1"}],"replies":[{"embeddable":true,"href":"https:\/\/www.daliform.com\/pt-pt\/wp-json\/wp\/v2\/comments?post=34735"}],"version-history":[{"count":0,"href":"https:\/\/www.daliform.com\/pt-pt\/wp-json\/wp\/v2\/pages\/34735\/revisions"}],"up":[{"embeddable":true,"href":"https:\/\/www.daliform.com\/pt-pt\/wp-json\/wp\/v2\/pages\/34050"}],"wp:featuredmedia":[{"embeddable":true,"href":"https:\/\/www.daliform.com\/pt-pt\/wp-json\/wp\/v2\/media\/34352"}],"wp:attachment":[{"href":"https:\/\/www.daliform.com\/pt-pt\/wp-json\/wp\/v2\/media?parent=34735"}],"curies":[{"name":"wp","href":"https:\/\/api.w.org\/{rel}","templated":true}]}}