{"id":34050,"date":"2020-05-11T15:53:14","date_gmt":"2020-05-11T13:53:14","guid":{"rendered":"https:\/\/www.daliform.com\/solucoes-de-construcao\/"},"modified":"2021-09-09T11:07:14","modified_gmt":"2021-09-09T09:07:14","slug":"solucoes-de-construcao","status":"publish","type":"page","link":"https:\/\/www.daliform.com\/pt-pt\/solucoes-de-construcao\/","title":{"rendered":"Solu\u00e7\u00f5es de constru\u00e7\u00e3o"},"content":{"rendered":"<p>[vc_row row_id=&#8221;Solutions&#8221;][vc_column][vc_basic_grid post_type=&#8221;ids&#8221; element_width=&#8221;3&#8243; item=&#8221;24415&#8243; grid_id=&#8221;vc_gid:1595408156586-8a531310-32a9-7&#8243; include=&#8221;2336, 5439, 5446, 5452, 5455, 5458, 5461, 5464&#8243;][\/vc_column][\/vc_row]<\/p>\n","protected":false},"excerpt":{"rendered":"<p>Solu\u00e7\u00f5es para v\u00e3o arejado, v\u00e3os arejados, lajes anuladas, laje leve, paver de protec\u00e7\u00e3o do gramado, tanques de armazenamento e dispers\u00e3o de \u00e1guas pluviais.<\/p>\n","protected":false},"author":11,"featured_media":33801,"parent":0,"menu_order":13,"comment_status":"closed","ping_status":"closed","template":"","meta":[],"acf":[],"aioseo_notices":[],"_links":{"self":[{"href":"https:\/\/www.daliform.com\/pt-pt\/wp-json\/wp\/v2\/pages\/34050"}],"collection":[{"href":"https:\/\/www.daliform.com\/pt-pt\/wp-json\/wp\/v2\/pages"}],"about":[{"href":"https:\/\/www.daliform.com\/pt-pt\/wp-json\/wp\/v2\/types\/page"}],"author":[{"embeddable":true,"href":"https:\/\/www.daliform.com\/pt-pt\/wp-json\/wp\/v2\/users\/11"}],"replies":[{"embeddable":true,"href":"https:\/\/www.daliform.com\/pt-pt\/wp-json\/wp\/v2\/comments?post=34050"}],"version-history":[{"count":0,"href":"https:\/\/www.daliform.com\/pt-pt\/wp-json\/wp\/v2\/pages\/34050\/revisions"}],"wp:featuredmedia":[{"embeddable":true,"href":"https:\/\/www.daliform.com\/pt-pt\/wp-json\/wp\/v2\/media\/33801"}],"wp:attachment":[{"href":"https:\/\/www.daliform.com\/pt-pt\/wp-json\/wp\/v2\/media?parent=34050"}],"curies":[{"name":"wp","href":"https:\/\/api.w.org\/{rel}","templated":true}]}}