{"id":130001,"date":"2025-02-07T16:51:14","date_gmt":"2025-02-07T15:51:14","guid":{"rendered":"https:\/\/www.daliform.com\/referencias\/serbatoio-dacqua-antincendio-per-sito-industriale-margraten-project\/"},"modified":"2025-02-07T18:14:48","modified_gmt":"2025-02-07T17:14:48","slug":"tanque-a-prova-de-fogo-para-instalacoes-industriais-margraten-project","status":"publish","type":"page","link":"https:\/\/www.daliform.com\/pt-pt\/referencias\/tanque-a-prova-de-fogo-para-instalacoes-industriais-margraten-project\/","title":{"rendered":"Tanque \u00e0 prova de fogo para instala\u00e7\u00f5es industriais &#8211; MARGRATEN PROJECT"},"content":{"rendered":"","protected":false},"excerpt":{"rendered":"","protected":false},"author":1,"featured_media":0,"parent":84052,"menu_order":0,"comment_status":"closed","ping_status":"closed","template":"template-reference.php","meta":[],"acf":[],"aioseo_notices":[],"_links":{"self":[{"href":"https:\/\/www.daliform.com\/pt-pt\/wp-json\/wp\/v2\/pages\/130001"}],"collection":[{"href":"https:\/\/www.daliform.com\/pt-pt\/wp-json\/wp\/v2\/pages"}],"about":[{"href":"https:\/\/www.daliform.com\/pt-pt\/wp-json\/wp\/v2\/types\/page"}],"author":[{"embeddable":true,"href":"https:\/\/www.daliform.com\/pt-pt\/wp-json\/wp\/v2\/users\/1"}],"replies":[{"embeddable":true,"href":"https:\/\/www.daliform.com\/pt-pt\/wp-json\/wp\/v2\/comments?post=130001"}],"version-history":[{"count":2,"href":"https:\/\/www.daliform.com\/pt-pt\/wp-json\/wp\/v2\/pages\/130001\/revisions"}],"predecessor-version":[{"id":130003,"href":"https:\/\/www.daliform.com\/pt-pt\/wp-json\/wp\/v2\/pages\/130001\/revisions\/130003"}],"up":[{"embeddable":true,"href":"https:\/\/www.daliform.com\/pt-pt\/wp-json\/wp\/v2\/pages\/84052"}],"wp:attachment":[{"href":"https:\/\/www.daliform.com\/pt-pt\/wp-json\/wp\/v2\/media?parent=130001"}],"curies":[{"name":"wp","href":"https:\/\/api.w.org\/{rel}","templated":true}]}}