{"id":84045,"date":"2016-04-08T08:22:27","date_gmt":"2016-04-08T06:22:27","guid":{"rendered":"https:\/\/www.daliform.com\/?page_id=84045"},"modified":"2021-12-10T15:50:44","modified_gmt":"2021-12-10T14:50:44","slug":"referencje","status":"publish","type":"page","link":"https:\/\/www.daliform.com\/pl\/referencje\/","title":{"rendered":"Referencje"},"content":{"rendered":"<p>[vc_row][vc_column][vc_column_text][wpgmza id=&#8221;1&#8243;][\/vc_column_text][\/vc_column][\/vc_row]<\/p>\n","protected":false},"excerpt":{"rendered":"<p>Referencje. Spojrzenie na naszych projekt\u00f3w. Filtrowanie wed\u0142ug sektor\u00f3w.<\/p>\n","protected":false},"author":1,"featured_media":109940,"parent":0,"menu_order":49,"comment_status":"closed","ping_status":"closed","template":"template-referencesindexV2.php","meta":[],"acf":[],"aioseo_notices":[],"_links":{"self":[{"href":"https:\/\/www.daliform.com\/pl\/wp-json\/wp\/v2\/pages\/84045"}],"collection":[{"href":"https:\/\/www.daliform.com\/pl\/wp-json\/wp\/v2\/pages"}],"about":[{"href":"https:\/\/www.daliform.com\/pl\/wp-json\/wp\/v2\/types\/page"}],"author":[{"embeddable":true,"href":"https:\/\/www.daliform.com\/pl\/wp-json\/wp\/v2\/users\/1"}],"replies":[{"embeddable":true,"href":"https:\/\/www.daliform.com\/pl\/wp-json\/wp\/v2\/comments?post=84045"}],"version-history":[{"count":0,"href":"https:\/\/www.daliform.com\/pl\/wp-json\/wp\/v2\/pages\/84045\/revisions"}],"wp:featuredmedia":[{"embeddable":true,"href":"https:\/\/www.daliform.com\/pl\/wp-json\/wp\/v2\/media\/109940"}],"wp:attachment":[{"href":"https:\/\/www.daliform.com\/pl\/wp-json\/wp\/v2\/media?parent=84045"}],"curies":[{"name":"wp","href":"https:\/\/api.w.org\/{rel}","templated":true}]}}