{"id":71009,"date":"2015-02-05T10:21:41","date_gmt":"2015-02-05T09:21:41","guid":{"rendered":"https:\/\/www.daliform.com\/?page_id=71009"},"modified":"2022-02-15T15:13:03","modified_gmt":"2022-02-15T14:13:03","slug":"o-firmie","status":"publish","type":"page","link":"https:\/\/www.daliform.com\/pl\/o-firmie\/","title":{"rendered":"O Firmie"},"content":{"rendered":"<p>[vc_row padding_top=&#8221;10&#8243; padding_bottom=&#8221;10&#8243;][vc_column width=&#8221;1\/3&#8243;][vc_single_image image=&#8221;71015&#8243; img_size=&#8221;full&#8221; alignment=&#8221;center&#8221;][\/vc_column][vc_column width=&#8221;2\/3&#8243;][vc_column_text]<\/p>\n<h5 style=\"text-align: justify;\"><strong>Daliform Group to wiod\u0105ca firma projektuj\u0105ca i wytwarzaj\u0105ca produkty budowlane z tworzywa sztucznego.<\/strong><\/h5>\n<p>Dzi\u0119ki wysoko wykwalifikowanemu zespo\u0142owi in\u017cynier\u00f3w, firma jest \u201eku\u017ani\u0105 udanych innowacji\u201d, innowacji, kt\u00f3re znacz\u0105co udoskonali\u0142y metody budowlane w ci\u0105gu ostatnich dw\u00f3ch dekad, ze szczeg\u00f3lnym odniesieniem do wentylowanych wn\u0119k podpowierzchniowych (IGLU&#8217;\u00ae i ATLANTIS), l\u017cejszych p\u0142yt fundamentowych dwukierunkowych (U-BOOT\u00ae BETON) oraz jednokierunkowych(U-BAHN BETON\u00ae) oraz system\u00f3w ochrony trawnik\u00f3w podczas eksploatacji (PRATOPRATICO\u00ae, E.C.O. Pratopratico<sup>\u00ae<\/sup>, Easy Park<sup>\u00ae<\/sup>, Easy Ride).[\/vc_column_text][\/vc_column][vc_column css=&#8221;.vc_custom_1459494796289{margin-top: 10px !important;margin-bottom: -10px !important;}&#8221;][vc_column_text]<\/p>\n<p class=\"p1\" style=\"text-align: justify;\">Firma Daliform Group srl zosta\u0142a za\u0142o\u017cona w 2009 r. obieraj\u0105c za sw\u00f3j cel odziedziczenie presti\u017cowego i wyj\u0105tkowego dziedzictwa wiedzy i umiej\u0119tno\u015bci od firmy Daliform srl z Pordenone, kt\u00f3ra od 1993 r. wyr\u00f3\u017cnia si\u0119 zdolno\u015bci\u0105 tworzenia zaawansowanych produkt\u00f3w budowlanych z surowc\u00f3w wt\u00f3rnych w celu ostatecznego rozwi\u0105zania problemu narastaj\u0105cej wilgoci oraz koncentracji radonu wydobywaj\u0105cego si\u0119 z obszar\u00f3w podpowierzchniowych.<\/p>\n<p class=\"p2\" style=\"text-align: justify;\"><em>Ta przedsi\u0119biorcza inicjatywa zosta\u0142a rozpocz\u0119ta na pocz\u0105tku lat 90-tych w wyniku ustawy wprowadzonej w regionie Friuli-Wenecja Julijska (nr 44 z dnia 23 sierpnia 1985), kt\u00f3ra po raz pierwszy we W\u0142oszech szczeg\u00f3\u0142owo regulowa\u0142a obowi\u0105zek korzystania z wentylowanych wn\u0119k podpowierzchniowych ze wzgl\u0119du na silne st\u0119\u017cenie radonu w tym regionie. <\/em><em>W por\u00f3wnaniu do tradycyjnych rozwi\u0105za\u0144 (murk\u00f3w i pustak\u00f3w lub poddaszy) Daliform srl proponuje w\u0142asny innowacyjny i rewolucyjny system oszalowania IGLU&#8217;, kt\u00f3ry w kr\u00f3tkim czasie od wprowadzenia na rynek odni\u00f3s\u0142 znacz\u0105cy sukces. <\/em><\/p>\n<p>[\/vc_column_text][\/vc_column][\/vc_row]<\/p>\n","protected":false},"excerpt":{"rendered":"<p>Daliform Group to wiod\u0105ca firma projektuj\u0105ca i wytwarzaj\u0105ca produkty budowlane z tworzywa sztucznego.<\/p>\n","protected":false},"author":1,"featured_media":70787,"parent":0,"menu_order":38,"comment_status":"closed","ping_status":"closed","template":"template-company.php","meta":[],"acf":[],"aioseo_notices":[],"_links":{"self":[{"href":"https:\/\/www.daliform.com\/pl\/wp-json\/wp\/v2\/pages\/71009"}],"collection":[{"href":"https:\/\/www.daliform.com\/pl\/wp-json\/wp\/v2\/pages"}],"about":[{"href":"https:\/\/www.daliform.com\/pl\/wp-json\/wp\/v2\/types\/page"}],"author":[{"embeddable":true,"href":"https:\/\/www.daliform.com\/pl\/wp-json\/wp\/v2\/users\/1"}],"replies":[{"embeddable":true,"href":"https:\/\/www.daliform.com\/pl\/wp-json\/wp\/v2\/comments?post=71009"}],"version-history":[{"count":0,"href":"https:\/\/www.daliform.com\/pl\/wp-json\/wp\/v2\/pages\/71009\/revisions"}],"wp:featuredmedia":[{"embeddable":true,"href":"https:\/\/www.daliform.com\/pl\/wp-json\/wp\/v2\/media\/70787"}],"wp:attachment":[{"href":"https:\/\/www.daliform.com\/pl\/wp-json\/wp\/v2\/media?parent=71009"}],"curies":[{"name":"wp","href":"https:\/\/api.w.org\/{rel}","templated":true}]}}