{"id":69688,"date":"2016-05-10T15:44:52","date_gmt":"2016-05-10T13:44:52","guid":{"rendered":"https:\/\/www.daliform.com\/?page_id=69688"},"modified":"2021-10-14T11:14:37","modified_gmt":"2021-10-14T09:14:37","slug":"systemy-dla-ogrodow-dachowych","status":"publish","type":"page","link":"https:\/\/www.daliform.com\/pl\/systemy-dla-ogrodow-dachowych\/","title":{"rendered":"Iglu&#8217;\u00ae Green Roof"},"content":{"rendered":"<p>[vc_row][vc_column width=&#8221;1\/4&#8243;][vc_single_image image=&#8221;64535&#8243; img_size=&#8221;large&#8221;][\/vc_column][vc_column width=&#8221;3\/4&#8243;][vc_column_text]<\/p>\n<h5><strong>Iglu&#8217;\u00ae green roof to system o niezwyk\u0142ym znaczeniu dla \u015brodowiska, bior\u0105c pod uwag\u0119 ci\u0105g\u0142e nadbudowywanie miast ogrodami dachowymi i zielonymi dachami. Zapewnia on wodoodporno\u015b\u0107 oraz gwarantuje utrzymanie ogrodu.<\/strong><\/h5>\n<p>G\u0142\u00f3wnym problemem zwi\u0105zanym z zielonymi dachami jest dostosowanie drena\u017cu w celu zapobiegni\u0119cia przerwania wegetacji na skutek zbyt d\u0142ugiego zalegania b\u0105d\u017a braku wody.<br \/>\nObecnie mo\u017cna dostosowywa\u0107 odp\u0142yw z ogrod\u00f3w dachowych dzi\u0119ki systemowi Iglu&#8217;\u00ae green roof, kt\u00f3rego powierzchnia umo\u017cliwia odpowiednie magazynowanie wody, a jednocze\u015bnie usuwanie jej nadmiaru przez otwory \u201eprzelewowe\u201d.[\/vc_column_text][\/vc_column][\/vc_row][vc_row padding_top=&#8221;0&#8243; padding_bottom=&#8221;0&#8243;][vc_column][vc_empty_space height=&#8221;20px&#8221;][vc_column_text]Utworzenie ogrodu dachowego z u\u017cyciem systemu Iglu&#8217;\u00ae green roof mo\u017ce spe\u0142ni\u0107 wymagania administracji publicznej dotycz\u0105ce parametr\u00f3w budynku, energooszcz\u0119dno\u015bci oraz ograniczenia ilo\u015bci wody spuszczanej do systemu kanalizacji.[\/vc_column_text][\/vc_column][\/vc_row]<\/p>\n","protected":false},"excerpt":{"rendered":"<p>Igl\u00f9\u00ae green roof jest idealnym rozwi\u0105zaniem do tworzenia ogrod\u00f3w dachowych ich tworzenie, nie prowadzi do uszkodzenia impregnacji wodoodpornej.<\/p>\n","protected":false},"author":1,"featured_media":64521,"parent":0,"menu_order":35,"comment_status":"closed","ping_status":"closed","template":"template-product.php","meta":[],"acf":[],"aioseo_notices":[],"_links":{"self":[{"href":"https:\/\/www.daliform.com\/pl\/wp-json\/wp\/v2\/pages\/69688"}],"collection":[{"href":"https:\/\/www.daliform.com\/pl\/wp-json\/wp\/v2\/pages"}],"about":[{"href":"https:\/\/www.daliform.com\/pl\/wp-json\/wp\/v2\/types\/page"}],"author":[{"embeddable":true,"href":"https:\/\/www.daliform.com\/pl\/wp-json\/wp\/v2\/users\/1"}],"replies":[{"embeddable":true,"href":"https:\/\/www.daliform.com\/pl\/wp-json\/wp\/v2\/comments?post=69688"}],"version-history":[{"count":0,"href":"https:\/\/www.daliform.com\/pl\/wp-json\/wp\/v2\/pages\/69688\/revisions"}],"wp:featuredmedia":[{"embeddable":true,"href":"https:\/\/www.daliform.com\/pl\/wp-json\/wp\/v2\/media\/64521"}],"wp:attachment":[{"href":"https:\/\/www.daliform.com\/pl\/wp-json\/wp\/v2\/media?parent=69688"}],"curies":[{"name":"wp","href":"https:\/\/api.w.org\/{rel}","templated":true}]}}