{"id":69640,"date":"2016-05-10T14:42:52","date_gmt":"2016-05-10T12:42:52","guid":{"rendered":"https:\/\/www.daliform.com\/?page_id=69640"},"modified":"2021-10-14T11:06:25","modified_gmt":"2021-10-14T09:06:25","slug":"siatka-wzmacniajaca-podloze-do-jazdy-konnej","status":"publish","type":"page","link":"https:\/\/www.daliform.com\/pl\/siatka-wzmacniajaca-podloze-do-jazdy-konnej\/","title":{"rendered":"Easy Ride"},"content":{"rendered":"<p>[vc_row][vc_column width=&#8221;1\/4&#8243;][vc_single_image image=&#8221;63803&#8243; img_size=&#8221;large&#8221;][\/vc_column][vc_column width=&#8221;3\/4&#8243;][vc_column_text]<\/p>\n<h5 style=\"text-align: justify;\">Easy Ride to ekokompatybilna siatka wykonana z przetworzonego tworzywa sztucznego odporna na dzia\u0142anie promieni UV, kt\u00f3ra umo\u017cliwia udoskonalenie i stabilizacj\u0119 powierzchni, r\u00f3wnie\u017c o du\u017cych rozmiarach, po kt\u00f3rych przemieszczaj\u0105 si\u0119 zwierz\u0119ta, a tak\u017ce ochron\u0119 og\u00f3lnej higieny \u015brodowiska \u017cycia zwierz\u0105t.<\/h5>\n<p>Dzi\u0119ki swojej elastyczno\u015bci i stabilno\u015bci siatka Easy Ride, nadaje si\u0119 w szczeg\u00f3lno\u015bci do zastosowa\u0144 w dziedzinie je\u017adziectwa, poniewa\u017c zapobiega urazom ko\u0144czyn koni, a zw\u0142aszcza urazom wywo\u0142ywanym w wyniku wykonywania skok\u00f3w lub podczas biegu z du\u017c\u0105 pr\u0119dko\u015bci\u0105. Zapewnia ona koniom wi\u0119ksz\u0105 przyczepno\u015b\u0107 do pod\u0142o\u017ca, a co za tym idzie wspomaga r\u00f3wnowag\u0119 dynamiczn\u0105 zwierz\u0105t.[\/vc_column_text][\/vc_column][\/vc_row]<\/p>\n","protected":false},"excerpt":{"rendered":"<p>Kt\u00f3ra umo\u017cliwia doskonalenie i stabilizacj\u0119 powierzchni po kt\u00f3rych przemieszczaj\u0105 si\u0119 zwierz\u0119ta, a tak\u017ce ochron\u0119 og\u00f3lnej higieny \u015brodowiska \u017cycia zwierz\u0105t.<\/p>\n","protected":false},"author":1,"featured_media":63791,"parent":0,"menu_order":33,"comment_status":"closed","ping_status":"closed","template":"template-product.php","meta":[],"acf":[],"aioseo_notices":[],"_links":{"self":[{"href":"https:\/\/www.daliform.com\/pl\/wp-json\/wp\/v2\/pages\/69640"}],"collection":[{"href":"https:\/\/www.daliform.com\/pl\/wp-json\/wp\/v2\/pages"}],"about":[{"href":"https:\/\/www.daliform.com\/pl\/wp-json\/wp\/v2\/types\/page"}],"author":[{"embeddable":true,"href":"https:\/\/www.daliform.com\/pl\/wp-json\/wp\/v2\/users\/1"}],"replies":[{"embeddable":true,"href":"https:\/\/www.daliform.com\/pl\/wp-json\/wp\/v2\/comments?post=69640"}],"version-history":[{"count":0,"href":"https:\/\/www.daliform.com\/pl\/wp-json\/wp\/v2\/pages\/69640\/revisions"}],"wp:featuredmedia":[{"embeddable":true,"href":"https:\/\/www.daliform.com\/pl\/wp-json\/wp\/v2\/media\/63791"}],"wp:attachment":[{"href":"https:\/\/www.daliform.com\/pl\/wp-json\/wp\/v2\/media?parent=69640"}],"curies":[{"name":"wp","href":"https:\/\/api.w.org\/{rel}","templated":true}]}}