{"id":68997,"date":"2016-05-10T16:29:52","date_gmt":"2016-05-10T14:29:52","guid":{"rendered":"https:\/\/www.daliform.com\/?page_id=68997"},"modified":"2021-10-13T15:48:48","modified_gmt":"2021-10-13T13:48:48","slug":"siatka-ochronna-dla-istniejacych-trawnikow","status":"publish","type":"page","link":"https:\/\/www.daliform.com\/pl\/siatka-ochronna-dla-istniejacych-trawnikow\/","title":{"rendered":"Easy Park"},"content":{"rendered":"<p>[vc_row][vc_column width=&#8221;1\/4&#8243;][vc_single_image image=&#8221;63654&#8243; img_size=&#8221;large&#8221;][\/vc_column][vc_column width=&#8221;3\/4&#8243;][vc_column_text]<\/p>\n<h5><strong>Easy Park\u00ae jest niezwykle wszechstronnym modu\u0142em do uk\u0142adania na naturalnych powierzchniach, wykonanym z \u017cywicy termoplastycznej, odpornej na dzia\u0142anie promieniowania UV i przyjaznej dla \u015brodowiska.<\/strong><\/h5>\n<p><strong>To idealne rozwi\u0105zanie do tworzenia trwa\u0142ych (lub p\u00f3\u0142trwa\u0142ych) podjazd\u00f3w samochodowych, parking\u00f3w, wysepek lub chodnik\u00f3w zgodnie z r\u00f3\u017cnorodnym zapotrzebowaniem. \u00a0<\/strong><br \/>\nLekki, \u0142atwy i intuicyjny w rozk\u0142adaniu, Easy Park\u00ae jest szczeg\u00f3lnie wskazany do powierzchni z istniej\u0105cym ju\u017c trawnikiem lub na kt\u00f3rych modu\u0142y s\u0105 po prostu uk\u0142adane.[\/vc_column_text][\/vc_column][vc_column][vc_empty_space height=&#8221;15px&#8221;][vc_column_text]<\/p>\n<p style=\"text-align: justify;\">Dzi\u0119ki swojej szczeg\u00f3lnej strukturze <strong>Easy Park\u00ae<\/strong> chroni traw\u0119 w ka\u017cdych warunkach atmosferycznych przed negatywnym wp\u0142ywem przeje\u017cd\u017caj\u0105cych i parkuj\u0105cych pojazd\u00f3w jednocze\u015bnie wspomagaj\u0105c naturalny wzrost i rozw\u00f3j korzeni trawy.<br \/>\nMo\u017ce by\u0107 r\u00f3wnie\u017c stosowany na powierzchniach z piasku, ubitej ziemi, glebach o s\u0142abej no\u015bno\u015bci, itp.<br \/>\nDzi\u0119ki modu\u0142owej strukturze i prostemu w obs\u0142udze systemowi zaczep\u00f3w wtykowo-gniazdowych umo\u017cliwia pokrywania du\u017cych powierzchni w kr\u00f3tkim czasie. W razie potrzeby mo\u017cna go \u0142atwo i szybko z\u0142o\u017cy\u0107, gotowy do ponownego wykorzystania.<br \/>\nProdukt Easy Park\u00ae jest dost\u0119pny w kolorze zielonym lub ciemnoszarym.<\/p>\n<p>[\/vc_column_text][\/vc_column][\/vc_row]<\/p>\n","protected":false},"excerpt":{"rendered":"<p>Easy Park o idealne rozwi\u0105zanie do tworzenia trwa\u0142ych (lub p\u00f3\u0142trwa\u0142ych) podjazd\u00f3w samochodowych, parking\u00f3w, wysepek lub chodnik\u00f3w.<\/p>\n","protected":false},"author":1,"featured_media":63643,"parent":0,"menu_order":32,"comment_status":"closed","ping_status":"closed","template":"template-product.php","meta":[],"acf":[],"aioseo_notices":[],"_links":{"self":[{"href":"https:\/\/www.daliform.com\/pl\/wp-json\/wp\/v2\/pages\/68997"}],"collection":[{"href":"https:\/\/www.daliform.com\/pl\/wp-json\/wp\/v2\/pages"}],"about":[{"href":"https:\/\/www.daliform.com\/pl\/wp-json\/wp\/v2\/types\/page"}],"author":[{"embeddable":true,"href":"https:\/\/www.daliform.com\/pl\/wp-json\/wp\/v2\/users\/1"}],"replies":[{"embeddable":true,"href":"https:\/\/www.daliform.com\/pl\/wp-json\/wp\/v2\/comments?post=68997"}],"version-history":[{"count":0,"href":"https:\/\/www.daliform.com\/pl\/wp-json\/wp\/v2\/pages\/68997\/revisions"}],"wp:featuredmedia":[{"embeddable":true,"href":"https:\/\/www.daliform.com\/pl\/wp-json\/wp\/v2\/media\/63643"}],"wp:attachment":[{"href":"https:\/\/www.daliform.com\/pl\/wp-json\/wp\/v2\/media?parent=68997"}],"curies":[{"name":"wp","href":"https:\/\/api.w.org\/{rel}","templated":true}]}}