{"id":68244,"date":"2016-05-10T08:58:52","date_gmt":"2016-05-10T06:58:52","guid":{"rendered":"https:\/\/www.daliform.com\/?page_id=68244"},"modified":"2022-02-17T17:00:09","modified_gmt":"2022-02-17T16:00:09","slug":"siatka-do-pnaczy","status":"publish","type":"page","link":"https:\/\/www.daliform.com\/pl\/siatka-do-pnaczy\/","title":{"rendered":"V-Green\u00ae"},"content":{"rendered":"<p>[vc_row][vc_column width=&#8221;1\/4&#8243;][vc_single_image image=&#8221;64167&#8243; img_size=&#8221;large&#8221; alignment=&#8221;center&#8221;][\/vc_column][vc_column width=&#8221;3\/4&#8243;][vc_column_text]<\/p>\n<h5><strong>System V-Green\u00ae (Vertical Green) to mo\u017cliwo\u015b\u0107 wprowadzenia \u017cycia i zieleni w obr\u0119bie miejskiej szaro\u015bci.<\/strong><\/h5>\n<p>V-Green\u00ae to podpora dla pn\u0105czy pokrywaj\u0105cych \u015bciany zewn\u0119trzne budynk\u00f3w. V-Green\u00ae oferuje \u0142atwy i niedrogi spos\u00f3b realizacji prawdziwych ogrod\u00f3w wertykalnych, kt\u00f3re umo\u017cliwiaj\u0105 wywa\u017cenie, \u0142agodzenie wygl\u0105du i udoskonalenie nie tylko samego budynku, lecz r\u00f3wnie\u017c otaczaj\u0105cego go \u015brodowiska, dzi\u0119ki oczyszczaj\u0105cemu dzia\u0142aniu na skutek wch\u0142aniania dwutlenku w\u0119gla oraz drobnego kurzu, a tak\u017ce dzi\u0119ki zaletom estetycznym i psychologicznym.[\/vc_column_text][\/vc_column][\/vc_row]<\/p>\n","protected":false},"excerpt":{"rendered":"<p>V-Green\u00ae to podpora dla pn\u0105czy pokrywaj\u0105cych \u015bciany zewn\u0119trzne budynk\u00f3w. <\/p>\n","protected":false},"author":1,"featured_media":64156,"parent":0,"menu_order":34,"comment_status":"closed","ping_status":"closed","template":"template-product.php","meta":[],"acf":[],"aioseo_notices":[],"_links":{"self":[{"href":"https:\/\/www.daliform.com\/pl\/wp-json\/wp\/v2\/pages\/68244"}],"collection":[{"href":"https:\/\/www.daliform.com\/pl\/wp-json\/wp\/v2\/pages"}],"about":[{"href":"https:\/\/www.daliform.com\/pl\/wp-json\/wp\/v2\/types\/page"}],"author":[{"embeddable":true,"href":"https:\/\/www.daliform.com\/pl\/wp-json\/wp\/v2\/users\/1"}],"replies":[{"embeddable":true,"href":"https:\/\/www.daliform.com\/pl\/wp-json\/wp\/v2\/comments?post=68244"}],"version-history":[{"count":0,"href":"https:\/\/www.daliform.com\/pl\/wp-json\/wp\/v2\/pages\/68244\/revisions"}],"wp:featuredmedia":[{"embeddable":true,"href":"https:\/\/www.daliform.com\/pl\/wp-json\/wp\/v2\/media\/64156"}],"wp:attachment":[{"href":"https:\/\/www.daliform.com\/pl\/wp-json\/wp\/v2\/media?parent=68244"}],"curies":[{"name":"wp","href":"https:\/\/api.w.org\/{rel}","templated":true}]}}