{"id":67839,"date":"2016-05-13T09:04:52","date_gmt":"2016-05-13T07:04:52","guid":{"rendered":"https:\/\/www.daliform.com\/?page_id=67839"},"modified":"2021-10-11T08:47:01","modified_gmt":"2021-10-11T06:47:01","slug":"eco-kratka-do-posadzek-na-podjazdy","status":"publish","type":"page","link":"https:\/\/www.daliform.com\/pl\/eco-kratka-do-posadzek-na-podjazdy\/","title":{"rendered":"E.C.O. di Pratopratico\u00ae"},"content":{"rendered":"<p>[vc_row][vc_column width=&#8221;1\/4&#8243;][vc_single_image image=&#8221;67808&#8243; img_size=&#8221;large&#8221;][\/vc_column][vc_column width=&#8221;3\/4&#8243;][vc_column_text]<\/p>\n<h5 style=\"text-align: justify;\"><strong>E.C.O. di PRATOPRATICO\u00ae to element ozdobny umo\u017cliwiaj\u0105cy tworzenie trawiastych podjazd\u00f3w lub \u015bcie\u017cek i obszar\u00f3w uzbrojonych przy zachowaniu zag\u0119szczania gruntu i ochronie trawy przed zgnieceniem, zw\u0142aszcza w obszarach cz\u0119sto u\u017cywanych.<\/strong><\/h5>\n<p style=\"text-align: justify;\">E.C.O. di PRATOPRATICO\u00ae jest wykonany ze szczeg\u00f3lnego tworzywa sztucznego (w po\u0142owie czystego, wysoko technicznego i w po\u0142owie z odzyskanego), kt\u00f3re zapewnia doskona\u0142y stosunek jako\u015bci do ceny.<\/p>\n<p>[\/vc_column_text][\/vc_column][vc_column][vc_empty_space height=&#8221;15px&#8221;][vc_column_text]<span lang=\"pl\">Wykorzystanie materia\u0142\u00f3w pochodz\u0105cych z recyklingu, cho\u0107 stanowi godn\u0105 pochwa\u0142y inicjatyw\u0119 z ekologicznego punktu widzenia, nie zawsze jest wolne od przeciwwskaza\u0144. Recyklowany zwi\u0105zek z pewno\u015bci\u0105 korzystnie wp\u0142ywa na cen\u0119, jednak kosztem jako\u015bci i trwa\u0142o\u015bci produktu. W\u0142a\u015bnie z tego powodu E.C.O. di PRATOPRATICO\u00ae jest wykonany w 50% z pierwotnego materia\u0142u, aby korzystnie po\u0142\u0105czy\u0107 op\u0142acalno\u015b\u0107 i jako\u015b\u0107 produktu.<\/span>[\/vc_column_text][\/vc_column][\/vc_row]<\/p>\n","protected":false},"excerpt":{"rendered":"<p>E.C.O. by Pratopratico jest to system kratek z tworzywa sztucznego o strukturze modularnej do zastosowa\u0144 zewn\u0119trznych.<\/p>\n","protected":false},"author":1,"featured_media":62416,"parent":0,"menu_order":29,"comment_status":"closed","ping_status":"closed","template":"template-product.php","meta":[],"acf":[],"aioseo_notices":[],"_links":{"self":[{"href":"https:\/\/www.daliform.com\/pl\/wp-json\/wp\/v2\/pages\/67839"}],"collection":[{"href":"https:\/\/www.daliform.com\/pl\/wp-json\/wp\/v2\/pages"}],"about":[{"href":"https:\/\/www.daliform.com\/pl\/wp-json\/wp\/v2\/types\/page"}],"author":[{"embeddable":true,"href":"https:\/\/www.daliform.com\/pl\/wp-json\/wp\/v2\/users\/1"}],"replies":[{"embeddable":true,"href":"https:\/\/www.daliform.com\/pl\/wp-json\/wp\/v2\/comments?post=67839"}],"version-history":[{"count":0,"href":"https:\/\/www.daliform.com\/pl\/wp-json\/wp\/v2\/pages\/67839\/revisions"}],"wp:featuredmedia":[{"embeddable":true,"href":"https:\/\/www.daliform.com\/pl\/wp-json\/wp\/v2\/media\/62416"}],"wp:attachment":[{"href":"https:\/\/www.daliform.com\/pl\/wp-json\/wp\/v2\/media?parent=67839"}],"curies":[{"name":"wp","href":"https:\/\/api.w.org\/{rel}","templated":true}]}}