{"id":67758,"date":"2016-05-25T10:21:49","date_gmt":"2016-05-25T08:21:49","guid":{"rendered":"https:\/\/www.daliform.com\/?page_id=67758"},"modified":"2022-03-02T10:29:43","modified_gmt":"2022-03-02T09:29:43","slug":"zbiorniki-dyspersyjne","status":"publish","type":"page","link":"https:\/\/www.daliform.com\/pl\/zbiornikow-na-deszczowke-i-dyspersyjnych\/zastosowania-atlantis-tank\/zbiorniki-dyspersyjne\/","title":{"rendered":"Zbiorniki dyspersyjne"},"content":{"rendered":"<p>[vc_row padding_top=&#8221;0&#8243; padding_bottom=&#8221;0&#8243;][vc_column]\n\t<div class=\"custom-heading wpb_content_element  heading-medium\">\n\t\t<h2 class=\"heading-title\" >Gotowy zbiornik mo\u017cna obci\u0105\u017ca\u0107 bezpo\u015brednio na warstwie betonowej lub umie\u015bci\u0107 pod ziemi\u0105 w celu utworzenia na powierzchni asfaltowego parkingu lub obszaru zielonego.<\/h2>\n\t\t<span class=\"heading-line primary\"><\/span>\n\t<\/div>[\/vc_column][\/vc_row][vc_row][vc_column width=&#8221;1\/2&#8243;][vc_single_image image=&#8221;61268&#8243; img_size=&#8221;full&#8221;][\/vc_column][vc_column width=&#8221;1\/2&#8243;][vc_column_text]<\/p>\n<h5 style=\"text-align: justify;\"><strong>W przeciwie\u0144stwie do zbiornik\u00f3w gromadz\u0105cych, zbiorniki dyspersyjne nie s\u0105 w pe\u0142ni wodoszczelne, ale umo\u017cliwiaj\u0105 stopniowe uwalnianie w\u00f3d opadowych do gleby przez szczeliny w \u015bcianach lub spust w dnie.<\/strong><\/h5>\n<p style=\"text-align: justify;\">Zbiorniki dyspersyjne to spos\u00f3b na przywr\u00f3cenie r\u00f3wnowagi w\u00f3d gruntowych, kt\u00f3ra zosta\u0142a zmniejszona przez zabetonowanie, kt\u00f3re znacz\u0105co redukuje naturaln\u0105 zdolno\u015b\u0107 absorpcji wody przez grunt. Jak wcze\u015bniej pokazano, na poziomie zlewni rzeki, zbiorniki dyspersyjne mog\u0105 by\u0107 narz\u0119dziem planistycznym, tym samy ograniczaj\u0105c ryzyko hydrogeologiczne.<\/p>\n<p><strong>Na poziomie publicznym w zlewni rzeki wi\u0105\u017ce si\u0119 to z szeregiem korzy\u015bci:<\/strong><br \/>\n\u2022 zmniejszenie obci\u0105\u017cenia kanalizacji w przypadku obfitych opad\u00f3w, co skutkuje zmniejszeniem ilo\u015bci \u015bciek\u00f3w przesy\u0142anych do oczyszczalni, a ostatecznie do rzek, jezior, m\u00f3rz itd.<br \/>\n\u2022 zachowanie lokalnej r\u00f3wnowagi hydrologicznej.[\/vc_column_text][\/vc_column][vc_column][vc_column_text]<\/p>\n<div>\n<p style=\"text-align: justify;\"><strong>Gotowy zbiornik mo\u017cna obci\u0105\u017ca\u0107 bezpo\u015brednio na warstwie betonowej lub umie\u015bci\u0107 pod ziemi\u0105 w celu utworzenia na powierzchni asfaltowego parkingu lub obszaru zielonego.<\/strong><\/p>\n<p style=\"text-align: justify;\">W skali bardziej lokalnej mo\u017cna zdefiniowa\u0107 inne obszary zastosowania, takie jaksystem kanalizacji (\u015bcieki spustowe i mieszane). Jest on r\u00f3wnie\u017c obci\u0105\u017cany przez deszcz i zwykle musi by\u0107 powi\u0119kszany wraz z rozszerzaniem si\u0119 obszaru miejskiego. Wykorzystanie zbiornik\u00f3w dyspersyjnych, r\u00f3wnie\u017c zgromadzonych w r\u00f3\u017cnych miejscach, w kt\u00f3re kierowana jest woda opadowa z r\u00f3\u017cnych miejsc umo\u017cliwia zmniejszenie koszt\u00f3w w por\u00f3wnaniu z utworzeniem wielu niewielkich zbiornik\u00f3w i obni\u017cenie koszt\u00f3w odbioru w celu zwi\u0119kszenia przepustowo\u015bci systemu kanalizacji. Uwa\u017cna ekonomiczna analiza mo\u017ce doprowadzi\u0107 w\u0142adze lokalne do wprowadzenia planowania przestrzennego wymuszaj\u0105cego lokalne rozpraszanie wody opadowej, co pozwoli zachowa\u0107 bilans wodny, ograniczy\u0107 koszt zarz\u0105dzania systemem odbioru \u015bciek\u00f3w, zasilenie lokalnych w\u00f3d podziemnych, promowanie bardziej zr\u00f3wnowa\u017conego rozwoju.<\/p>\n<p><strong>Zalety na poziomie publicznym, w skali spo\u0142eczno\u015bci:<\/strong><br \/>\n\u2022 publiczne sieci odbioru nie musz\u0105 by\u0107 rozbudowywane, poniewa\u017c nadmiar wody opadowej niewch\u0142anianej do gruntu z powodu post\u0119puj\u0105cego zabetonowania na poziomie obszaru zabudowanego jest zachowywany lub rozpraszany lokalnie;<br \/>\n\u2022 ograniczenie ryzyka nasycenia systemu kanalizacji<br \/>\n\u2022 zasilenie lokalnych w\u00f3d gruntowych<\/p>\n<\/div>\n<p>[\/vc_column_text][\/vc_column][\/vc_row][vc_row][vc_column][vc_separator][vc_column_text css=&#8221;.vc_custom_1633695742607{margin-bottom: 15px !important;}&#8221;]<strong><span lang=\"pl\">REKOMENDOWANE PRODUKTY<\/span>:<\/strong>[\/vc_column_text][vc_empty_space height=&#8221;10px&#8221;][\/vc_column][vc_column][vc_masonry_grid post_type=&#8221;ids&#8221; element_width=&#8221;3&#8243; grid_id=&#8221;vc_gid:1633695663130-3da7011d-5138-7&#8243; include=&#8221;4620&#8243; el_class=&#8221;text-size-p&#8221;][\/vc_column][\/vc_row]<\/p>\n","protected":false},"excerpt":{"rendered":"<p>Zbiorniki dyspersyjne z systemem Atlantis Tank maj\u0105 zapobiega\u0107 podtopieniom powodowanym przez wyj\u0105tkowe zjawiska meteorologiczne.<\/p>\n","protected":false},"author":1,"featured_media":61258,"parent":66987,"menu_order":2,"comment_status":"closed","ping_status":"closed","template":"","meta":[],"acf":[],"aioseo_notices":[],"_links":{"self":[{"href":"https:\/\/www.daliform.com\/pl\/wp-json\/wp\/v2\/pages\/67758"}],"collection":[{"href":"https:\/\/www.daliform.com\/pl\/wp-json\/wp\/v2\/pages"}],"about":[{"href":"https:\/\/www.daliform.com\/pl\/wp-json\/wp\/v2\/types\/page"}],"author":[{"embeddable":true,"href":"https:\/\/www.daliform.com\/pl\/wp-json\/wp\/v2\/users\/1"}],"replies":[{"embeddable":true,"href":"https:\/\/www.daliform.com\/pl\/wp-json\/wp\/v2\/comments?post=67758"}],"version-history":[{"count":0,"href":"https:\/\/www.daliform.com\/pl\/wp-json\/wp\/v2\/pages\/67758\/revisions"}],"up":[{"embeddable":true,"href":"https:\/\/www.daliform.com\/pl\/wp-json\/wp\/v2\/pages\/66987"}],"wp:featuredmedia":[{"embeddable":true,"href":"https:\/\/www.daliform.com\/pl\/wp-json\/wp\/v2\/media\/61258"}],"wp:attachment":[{"href":"https:\/\/www.daliform.com\/pl\/wp-json\/wp\/v2\/media?parent=67758"}],"curies":[{"name":"wp","href":"https:\/\/api.w.org\/{rel}","templated":true}]}}