{"id":67709,"date":"2016-05-25T10:18:32","date_gmt":"2016-05-25T08:18:32","guid":{"rendered":"https:\/\/www.daliform.com\/?page_id=67709"},"modified":"2022-03-02T10:34:42","modified_gmt":"2022-03-02T09:34:42","slug":"zbiorniki-gromadzace-wode","status":"publish","type":"page","link":"https:\/\/www.daliform.com\/pl\/zbiornikow-na-deszczowke-i-dyspersyjnych\/zastosowania-atlantis-tank\/zbiorniki-gromadzace-wode\/","title":{"rendered":"Zbiorniki gromadz\u0105ce wod\u0119"},"content":{"rendered":"<p>[vc_row padding_top=&#8221;0&#8243; padding_bottom=&#8221;0&#8243;][vc_column]\n\t<div class=\"custom-heading wpb_content_element  heading-medium\">\n\t\t<h2 class=\"heading-title\" >Dzi\u0119ki modularno\u015bci, ruchomo\u015bci, \u0142atwo\u015bci instalacji oraz mo\u017cliwo\u015bci osi\u0105gni\u0119cia du\u017cej wysoko\u015bci, system Atlantis jest znakomitym narz\u0119dziem do tworzenia zbiornik\u00f3w o du\u017cej pojemno\u015bci przy zachowaniu niezwykle niskich koszt\u00f3w.<\/h2>\n\t\t<span class=\"heading-line primary\"><\/span>\n\t<\/div>[\/vc_column][\/vc_row][vc_row][vc_column width=&#8221;1\/2&#8243;][vc_single_image image=&#8221;61232&#8243; img_size=&#8221;full&#8221;][\/vc_column][vc_column width=&#8221;1\/2&#8243;][vc_column_text]<\/p>\n<p style=\"text-align: justify;\">Sferyczna struktura zapewnia wylew betonu o odpowiedniej odporno\u015bci przy zmniejszonej grubo\u015bci. Dzi\u0119ki temu na zewn\u0105trz zbiornik mo\u017ce by\u0107 u\u017cywany jako powierzchnia placu parkingowego (np. parking przed pawilonem IKEA w Amsterdamie) lub obiektami sportowymi (np. korty tenisowe, boiska pi\u0142karskie itd.).<\/p>\n<p style=\"text-align: justify;\">Ta sama regu\u0142a mo\u017ce by\u0107 te\u017c zastosowana do budownictwa mieszkaniowego \u2014 zar\u00f3wno pojedynczych, jak i \u0142\u0105czonych dom\u00f3w. Mo\u017cna utworzy\u0107 zbiorniki o odpowiedniej pojemno\u015bci, pokryte deskowania Atlantis, kt\u00f3re b\u0119d\u0105 kolejno nape\u0142niane deszcz\u00f3wk\u0105 zebran\u0105 przez system odwadniania budynku.<br \/>\nZebran\u0105 wod\u0119 mo\u017cna wykorzystywa\u0107 we wszystkich zastosowaniach, kt\u00f3re nie wymagaj\u0105 u\u017cycia wody zdatnej do picia \u2014 np. do sp\u0142ukiwania toalet, stosowania w pralkach, do podlewania ogrodu, pomp przeciwpo\u017carowych itd. Zbiornik musi by\u0107 wodoodporny i by\u0107 wyposa\u017cony w zaw\u00f3r przepe\u0142nieniowy.<\/p>\n<p>[\/vc_column_text][\/vc_column][\/vc_row][vc_row][vc_column][vc_column_text]<\/p>\n<div>\n<div>\n<div>\n<p style=\"text-align: justify;\"><strong>Konserwacja zbiornika jest mo\u017cliwa dzi\u0119ki du\u017cym obszarom wewn\u0105trz zbiornika, utworzonych przez po\u0142\u0105czenie systemu Atlantis irozwi\u0105zania Beton Up.<\/strong><br \/>\nDu\u017ca odleg\u0142o\u015b\u0107 mi\u0119dzy kolumnami mo\u017ce zosta\u0107 uzyskana dzi\u0119ki wykorzystaniu rozwi\u0105zania Atlantis 100%.<\/p>\n<p style=\"text-align: justify;\"><strong>W sektorze prywatnym 50% zu\u017cywanej wody mog\u0142oby zosta\u0107 zast\u0105pione wod\u0105 opadow\u0105:<\/strong><br \/>\n\u2022 nawadnianie (zapewnia optymalne wch\u0142anianie minera\u0142\u00f3w);<br \/>\n\u2022 w pralkach i do czyszczenia mieszka\u0144 (deszcz\u00f3wka nie powoduje powstawania kamienia);<br \/>\n\u2022 sp\u0142ukiwanie toalety;<br \/>\n\u2022 mycie samochodu<br \/>\na koszt jej zu\u017cycia jest zerowy.<br \/>\nWod\u0119 opadow\u0105 mo\u017cna te\u017c wykorzystywa\u0107 w sektorze przemys\u0142owym (fabrykach, biurach) w ch\u0142odzeniu, myciu, zraszaniu i innych procesach niezwi\u0105zanych z \u017cywno\u015bci\u0105, a tak\u017ce w systemach przeciwpo\u017carowych korzystaj\u0105cych ze zbiornik\u00f3w p-po\u017c.<\/p>\n<\/div>\n<\/div>\n<\/div>\n<p>[\/vc_column_text][\/vc_column][\/vc_row][vc_row][vc_column][vc_separator][vc_column_text css=&#8221;.vc_custom_1633694042144{margin-bottom: 15px !important;}&#8221;]<strong><span lang=\"pl\">REKOMENDOWANE PRODUKTY<\/span>:<\/strong>[\/vc_column_text][vc_empty_space height=&#8221;10px&#8221;][\/vc_column][vc_column][vc_masonry_grid post_type=&#8221;ids&#8221; element_width=&#8221;3&#8243; grid_id=&#8221;vc_gid:1633693991892-aa215f65-b6f6-1&#8243; include=&#8221;4620&#8243; el_class=&#8221;text-size-p&#8221;][\/vc_column][\/vc_row]<\/p>\n","protected":false},"excerpt":{"rendered":"<p>System Atlantis Tank jest znakomitym narz\u0119dziem do tworzenia zbiornik\u00f3w o du\u017cej pojemno\u015bci przy zachowaniu niezwykle niskich koszt\u00f3w. <\/p>\n","protected":false},"author":1,"featured_media":61106,"parent":66987,"menu_order":1,"comment_status":"closed","ping_status":"closed","template":"","meta":[],"acf":[],"aioseo_notices":[],"_links":{"self":[{"href":"https:\/\/www.daliform.com\/pl\/wp-json\/wp\/v2\/pages\/67709"}],"collection":[{"href":"https:\/\/www.daliform.com\/pl\/wp-json\/wp\/v2\/pages"}],"about":[{"href":"https:\/\/www.daliform.com\/pl\/wp-json\/wp\/v2\/types\/page"}],"author":[{"embeddable":true,"href":"https:\/\/www.daliform.com\/pl\/wp-json\/wp\/v2\/users\/1"}],"replies":[{"embeddable":true,"href":"https:\/\/www.daliform.com\/pl\/wp-json\/wp\/v2\/comments?post=67709"}],"version-history":[{"count":0,"href":"https:\/\/www.daliform.com\/pl\/wp-json\/wp\/v2\/pages\/67709\/revisions"}],"up":[{"embeddable":true,"href":"https:\/\/www.daliform.com\/pl\/wp-json\/wp\/v2\/pages\/66987"}],"wp:featuredmedia":[{"embeddable":true,"href":"https:\/\/www.daliform.com\/pl\/wp-json\/wp\/v2\/media\/61106"}],"wp:attachment":[{"href":"https:\/\/www.daliform.com\/pl\/wp-json\/wp\/v2\/media?parent=67709"}],"curies":[{"name":"wp","href":"https:\/\/api.w.org\/{rel}","templated":true}]}}