{"id":67665,"date":"2016-05-25T10:13:36","date_gmt":"2016-05-25T08:13:36","guid":{"rendered":"https:\/\/www.daliform.com\/?page_id=67665"},"modified":"2022-03-02T10:32:33","modified_gmt":"2022-03-02T09:32:33","slug":"renowacji-basenow","status":"publish","type":"page","link":"https:\/\/www.daliform.com\/pl\/zbiornikow-na-deszczowke-i-dyspersyjnych\/zastosowania-atlantis-tank\/renowacji-basenow\/","title":{"rendered":"Renowacji  basen\u00f3w"},"content":{"rendered":"<p>[vc_row padding_top=&#8221;0&#8243; padding_bottom=&#8221;0&#8243;][vc_column]\n\t<div class=\"custom-heading wpb_content_element  heading-medium\">\n\t\t<h2 class=\"heading-title\" >Atlantis to idealne rozwi\u0105zanie przy budowie i renowacji publicznych i prywatnych basen\u00f3w, park\u00f3w wodnych i obiekt\u00f3w spa.<\/h2>\n\t\t<span class=\"heading-line primary\"><\/span>\n\t<\/div>[\/vc_column][\/vc_row][vc_row][vc_column width=&#8221;1\/2&#8243;][vc_masonry_media_grid element_width=&#8221;6&#8243; grid_id=&#8221;vc_gid:1633688447513-0dc10782-941c-0&#8243; include=&#8221;38269,61195,61205,61215&#8243;][\/vc_column][vc_column width=&#8221;1\/2&#8243;][vc_column_text]<\/p>\n<p style=\"text-align: justify;\">Je\u015bli zajdzie potrzeba renowacji basenu (tak\u017ce utworzenia zupe\u0142nie nowego basenu w ramach obiektu ju\u017c istniej\u0105cego) ze wzgl\u0119d\u00f3w estetycznych, funkcjonalnych, oraz ze wzgl\u0119d\u00f3w bezpiecze\u0144stwa,<\/p>\n<h5 style=\"text-align: justify;\"><strong>system Atlantis \u015bwietnie spe\u0142ni swoj\u0105 rol\u0119 przy obni\u017caniu g\u0142\u0119boko\u015bci dna, poziomu, lub tworzeniu pochy\u0142ych powierzchni, poziomowaniu oraz tworzeniu wielopoziomowych struktur (struktury terasowe).<\/strong><\/h5>\n<p>Dzi\u0119ki zastosowaniu dostarczonych w komplecie rur elewacyjnych mo\u017cna wykona\u0107 pochy\u0142e powierzchnie o r\u00f3\u017cnorodnym stopniu nachylenia maksymalnie do wysoko\u015bci 300 cm.<br \/>\nMo\u017cliwo\u015b\u0107 dostosowania wysoko\u015bci rury elewacyjnej co do centymetra r\u00f3wnie\u017c powoduje u\u0142atwienie pracy, poczynaj\u0105c od podparcia powierzchni o r\u00f3\u017cnym nachyleniu, co prowadzi do znacznej oszcz\u0119dno\u015bci czasu i pieni\u0119dzy.[\/vc_column_text][\/vc_column][\/vc_row][vc_row][vc_column][vc_separator][vc_column_text css=&#8221;.vc_custom_1633688482510{margin-bottom: 15px !important;}&#8221;]<strong><span lang=\"pl\">REKOMENDOWANE PRODUKTY<\/span>:<\/strong>[\/vc_column_text][vc_empty_space height=&#8221;10px&#8221;][\/vc_column][vc_column][vc_masonry_grid post_type=&#8221;ids&#8221; element_width=&#8221;3&#8243; grid_id=&#8221;vc_gid:1633688447513-3e33c07c-213f-10&#8243; include=&#8221;4620&#8243; el_class=&#8221;text-size-p&#8221;][\/vc_column][\/vc_row]<\/p>\n","protected":false},"excerpt":{"rendered":"<p>Atlantis to idealne rozwi\u0105zanie przy  budowie i renowacji publicznych i prywatnych basen\u00f3w, park\u00f3w wodnych i obiekt\u00f3w spa.<\/p>\n","protected":false},"author":1,"featured_media":61185,"parent":66987,"menu_order":0,"comment_status":"closed","ping_status":"closed","template":"","meta":[],"acf":[],"aioseo_notices":[],"_links":{"self":[{"href":"https:\/\/www.daliform.com\/pl\/wp-json\/wp\/v2\/pages\/67665"}],"collection":[{"href":"https:\/\/www.daliform.com\/pl\/wp-json\/wp\/v2\/pages"}],"about":[{"href":"https:\/\/www.daliform.com\/pl\/wp-json\/wp\/v2\/types\/page"}],"author":[{"embeddable":true,"href":"https:\/\/www.daliform.com\/pl\/wp-json\/wp\/v2\/users\/1"}],"replies":[{"embeddable":true,"href":"https:\/\/www.daliform.com\/pl\/wp-json\/wp\/v2\/comments?post=67665"}],"version-history":[{"count":0,"href":"https:\/\/www.daliform.com\/pl\/wp-json\/wp\/v2\/pages\/67665\/revisions"}],"up":[{"embeddable":true,"href":"https:\/\/www.daliform.com\/pl\/wp-json\/wp\/v2\/pages\/66987"}],"wp:featuredmedia":[{"embeddable":true,"href":"https:\/\/www.daliform.com\/pl\/wp-json\/wp\/v2\/media\/61185"}],"wp:attachment":[{"href":"https:\/\/www.daliform.com\/pl\/wp-json\/wp\/v2\/media?parent=67665"}],"curies":[{"name":"wp","href":"https:\/\/api.w.org\/{rel}","templated":true}]}}