{"id":66655,"date":"2016-05-19T16:01:52","date_gmt":"2016-05-19T14:01:52","guid":{"rendered":"https:\/\/www.daliform.com\/?page_id=66655"},"modified":"2021-12-13T17:29:53","modified_gmt":"2021-12-13T16:29:53","slug":"zbiornikow-na-deszczowke-i-dyspersyjnych","status":"publish","type":"page","link":"https:\/\/www.daliform.com\/pl\/zbiornikow-na-deszczowke-i-dyspersyjnych\/","title":{"rendered":"Atlantis Tank"},"content":{"rendered":"<p>[vc_row][vc_column width=&#8221;1\/4&#8243;][vc_single_image image=&#8221;66658&#8243; img_size=&#8221;large&#8221;][\/vc_column][vc_column width=&#8221;3\/4&#8243;][vc_column_text]<\/p>\n<h5 style=\"text-align: justify;\"><strong>Atlantis Tank to opatentowany system tworzenia zbiornik\u00f3w wylewanych w miejscu rob\u00f3t s\u0142u\u017c\u0105cych do gromadzenia wody lub rozpraszania jej du\u017cych ilo\u015bci na niewielkim obszarze.<\/strong><\/h5>\n<p style=\"text-align: justify;\">Konstrukcja \u017celbetowa osi\u0105galna dzi\u0119ki zastosowaniu systemu Atlantis Tank sk\u0142ada si\u0119 z p\u0142yty, \u015bcian obwodowych i p\u0142yty podtrzymywanej przez niewielkie filary. Struktura uformowana w ten spos\u00f3b gwarantuje wysok\u0105 odporno\u015b\u0107 na przeci\u0105\u017cenia zar\u00f3wno sta\u0142e, jak i przypadkowe.<\/p>\n<p>[\/vc_column_text][vc_column_text]Zbiornik utworzony z u\u017cyciem systemu Atlantis Tank mo\u017ce by\u0107 umieszczony pod ziemi\u0105 w celu utworzenia na nim terenu zielonego. Mo\u017ce te\u017c by\u0107 bezpo\u015brednio obci\u0105\u017cany na potrzeby przejazdu nawet ci\u0119\u017ckich pojazd\u00f3w.<br \/>\nG\u0142\u00f3wne w\u0142a\u015bciwo\u015bci systemu Atlantis to szybko\u015b\u0107, prostota i niski koszt.[\/vc_column_text][\/vc_column][\/vc_row]<\/p>\n","protected":false},"excerpt":{"rendered":"<p>Atlantis Tank to idealne rozwi\u0105zanie do tworzenia zbiornik\u00f3w na potrzeby gromadzenia lub dyspersji wody przy renowacji basen\u00f3w p\u0142ywackich.<\/p>\n","protected":false},"author":1,"featured_media":61106,"parent":0,"menu_order":27,"comment_status":"closed","ping_status":"closed","template":"template-product.php","meta":[],"acf":[],"aioseo_notices":[],"_links":{"self":[{"href":"https:\/\/www.daliform.com\/pl\/wp-json\/wp\/v2\/pages\/66655"}],"collection":[{"href":"https:\/\/www.daliform.com\/pl\/wp-json\/wp\/v2\/pages"}],"about":[{"href":"https:\/\/www.daliform.com\/pl\/wp-json\/wp\/v2\/types\/page"}],"author":[{"embeddable":true,"href":"https:\/\/www.daliform.com\/pl\/wp-json\/wp\/v2\/users\/1"}],"replies":[{"embeddable":true,"href":"https:\/\/www.daliform.com\/pl\/wp-json\/wp\/v2\/comments?post=66655"}],"version-history":[{"count":0,"href":"https:\/\/www.daliform.com\/pl\/wp-json\/wp\/v2\/pages\/66655\/revisions"}],"wp:featuredmedia":[{"embeddable":true,"href":"https:\/\/www.daliform.com\/pl\/wp-json\/wp\/v2\/media\/61106"}],"wp:attachment":[{"href":"https:\/\/www.daliform.com\/pl\/wp-json\/wp\/v2\/media?parent=66655"}],"curies":[{"name":"wp","href":"https:\/\/api.w.org\/{rel}","templated":true}]}}