{"id":66471,"date":"2016-05-14T09:38:52","date_gmt":"2016-05-14T07:38:52","guid":{"rendered":"https:\/\/www.daliform.com\/?page_id=66471"},"modified":"2021-10-07T08:39:45","modified_gmt":"2021-10-07T06:39:45","slug":"pratopratico-kratka-do-posadzek-na-podjazdy","status":"publish","type":"page","link":"https:\/\/www.daliform.com\/pl\/pratopratico-kratka-do-posadzek-na-podjazdy\/","title":{"rendered":"Pratopratico\u00ae"},"content":{"rendered":"<p>[vc_row][vc_column width=&#8221;1\/4&#8243;][vc_single_image image=&#8221;66522&#8243; img_size=&#8221;large&#8221;][\/vc_column][vc_column width=&#8221;3\/4&#8243;][vc_column_text]<\/p>\n<h5 style=\"text-align: justify;\"><strong>System Pratopratico\u00ae stanowi innowacyjne rozwi\u0105zanie s\u0142u\u017c\u0105ce do wykonywania utwardzanego trawnika w celu zabezpiecza go przed uszkodzeniami spowodowanymi przez ruch i parkowanie pojazd\u00f3w, w\u0142\u0105czaj\u0105c w to pojazdy ci\u0119\u017ckie, w ka\u017cdych warunkach atmosferycznych.<\/strong><\/h5>\n<p style=\"text-align: justify;\">Celem zastosowania systemu Pratopratico\u00ae jest wyposa\u017cenie naturalnego pod\u0142o\u017ca poprzez wykorzystanie modularnej posadzki sk\u0142adaj\u0105cej si\u0119 z kratek o solidnej strukturze kom\u00f3rkowej, w kt\u00f3rej dar\u0144 pozostaje kilka milimetr\u00f3w poni\u017cej g\u00f3rnej granicy \u015bcianek posadzki. Modu\u0142y s\u0105 odporne na zgniecenie oraz nadmierny nacisk.<\/p>\n<p>[\/vc_column_text][\/vc_column][vc_column][vc_empty_space height=&#8221;15px&#8221;][vc_column_text]Kratki wykonane s\u0105 z wysokiej jako\u015bci tworzywa sztucznego o bardzo dobrych parametrach technicznych i mechanicznych, nietoksycznego oraz odpornego na wp\u0142yw czynnik\u00f3w atmosferycznych oraz \u015brodk\u00f3w chemicznych. Posadzki Pratopratico\u00ae stanowi\u0105 ekonomiczne rozwi\u0105zanie i mo\u017cna je bardzo szybko wykona\u0107 poprzez po\u0142\u0105czenie r\u00f3\u017cnorodnych kratek przy wykorzystaniu systemu zatrzask\u00f3w typu &#8222;m\u0119ski-\u017ce\u0144ski&#8221;. Estetyka, funkcjonalno\u015b\u0107 i walory ekologiczne to tylko niekt\u00f3re zalety systemu innowacyjnych posadzek. Na powierzchni trawnika odbywa si\u0119 filtracja wody glebowej w spos\u00f3b naturalny przy uwzgl\u0119dnieniu r\u00f3wnowagi hydrologicznej terenu. Ponadto w okresie letnim nie zachodz\u0105 niepo\u017c\u0105dane zjawiska termiczne zwi\u0105zane z przegrzaniem si\u0119 powierzchni o naturalnym wyko\u0144czeniu.[\/vc_column_text][\/vc_column][\/vc_row]<\/p>\n","protected":false},"excerpt":{"rendered":"<p>Pratopratico\u00ae s\u0142u\u017c\u0105ce do wykonywania utwardzonego trawnika w celu zabezpiecza go przed uszkodzeniami spowodowanymi przez ruch i parkowanie pojazd\u00f3w.<\/p>\n","protected":false},"author":1,"featured_media":61399,"parent":0,"menu_order":28,"comment_status":"closed","ping_status":"closed","template":"template-product.php","meta":[],"acf":[],"aioseo_notices":[],"_links":{"self":[{"href":"https:\/\/www.daliform.com\/pl\/wp-json\/wp\/v2\/pages\/66471"}],"collection":[{"href":"https:\/\/www.daliform.com\/pl\/wp-json\/wp\/v2\/pages"}],"about":[{"href":"https:\/\/www.daliform.com\/pl\/wp-json\/wp\/v2\/types\/page"}],"author":[{"embeddable":true,"href":"https:\/\/www.daliform.com\/pl\/wp-json\/wp\/v2\/users\/1"}],"replies":[{"embeddable":true,"href":"https:\/\/www.daliform.com\/pl\/wp-json\/wp\/v2\/comments?post=66471"}],"version-history":[{"count":0,"href":"https:\/\/www.daliform.com\/pl\/wp-json\/wp\/v2\/pages\/66471\/revisions"}],"wp:featuredmedia":[{"embeddable":true,"href":"https:\/\/www.daliform.com\/pl\/wp-json\/wp\/v2\/media\/61399"}],"wp:attachment":[{"href":"https:\/\/www.daliform.com\/pl\/wp-json\/wp\/v2\/media?parent=66471"}],"curies":[{"name":"wp","href":"https:\/\/api.w.org\/{rel}","templated":true}]}}