{"id":66081,"date":"2016-05-04T15:58:43","date_gmt":"2016-05-04T13:58:43","guid":{"rendered":"https:\/\/www.daliform.com\/?page_id=66081"},"modified":"2022-03-02T10:50:17","modified_gmt":"2022-03-02T09:50:17","slug":"sklad-zywnosci","status":"publish","type":"page","link":"https:\/\/www.daliform.com\/pl\/kompostowanie-i-biofiltracja-systemy\/eolo-zastosowania\/sklad-zywnosci\/","title":{"rendered":"Sk\u0142ad \u017cywno\u015bci"},"content":{"rendered":"<p>[vc_row padding_top=&#8221;0&#8243; padding_bottom=&#8221;0&#8243;][vc_column]\n\t<div class=\"custom-heading wpb_content_element  heading-medium\">\n\t\t<h2 class=\"heading-title\" >Wentylacja magazyn\u00f3w jest konieczna, aby nie tworzy\u0107 kieszeni wilgoci, kt\u00f3rych koncentracja prowadzi do rozwoju zarodnik\u00f3w ple\u015bni i bakterii.<\/h2>\n\t\t<span class=\"heading-line primary\"><\/span>\n\t<\/div>[\/vc_column][\/vc_row][vc_row][vc_column width=&#8221;1\/2&#8243;][vc_single_image image=&#8221;61012&#8243; img_size=&#8221;full&#8221; alignment=&#8221;center&#8221;][\/vc_column][vc_column width=&#8221;1\/2&#8243;][vc_single_image image=&#8221;61022&#8243; img_size=&#8221;full&#8221; alignment=&#8221;center&#8221;][\/vc_column][vc_column][vc_empty_space height=&#8221;20px&#8221;][vc_column_text]<\/p>\n<p style=\"text-align: justify;\">Od staro\u017cytnych czas\u00f3w wiadomo, \u017ce napowietrzanie miejsca sk\u0142adowania jest niezb\u0119dne do unikni\u0119cia zawilgocenia prowadz\u0105cego do rozwoju ple\u015bni i bakterii niszcz\u0105cych sk\u0142adowane towary (David Macaulay \u201ela citt\u00e0 Romana\u201d).<br \/>\nWiadomo te\u017c, \u017ce powietrze nie porusza si\u0119 w poziomie w przypadku nieobecno\u015bci odpowiedniej temperatury i ci\u015bnienia. Dlatego w budynkach tworzono kana\u0142y powietrzne.<\/p>\n<p>Firma Daliform Group <strong>w celu u\u0142atwienia ruchu powietrza w kana\u0142ach powietrznych opracowa\u0142a Eolo \u2014 symetryczny system napowietrzania.<\/strong><br \/>\nR\u00f3\u017cne punkty czerpania powietrza do komory, w kt\u00f3rej na r\u00f3\u017cnych wysoko\u015bciach panuj\u0105 r\u00f3\u017cne warunki temperaturowe i g\u0119sto\u015bci, umo\u017cliwiaj\u0105 nieznaczne czerpanie powietrza naturalnego oraz jego obieg, tym samym u\u0142atwiaj\u0105c pionow\u0105 cyrkulacj\u0119 powietrza.<br \/>\nJeszcze bardziej asymetryczny wp\u0142yw na skutek g\u0119sto\u015bci i temperatury powietrza wewn\u0105trz sk\u0142adowanych produkt\u00f3w \u017cywno\u015bciowych, sprzyja wy\u017cej opisanym ruchom, tym samym zwi\u0119kszaj\u0105c mo\u017cliwo\u015b\u0107 przechowywania produkt\u00f3w.<br \/>\nOpr\u00f3cz tego na asymetrycznych sto\u017ckach znajduj\u0105 si\u0119 r\u00f3\u017cne otwory, kt\u00f3re mog\u0105 zawiera\u0107 spawan\u0105 siatk\u0119. Mo\u017cna je zamontowa\u0107 w g\u00f3rnej cz\u0119\u015bci na etapie utwardzania, co przyspiesza twardnienie betonu na pod\u0142o\u017cu, na kt\u00f3rym b\u0119dzie przechowywana \u017cywno\u015b\u0107.[\/vc_column_text][\/vc_column][\/vc_row][vc_row][vc_column][vc_separator][vc_column_text css=&#8221;.vc_custom_1633423788920{margin-bottom: 15px !important;}&#8221;]<strong>REKOMENDOWANE PRODUKTY:<\/strong>[\/vc_column_text][vc_empty_space height=&#8221;10px&#8221;][\/vc_column][vc_column][vc_masonry_grid post_type=&#8221;ids&#8221; element_width=&#8221;3&#8243; grid_id=&#8221;vc_gid:1633423743738-853dbaf6-678f-6&#8243; include=&#8221;3291&#8243; el_class=&#8221;text-size-p&#8221;][\/vc_column][\/vc_row]<\/p>\n","protected":false},"excerpt":{"rendered":"<p>Od staro\u017cytnych czas\u00f3w wiadomo, \u017ce napowietrzanie miejsca sk\u0142adowania jest niezb\u0119dne do unikni\u0119cia zawilgocenia prowadz\u0105cego do rozwoju ple\u015bni.<\/p>\n","protected":false},"author":1,"featured_media":61002,"parent":65435,"menu_order":2,"comment_status":"closed","ping_status":"closed","template":"","meta":[],"acf":[],"aioseo_notices":[],"_links":{"self":[{"href":"https:\/\/www.daliform.com\/pl\/wp-json\/wp\/v2\/pages\/66081"}],"collection":[{"href":"https:\/\/www.daliform.com\/pl\/wp-json\/wp\/v2\/pages"}],"about":[{"href":"https:\/\/www.daliform.com\/pl\/wp-json\/wp\/v2\/types\/page"}],"author":[{"embeddable":true,"href":"https:\/\/www.daliform.com\/pl\/wp-json\/wp\/v2\/users\/1"}],"replies":[{"embeddable":true,"href":"https:\/\/www.daliform.com\/pl\/wp-json\/wp\/v2\/comments?post=66081"}],"version-history":[{"count":0,"href":"https:\/\/www.daliform.com\/pl\/wp-json\/wp\/v2\/pages\/66081\/revisions"}],"up":[{"embeddable":true,"href":"https:\/\/www.daliform.com\/pl\/wp-json\/wp\/v2\/pages\/65435"}],"wp:featuredmedia":[{"embeddable":true,"href":"https:\/\/www.daliform.com\/pl\/wp-json\/wp\/v2\/media\/61002"}],"wp:attachment":[{"href":"https:\/\/www.daliform.com\/pl\/wp-json\/wp\/v2\/media?parent=66081"}],"curies":[{"name":"wp","href":"https:\/\/api.w.org\/{rel}","templated":true}]}}