{"id":65562,"date":"2016-05-04T15:25:03","date_gmt":"2016-05-04T13:25:03","guid":{"rendered":"https:\/\/www.daliform.com\/?page_id=65562"},"modified":"2021-10-04T17:40:19","modified_gmt":"2021-10-04T15:40:19","slug":"kompostowanie-eolo","status":"publish","type":"page","link":"https:\/\/www.daliform.com\/pl\/kompostowanie-i-biofiltracja-systemy\/eolo-zastosowania\/kompostowanie-eolo\/","title":{"rendered":"Kompostowanie"},"content":{"rendered":"<p>[vc_row padding_top=&#8221;0&#8243; padding_bottom=&#8221;0&#8243;][vc_column]\n\t<div class=\"custom-heading wpb_content_element  heading-medium\">\n\t\t<h2 class=\"heading-title\" >Biostabilizacja (i kompostowanie) to operacja przetwarzania odpad\u00f3w, w kt\u00f3rej usuwane s\u0105 niepo\u017c\u0105dane frakcje, co czyni je mniej niebezpiecznymi dla \u015brodowiska.<\/h2>\n\t\t<span class=\"heading-line primary\"><\/span>\n\t<\/div>[\/vc_column][\/vc_row][vc_row][vc_column][vc_single_image image=&#8221;65582&#8243; img_size=&#8221;full&#8221; alignment=&#8221;center&#8221;][vc_column_text]<\/p>\n<p style=\"text-align: justify;\">Kompostowanie to technika steruj\u0105ca, przyspieszaj\u0105ca i poprawiaj\u0105ca naturalne przetwarzanie substancji organicznych realizowane przez mikroorganizmy naturalnie obecne w \u015brodowisku. Dzi\u0119ki wysokiemu st\u0119\u017ceniu humusu, mikroelement\u00f3w oraz aktywnych mikroorganizm\u00f3w, kompost jest produktem odpowiednim do r\u00f3\u017cnorodnych zastosowa\u0144 rolniczych \u2014 od ogrodnictwa, po upraw\u0119 na skal\u0119 przemys\u0142ow\u0105.<\/p>\n<p>Kompostowanie sk\u0142ada si\u0119 z dw\u00f3ch podstawowych etap\u00f3w:<br \/>\n\u2022<strong> Utlenianie biologiczne powoduj\u0105ce higienizacj\u0119 wsadu<\/strong>. Jest to etap aktywny (nazywany te\u017c okresem wysokiej cz\u0119stotliwo\u015bci). Charakteryzuj\u0105 go i ntensywne procesy rozk\u0142adu \u0142atwo degradowalnych sk\u0142adnik\u00f3w organicznych.<br \/>\n<strong>Eolo umo\u017cliwia jednorodny przep\u0142yw powietrza w ca\u0142ej fermentuj\u0105cej biomasie, co prowadzi do skr\u00f3cenia czasu procesu i zapewnia optymalny poziom stabilizacji.<\/strong><\/p>\n<p>\u2022 <strong>Dojrzewanie<\/strong>, podczas kt\u00f3rej kompost stabilizuje si\u0119 i nasyca si\u0119 zwi\u0105zkami pr\u00f3chniczymi. Jest to etap stabilizacji, charakteryzuj\u0105cy si\u0119 procesami przekszta\u0142cania materii organicznej w zwi\u0105zki humusowe.<br \/>\n<strong>Wykorzystanie systemu Eolo jest niezb\u0119dne do uzyskania perforowanego pod\u0142o\u017ca umo\u017cliwiaj\u0105cego wt\u0142aczanie powietrza, co zwi\u0119ksza wydajno\u015b\u0107 procesu.<\/strong>[\/vc_column_text][\/vc_column][\/vc_row][vc_row][vc_column][vc_separator][vc_column_text css=&#8221;.vc_custom_1633362006249{margin-bottom: 15px !important;}&#8221;]<strong>REKOMENDOWANE PRODUKTY:<\/strong>[\/vc_column_text][vc_empty_space height=&#8221;10px&#8221;][\/vc_column][vc_column][vc_masonry_grid post_type=&#8221;ids&#8221; element_width=&#8221;3&#8243; grid_id=&#8221;vc_gid:1633361939128-b3e6c200-4499-7&#8243; include=&#8221;3291&#8243; el_class=&#8221;text-size-p&#8221;][\/vc_column][\/vc_row]<\/p>\n","protected":false},"excerpt":{"rendered":"<p>Kompostowanie to technika steruj\u0105ca, przyspieszaj\u0105ca i poprawiaj\u0105ca naturalne przetwarzanie substancji organicznych realizowane przez mikroorganizmy.<\/p>\n","protected":false},"author":1,"featured_media":60892,"parent":65435,"menu_order":0,"comment_status":"closed","ping_status":"closed","template":"","meta":[],"acf":[],"aioseo_notices":[],"_links":{"self":[{"href":"https:\/\/www.daliform.com\/pl\/wp-json\/wp\/v2\/pages\/65562"}],"collection":[{"href":"https:\/\/www.daliform.com\/pl\/wp-json\/wp\/v2\/pages"}],"about":[{"href":"https:\/\/www.daliform.com\/pl\/wp-json\/wp\/v2\/types\/page"}],"author":[{"embeddable":true,"href":"https:\/\/www.daliform.com\/pl\/wp-json\/wp\/v2\/users\/1"}],"replies":[{"embeddable":true,"href":"https:\/\/www.daliform.com\/pl\/wp-json\/wp\/v2\/comments?post=65562"}],"version-history":[{"count":0,"href":"https:\/\/www.daliform.com\/pl\/wp-json\/wp\/v2\/pages\/65562\/revisions"}],"up":[{"embeddable":true,"href":"https:\/\/www.daliform.com\/pl\/wp-json\/wp\/v2\/pages\/65435"}],"wp:featuredmedia":[{"embeddable":true,"href":"https:\/\/www.daliform.com\/pl\/wp-json\/wp\/v2\/media\/60892"}],"wp:attachment":[{"href":"https:\/\/www.daliform.com\/pl\/wp-json\/wp\/v2\/media?parent=65562"}],"curies":[{"name":"wp","href":"https:\/\/api.w.org\/{rel}","templated":true}]}}