{"id":65012,"date":"2016-05-04T08:57:52","date_gmt":"2016-05-04T06:57:52","guid":{"rendered":"https:\/\/www.daliform.com\/?page_id=65012"},"modified":"2021-10-04T14:28:55","modified_gmt":"2021-10-04T12:28:55","slug":"kompostowanie-i-biofiltracja-systemy","status":"publish","type":"page","link":"https:\/\/www.daliform.com\/pl\/kompostowanie-i-biofiltracja-systemy\/","title":{"rendered":"Eolo"},"content":{"rendered":"<p>[vc_row][vc_column width=&#8221;1\/4&#8243;][vc_single_image image=&#8221;60804&#8243; img_size=&#8221;large&#8221;][\/vc_column][vc_column width=&#8221;3\/4&#8243;][vc_column_text]<\/p>\n<h5 class=\"p1\" style=\"text-align: justify;\"><strong><span class=\"s1\">Eolo <\/span>to skuteczne<\/strong>, wydajne i niedrogie rozwi\u0105zanie przy realizacji perforowanych pod\u0142o\u017cy w betonie zbrojonym. Cechuje si\u0119 du\u017c\u0105 no\u015bno\u015bci\u0105 i mog\u0105 po nim porusza\u0107 si\u0119 ci\u0119\u017ckie pojazdy.<\/h5>\n<p class=\"p1\" style=\"text-align: justify;\">Dzi\u0119ki pionowym asymetrycznym dyszom perforowanym osiowo deskowanie mo\u017ce by\u0107 wygodnie u\u017cywane do dystrybucji powietrza w systemach kompostowania, stabilizacji odpad\u00f3w, odwaniania oraz do napowietrzania pomieszcze\u0144 w sk\u0142adach \u017cywno\u015bci.<\/p>\n<p>[\/vc_column_text][\/vc_column][vc_column][vc_empty_space height=&#8221;15px&#8221;][vc_column_text]<\/p>\n<p class=\"p2\" style=\"text-align: justify;\">Od staro\u017cytnych czas\u00f3w wiadomo, \u017ce napowietrzanie miejsca sk\u0142adowania jest niezb\u0119dne do unikni\u0119cia zawilgocenia prowadz\u0105cego do rozwoju ple\u015bni i bakterii niszcz\u0105cych sk\u0142adowane towary<em> (David Macaulay \u201ela citt\u00e0 Romana\u201d)<\/em>.<\/p>\n<p class=\"p1\" style=\"text-align: justify;\">Rozwi\u0105zania Eolo s\u0105 tworzonez odzyskanych tworzyw sztucznych i spe\u0142nia normy ochrony \u015brodowiska. Zawiera specjalne, wysokie dysze umo\u017cliwiaj\u0105ce utworzenie perforowanej p\u0142yty o wysoko\u015bci 6 cm.<\/p>\n<p class=\"p1\" style=\"text-align: justify;\">Powietrze jest dystrybuowane przez elementy <span class=\"s1\">Eolo <\/span>jednorodnie do kana\u0142u powietrznego, a nast\u0119pnie wydmuchiwane do \u015brodowiska znajduj\u0105cego si\u0119 wy\u017cej.<\/p>\n<p>[\/vc_column_text][\/vc_column][\/vc_row]<\/p>\n","protected":false},"excerpt":{"rendered":"<p>Dystrybucji powietrza w systemach kompostowania, stabilizacji odpad\u00f3w, odwaniania oraz do napowietrzania pomieszcze\u0144 w sk\u0142adach \u017cywno\u015bci.<\/p>\n","protected":false},"author":1,"featured_media":60794,"parent":0,"menu_order":26,"comment_status":"closed","ping_status":"closed","template":"template-product.php","meta":[],"acf":[],"aioseo_notices":[],"_links":{"self":[{"href":"https:\/\/www.daliform.com\/pl\/wp-json\/wp\/v2\/pages\/65012"}],"collection":[{"href":"https:\/\/www.daliform.com\/pl\/wp-json\/wp\/v2\/pages"}],"about":[{"href":"https:\/\/www.daliform.com\/pl\/wp-json\/wp\/v2\/types\/page"}],"author":[{"embeddable":true,"href":"https:\/\/www.daliform.com\/pl\/wp-json\/wp\/v2\/users\/1"}],"replies":[{"embeddable":true,"href":"https:\/\/www.daliform.com\/pl\/wp-json\/wp\/v2\/comments?post=65012"}],"version-history":[{"count":0,"href":"https:\/\/www.daliform.com\/pl\/wp-json\/wp\/v2\/pages\/65012\/revisions"}],"wp:featuredmedia":[{"embeddable":true,"href":"https:\/\/www.daliform.com\/pl\/wp-json\/wp\/v2\/media\/60794"}],"wp:attachment":[{"href":"https:\/\/www.daliform.com\/pl\/wp-json\/wp\/v2\/media?parent=65012"}],"curies":[{"name":"wp","href":"https:\/\/api.w.org\/{rel}","templated":true}]}}