{"id":64932,"date":"2016-05-17T17:12:52","date_gmt":"2016-05-17T15:12:52","guid":{"rendered":"https:\/\/www.daliform.com\/?page_id=64932"},"modified":"2022-02-15T14:05:11","modified_gmt":"2022-02-15T13:05:11","slug":"powloka-dla-izolacji-akustycznej","status":"publish","type":"page","link":"https:\/\/www.daliform.com\/pl\/powloka-dla-izolacji-akustycznej\/","title":{"rendered":"U-Boot\u00ae Silence"},"content":{"rendered":"<p>[vc_row][vc_column width=&#8221;1\/3&#8243;][vc_single_image image=&#8221;60647&#8243; img_size=&#8221;large&#8221; alignment=&#8221;center&#8221;][\/vc_column][vc_column width=&#8221;2\/3&#8243;][vc_column_text]<\/p>\n<h5 class=\"p1\">U-Boot\u00ae Silence to pow\u0142oka izolacji akustycznej specjalnie zaprojektowana do stosowania w stropach odci\u0105\u017canych przy zastosowaniu systemu U-Boot\u00ae Beton, kt\u00f3ra umo\u017cliwia eliminacj\u0119 d\u017awi\u0119k\u00f3w pochodz\u0105cych z powietrza i otoczenia lub wywo\u0142anych uderzeniami.<\/h5>\n<p class=\"p1\">Zastosowanie pow\u0142oki U-Boot\u00ae Silence w odci\u0105\u017canych stropach gwarantuje uzyskanie doskona\u0142ych w\u0142a\u015bciwo\u015bci d\u017awi\u0119koszczelnych, przez co budynek zaklasyfikowany zostaje do Klasy I (UNI 11367:2010) dla d\u017awi\u0119k\u00f3w pochodz\u0105cych z powietrza oraz d\u017awi\u0119k\u00f3w uderzeniowych.<\/p>\n<p>[\/vc_column_text][\/vc_column][vc_column][vc_column_text]<\/p>\n<p class=\"p1\">Ostatnimi czasy coraz wi\u0119ksz\u0105 uwag\u0119 zwraca si\u0119 na zapewnienie odpowiedniego komfortu w budynkach mieszkalnych. Producentom, a tak\u017ce u\u017cytkownikom ko\u0144cowym zale\u017cy na uzyskaniu zadowalaj\u0105cych efekt\u00f3w i wysokiej jako\u015bci.<\/p>\n<p class=\"p1\">Podczas gdy w temacie oszcz\u0119dno\u015bci energii poczyniono bardzo du\u017co w ostatnich latach, nadal nie traktuje si\u0119 zbyt powa\u017cnie kwestii komfortu akustycznego. Ostatnie badania udowadniaj\u0105, \u017ce u os\u00f3b, kt\u00f3re mieszkaj\u0105 na terenach s\u0142abo wyizolowanych akustycznie, odnotowano wyst\u0119powanie problem\u00f3w ze snem, nerwowo\u015bci oraz mniejszej produktywno\u015bci w pracy.<\/p>\n<p class=\"p1\">Dlatego te\u017c brak spe\u0142niania minimalnych wymog\u00f3w dla izolacji akustycznej mo\u017ce wp\u0142yn\u0105\u0107 na wiarygodno\u015b\u0107 certyfikatu budynku i spowodowa\u0107 znaczny spadek warto\u015bci nieruchomo\u015bci.<\/p>\n<p>[\/vc_column_text][\/vc_column][\/vc_row]<\/p>\n","protected":false},"excerpt":{"rendered":"<p>U-Boot\u00ae Silence to pow\u0142oka izolacji akustycznej specjalnie zaprojektowana do stosowania w stropach odci\u0105\u017canych przy zastosowaniu systemu U-Boot\u00ae Beton.<\/p>\n","protected":false},"author":1,"featured_media":60631,"parent":0,"menu_order":25,"comment_status":"closed","ping_status":"closed","template":"template-product.php","meta":[],"acf":[],"aioseo_notices":[],"_links":{"self":[{"href":"https:\/\/www.daliform.com\/pl\/wp-json\/wp\/v2\/pages\/64932"}],"collection":[{"href":"https:\/\/www.daliform.com\/pl\/wp-json\/wp\/v2\/pages"}],"about":[{"href":"https:\/\/www.daliform.com\/pl\/wp-json\/wp\/v2\/types\/page"}],"author":[{"embeddable":true,"href":"https:\/\/www.daliform.com\/pl\/wp-json\/wp\/v2\/users\/1"}],"replies":[{"embeddable":true,"href":"https:\/\/www.daliform.com\/pl\/wp-json\/wp\/v2\/comments?post=64932"}],"version-history":[{"count":0,"href":"https:\/\/www.daliform.com\/pl\/wp-json\/wp\/v2\/pages\/64932\/revisions"}],"wp:featuredmedia":[{"embeddable":true,"href":"https:\/\/www.daliform.com\/pl\/wp-json\/wp\/v2\/media\/60631"}],"wp:attachment":[{"href":"https:\/\/www.daliform.com\/pl\/wp-json\/wp\/v2\/media?parent=64932"}],"curies":[{"name":"wp","href":"https:\/\/api.w.org\/{rel}","templated":true}]}}