{"id":63433,"date":"2016-05-17T17:50:52","date_gmt":"2016-05-17T15:50:52","guid":{"rendered":"https:\/\/www.daliform.com\/?page_id=63433"},"modified":"2022-04-13T15:37:07","modified_gmt":"2022-04-13T13:37:07","slug":"odciazone-stropy-o-konstrukcji-jednokierunkowej","status":"publish","type":"page","link":"https:\/\/www.daliform.com\/pl\/odciazone-stropy-o-konstrukcji-jednokierunkowej\/","title":{"rendered":"U-Bahn\u00ae Beton"},"content":{"rendered":"<p>[vc_row][vc_column width=&#8221;1\/4&#8243;][vc_single_image image=&#8221;63410&#8243; img_size=&#8221;large&#8221;][\/vc_column][vc_column width=&#8221;3\/4&#8243;][vc_column_text]<\/p>\n<p style=\"text-align: justify;\"><strong>U-Bahn\u00ae Beton jest to system szalunk\u00f3w modularnych wykonanych z wt\u00f3rnego polipropylenu i zaprojektowany specjalnie w celu formowania jednokierunkowych strop\u00f3w wylewanych na placu budowy oraz p\u00f3\u0142-prefabrykat\u00f3w.<br \/>\n<\/strong>Poszczeg\u00f3lne modu\u0142y zachodz\u0105 na siebie przy kraw\u0119dziach i umo\u017cliwiaj\u0105 wykonanie belek o dowolnej d\u0142ugo\u015bci.<br \/>\nDzi\u0119ki zastosowaniu sto\u017ckowych stopek elewacyjnych, szalunki U-Bahn\u00ae Beton po wykonaniu wylewki b\u0119d\u0105 stanowi\u0107 grube, r\u00f3wnoleg\u0142e belki zamkni\u0119te od do\u0142u i od g\u00f3ry przy pomocy p\u0142askiej p\u0142yty powsta\u0142ej w nast\u0119pstwie wykonania pojedynczego betonowania; dzi\u0119ki temu zu\u017cycie betonu i stali jest du\u017co mniejsze, a ponadto w por\u00f3wnaniu z szalunkami ze styropianu, ma to ogromne znaczenie w przypadku zagro\u017cenia po\u017carem.<\/p>\n<p>[\/vc_column_text][\/vc_column][vc_column][vc_empty_space height=&#8221;15px&#8221;][vc_column_text]<\/p>\n<p style=\"text-align: justify;\">Modu\u0142y s\u0105 lekkie,a dzi\u0119ki niewielkim wymiarom zajmuj\u0105 ma\u0142o miejsca przy sk\u0142adowaniu na placu budowy. Mo\u017cna je \u0142atwo przenosi\u0107 podczas uk\u0142adania. Ponadto charakteryzuj\u0105 si\u0119 du\u017c\u0105 funkcjonalno\u015bci\u0105 i s\u0105 odporne na dzia\u0142anie niekorzystnych czynnik\u00f3w pogodowych.<\/p>\n<p>Zaprojektowane wed\u0142ug \u015bcis\u0142ych kryteri\u00f3w dotycz\u0105cych jako\u015bci szalunki U-Bahn\u00ae Beton gwarantuj\u0105 wytrzyma\u0142o\u015b\u0107 dla obci\u0105\u017cenia 150 kg bez betonowania, skupionego na podporze wymiarach 8 x 8 cm, jak przewiduj\u0105 bie\u017c\u0105ce przepisy.<br \/>\nW odr\u00f3\u017cnieniu od klasycznych pustak\u00f3w, pust\u0105 przestrze\u0144 w modu\u0142ach U-Bahn\u00ae Beton mo\u017cna wykorzysta\u0107 pod rury i przewody.[\/vc_column_text][\/vc_column][\/vc_row]<\/p>\n","protected":false},"excerpt":{"rendered":"<p>W celu formowania jednokierunkowych strop\u00f3w wylewanych na placu budowy oraz p\u00f3\u0142-prefabrykat\u00f3w.<\/p>\n","protected":false},"author":1,"featured_media":58779,"parent":0,"menu_order":22,"comment_status":"closed","ping_status":"closed","template":"template-product.php","meta":[],"acf":[],"aioseo_notices":[],"_links":{"self":[{"href":"https:\/\/www.daliform.com\/pl\/wp-json\/wp\/v2\/pages\/63433"}],"collection":[{"href":"https:\/\/www.daliform.com\/pl\/wp-json\/wp\/v2\/pages"}],"about":[{"href":"https:\/\/www.daliform.com\/pl\/wp-json\/wp\/v2\/types\/page"}],"author":[{"embeddable":true,"href":"https:\/\/www.daliform.com\/pl\/wp-json\/wp\/v2\/users\/1"}],"replies":[{"embeddable":true,"href":"https:\/\/www.daliform.com\/pl\/wp-json\/wp\/v2\/comments?post=63433"}],"version-history":[{"count":0,"href":"https:\/\/www.daliform.com\/pl\/wp-json\/wp\/v2\/pages\/63433\/revisions"}],"wp:featuredmedia":[{"embeddable":true,"href":"https:\/\/www.daliform.com\/pl\/wp-json\/wp\/v2\/media\/58779"}],"wp:attachment":[{"href":"https:\/\/www.daliform.com\/pl\/wp-json\/wp\/v2\/media?parent=63433"}],"curies":[{"name":"wp","href":"https:\/\/api.w.org\/{rel}","templated":true}]}}