{"id":61762,"date":"2016-05-18T17:06:54","date_gmt":"2016-05-18T15:06:54","guid":{"rendered":"https:\/\/www.daliform.com\/?page_id=61762"},"modified":"2022-11-08T10:10:27","modified_gmt":"2022-11-08T09:10:27","slug":"jednorazowe-szalunki-do-plyty-rozjasniony","status":"publish","type":"page","link":"https:\/\/www.daliform.com\/pl\/jednorazowe-szalunki-do-plyty-rozjasniony\/","title":{"rendered":"U-Boot\u00ae Beton"},"content":{"rendered":"<p>[vc_row][vc_column width=&#8221;1\/4&#8243;][vc_single_image image=&#8221;55851&#8243; img_size=&#8221;large&#8221;][\/vc_column][vc_column width=&#8221;3\/4&#8243;][vc_column_text]<\/p>\n<h6 style=\"text-align: justify;\"><strong>U-Boot\u00ae Beton to system szalunk\u00f3w z polipropylenu, kt\u00f3ry zaprojektowano w celu wykonywania odci\u0105\u017canych strop\u00f3w i p\u0142yt fundamentowych.<\/strong><\/h6>\n<p style=\"text-align: justify;\">Szalunki U-Boot\u00ae Beton umo\u017cliwiaj\u0105 wykonanie filar\u00f3w grzybkowych z mo\u017cliwo\u015bci\u0105 uzyskania struktury grzybkowej na grubo\u015bci stropu.<\/p>\n<p style=\"text-align: justify;\">Dzi\u0119ki zastosowanie sto\u017ckowej st\u00f3pki elewacyjnej po pokryciu szalunk\u00f3w U-Boot\u00ae Beton warstw\u0105 betonu powstanie struktura w formie wzajemnie prostopad\u0142ych belek zamkni\u0119tych od do\u0142u i od g\u00f3ry przy pomocy p\u0142askiej p\u0142yty, kt\u00f3r\u0105 wykonuje si\u0119 w ramach jednej wylewki betonu; skutkuje to znacz\u0105cym ograniczeniem zu\u017cycia betonu i stali.<\/p>\n<p>[\/vc_column_text][\/vc_column][vc_column][vc_empty_space height=&#8221;20px&#8221;][vc_column_text]System U-Boot\u00ae Beton stosuje si\u0119 w celu wykonywania strop\u00f3w o du\u017cych rozpi\u0119to\u015bciach, dzi\u0119ki czemu mog\u0105 one przenosi\u0107 znaczne obci\u0105\u017cenia bez zastosowania belek.<br \/>\nUk\u0142adanie modu\u0142owych szalunk\u00f3w odbywa si\u0119 w \u0142atwy i szybki spos\u00f3b. Istnieje mo\u017cliwo\u015b\u0107 dostosowania ich parametr\u00f3w geometrycznych w fazie projektowej w zale\u017cno\u015bci od zamierzonego zastosowania, co pozwala na du\u017c\u0105 swobod\u0105 architektoniczn\u0105.[\/vc_column_text][\/vc_column][\/vc_row]<\/p>\n","protected":false},"excerpt":{"rendered":"<p>U-Boot\u00ae Beton to system szalunk\u00f3w z polipropylenu, kt\u00f3ry zaprojektowano w celu wykonywania odci\u0105\u017canych strop\u00f3w i p\u0142yt fundamentowych.<\/p>\n","protected":false},"author":1,"featured_media":55861,"parent":0,"menu_order":21,"comment_status":"closed","ping_status":"closed","template":"template-product.php","meta":[],"acf":[],"aioseo_notices":[],"_links":{"self":[{"href":"https:\/\/www.daliform.com\/pl\/wp-json\/wp\/v2\/pages\/61762"}],"collection":[{"href":"https:\/\/www.daliform.com\/pl\/wp-json\/wp\/v2\/pages"}],"about":[{"href":"https:\/\/www.daliform.com\/pl\/wp-json\/wp\/v2\/types\/page"}],"author":[{"embeddable":true,"href":"https:\/\/www.daliform.com\/pl\/wp-json\/wp\/v2\/users\/1"}],"replies":[{"embeddable":true,"href":"https:\/\/www.daliform.com\/pl\/wp-json\/wp\/v2\/comments?post=61762"}],"version-history":[{"count":1,"href":"https:\/\/www.daliform.com\/pl\/wp-json\/wp\/v2\/pages\/61762\/revisions"}],"predecessor-version":[{"id":109165,"href":"https:\/\/www.daliform.com\/pl\/wp-json\/wp\/v2\/pages\/61762\/revisions\/109165"}],"wp:featuredmedia":[{"embeddable":true,"href":"https:\/\/www.daliform.com\/pl\/wp-json\/wp\/v2\/media\/55861"}],"wp:attachment":[{"href":"https:\/\/www.daliform.com\/pl\/wp-json\/wp\/v2\/media?parent=61762"}],"curies":[{"name":"wp","href":"https:\/\/api.w.org\/{rel}","templated":true}]}}