{"id":60611,"date":"2016-05-17T07:59:55","date_gmt":"2016-05-17T05:59:55","guid":{"rendered":"https:\/\/www.daliform.com\/?page_id=60611"},"modified":"2022-04-13T14:46:57","modified_gmt":"2022-04-13T12:46:57","slug":"cassaforma-muro","status":"publish","type":"page","link":"https:\/\/www.daliform.com\/pl\/cassaforma-muro\/","title":{"rendered":"Cassaforma Muro"},"content":{"rendered":"<p>[vc_row][vc_column width=&#8221;1\/4&#8243;][vc_single_image image=&#8221;60597&#8243; img_size=&#8221;full&#8221; alignment=&#8221;center&#8221;][\/vc_column][vc_column width=&#8221;3\/4&#8243;][vc_column_text]<\/p>\n<h5 style=\"text-align: justify;\"><strong>Cassaforma Muro (szalunek \u015bcienny) zosta\u0142 zaprojektowany jako alternatywa dla standardowych deskowa\u0144 drewnianych, co pozwala na zalewanie betonem \u015bcian na wysoko\u015b\u0107, odwr\u00f3conych belek i p\u0142yt fundamentowych, znacznie skracaj\u0105c czas wykonania fundamentu.<\/strong><\/h5>\n<p style=\"text-align: justify;\">Szalunek jednorazowy sk\u0142ada si\u0119 z wykonanych z polipropylenu kolumn, paneli, obejm i wspornik\u00f3w.<\/p>\n<p>[\/vc_column_text][\/vc_column][vc_column][vc_empty_space height=&#8221;15px&#8221;][vc_column_text]W po\u0142\u0105czeniu z systemem Atlantis, szalunek \u015bcienny umo\u017cliwia wykonanie belek i p\u0142yty fundamentowej, prowadz\u0105c do optymalizacji i przy\u015bpieszenia prac budowlanych z pozytywnym skutkiem ekonomicznym.<br \/>\nZ tego powodu system doskonale sprawdza si\u0119 przy wykonywaniu zbiornik\u00f3w dyspersyjnych i retencyjnych, kt\u00f3re s\u0105 wymagane w wielu konstrukcyjnych aspektach.<br \/>\nZe wzgl\u0119du na \u0142atwe i szybkie pozycjonowanie, system doskonale nadaje si\u0119 tak\u017ce do wykonywania p\u0142yt \u017cebrowanych, w kt\u00f3rych puste przestrzenie mi\u0119dzy belkami wype\u0142niane s\u0105 szalunkami w systemie Atlantis.[\/vc_column_text][\/vc_column][\/vc_row]<\/p>\n","protected":false},"excerpt":{"rendered":"<p>Cassaforma Muro co pozwala na zalewanie betonem \u015bcian na wysoko\u015b\u0107, odwr\u00f3conych belek i p\u0142yt fundamentowych, znacznie skracaj\u0105c czas wykonania fundamentu.<\/p>\n","protected":false},"author":1,"featured_media":51515,"parent":0,"menu_order":20,"comment_status":"closed","ping_status":"closed","template":"template-product.php","meta":[],"acf":[],"aioseo_notices":[],"_links":{"self":[{"href":"https:\/\/www.daliform.com\/pl\/wp-json\/wp\/v2\/pages\/60611"}],"collection":[{"href":"https:\/\/www.daliform.com\/pl\/wp-json\/wp\/v2\/pages"}],"about":[{"href":"https:\/\/www.daliform.com\/pl\/wp-json\/wp\/v2\/types\/page"}],"author":[{"embeddable":true,"href":"https:\/\/www.daliform.com\/pl\/wp-json\/wp\/v2\/users\/1"}],"replies":[{"embeddable":true,"href":"https:\/\/www.daliform.com\/pl\/wp-json\/wp\/v2\/comments?post=60611"}],"version-history":[{"count":0,"href":"https:\/\/www.daliform.com\/pl\/wp-json\/wp\/v2\/pages\/60611\/revisions"}],"wp:featuredmedia":[{"embeddable":true,"href":"https:\/\/www.daliform.com\/pl\/wp-json\/wp\/v2\/media\/51515"}],"wp:attachment":[{"href":"https:\/\/www.daliform.com\/pl\/wp-json\/wp\/v2\/media?parent=60611"}],"curies":[{"name":"wp","href":"https:\/\/api.w.org\/{rel}","templated":true}]}}