{"id":51353,"date":"2020-05-19T10:05:08","date_gmt":"2020-05-19T08:05:08","guid":{"rendered":"https:\/\/www.daliform.com\/iglu-barrier\/"},"modified":"2022-04-13T14:15:15","modified_gmt":"2022-04-13T12:15:15","slug":"ochrona-zewnetrzna-scian-stykajacych-sie-z-podlozem","status":"publish","type":"page","link":"https:\/\/www.daliform.com\/pl\/ochrona-zewnetrzna-scian-stykajacych-sie-z-podlozem\/","title":{"rendered":"Iglu&#8217;\u00ae Barrier"},"content":{"rendered":"<p>[vc_row][vc_column width=&#8221;1\/4&#8243;][vc_single_image image=&#8221;38768&#8243; img_size=&#8221;large&#8221;][\/vc_column][vc_column width=&#8221;3\/4&#8243;][vc_column_text]<\/p>\n<h5><strong>This system is the safest way to protect below-ground walls which are intended to last over time and will accompany the structure throughout its service life.<\/strong><\/h5>\n<p>[\/vc_column_text][vc_column_text]Retaining walls and other walls that are in contact with the ground are exposed to damp due to capillary action; added to this is the possibility of damp air resulting from inadequate thermal insulation. This situation can lead to the formation of mould, unpleasant odours and, more importantly, it can compromise the durability of the structure.<\/p>\n<p>It is therefore imperative to select materials that maintain their impermeability to water and water vapour as well as their rot-resistance and mechanical strength over time, even when under loads from construction-site vehicular traffic.[\/vc_column_text][\/vc_column][\/vc_row][vc_row][vc_column][vc_column_text]Iglu\u2019\u00ae Barrier is a recycled plastic panel built to protect the waterproof layer of retaining walls. By virtue of its technical characteristics, it guarantees an excellent resistance to compression.<br \/>\nThe Iglu\u2019\u00ae Barrier creates a ventilated space between the waterproof retaining wall and the backfill, therefore eliminating contact between the ground and the waterproofing.[\/vc_column_text][\/vc_column][\/vc_row]<\/p>\n","protected":false},"excerpt":{"rendered":"<p>Ochrona zewn\u0119trzna \u015bcian stykaj\u0105cych si\u0119 z pod\u0142o\u017cem<\/p>\n","protected":false},"author":11,"featured_media":38778,"parent":0,"menu_order":18,"comment_status":"closed","ping_status":"closed","template":"template-product.php","meta":[],"acf":[],"aioseo_notices":[],"_links":{"self":[{"href":"https:\/\/www.daliform.com\/pl\/wp-json\/wp\/v2\/pages\/51353"}],"collection":[{"href":"https:\/\/www.daliform.com\/pl\/wp-json\/wp\/v2\/pages"}],"about":[{"href":"https:\/\/www.daliform.com\/pl\/wp-json\/wp\/v2\/types\/page"}],"author":[{"embeddable":true,"href":"https:\/\/www.daliform.com\/pl\/wp-json\/wp\/v2\/users\/11"}],"replies":[{"embeddable":true,"href":"https:\/\/www.daliform.com\/pl\/wp-json\/wp\/v2\/comments?post=51353"}],"version-history":[{"count":0,"href":"https:\/\/www.daliform.com\/pl\/wp-json\/wp\/v2\/pages\/51353\/revisions"}],"wp:featuredmedia":[{"embeddable":true,"href":"https:\/\/www.daliform.com\/pl\/wp-json\/wp\/v2\/media\/38778"}],"wp:attachment":[{"href":"https:\/\/www.daliform.com\/pl\/wp-json\/wp\/v2\/media?parent=51353"}],"curies":[{"name":"wp","href":"https:\/\/api.w.org\/{rel}","templated":true}]}}