{"id":49798,"date":"2016-05-27T15:51:51","date_gmt":"2016-05-27T13:51:51","guid":{"rendered":"https:\/\/www.daliform.com\/sistema-atlantis\/zastosowania-sistema-atlantis\/zapobieganie-negatywnemu-wplywowi-korzeni-drzew\/"},"modified":"2021-09-13T14:46:56","modified_gmt":"2021-09-13T12:46:56","slug":"zapobieganie-negatywnemu-wplywowi-korzeni-drzew","status":"publish","type":"page","link":"https:\/\/www.daliform.com\/pl\/sistema-atlantis-wentylowanych-przestrzeni-podpodlogowych\/zastosowania-sistema-atlantis\/zapobieganie-negatywnemu-wplywowi-korzeni-drzew\/","title":{"rendered":"Zapobieganie negatywnemu wp\u0142ywowi korzeni drzew"},"content":{"rendered":"<p>[vc_row padding_top=&#8221;0&#8243; padding_bottom=&#8221;0&#8243;][vc_column]\n\t<div class=\"custom-heading wpb_content_element  heading-medium\">\n\t\t<h2 class=\"heading-title\" >Dzi\u0119ki utworzeniu wn\u0119ki za pomoc\u0105 Iglu'\u00ae lub systemu Atlantis wok\u00f3\u0142 drzew, poni\u017cej chodnika drogowego, korzenie nie mog\u0105 p\u0119ka\u0107 ani \u0142ama\u0107 le\u017c\u0105cego nad nim chodnika.<\/h2>\n\t\t<span class=\"heading-line primary\"><\/span>\n\t<\/div>[\/vc_column][\/vc_row][vc_row][vc_column width=&#8221;1\/2&#8243;][vc_masonry_media_grid element_width=&#8221;6&#8243; grid_id=&#8221;vc_gid:1627986227821-ac8d7061-78bb-8&#8243; include=&#8221;37826,37836,37846,37856&#8243;][\/vc_column][vc_column width=&#8221;1\/2&#8243;][vc_column_text css=&#8221;.vc_custom_1594369666697{margin-bottom: 35px !important;}&#8221;]<\/p>\n<h5 style=\"text-align: justify;\">Poprzez wytworzenie wolnych przestrzeni przy pomocy systemu Igl\u00f9\u00ae w okolicy drzew znajduj\u0105cych si\u0119 poni\u017cej poziomu drogi nast\u0105pi &#8222;oszukanie&#8221; drzewa ; w rzeczywisto\u015bci korzenie dosi\u0119gn\u0105 do przestrzeni z powietrzem, a nast\u0119pnie rozrosn\u0105 si\u0119 w kierunku poziomym, nie powoduj\u0105c p\u0119kni\u0119\u0107 oraz zniszczenia powierzchni chodnika.<\/h5>\n<p style=\"text-align: justify;\">Ziele\u0144 miejska sta\u0142a si\u0119 nieodzownym elementem maj\u0105cym znaczny wp\u0142yw na popraw\u0119 jako\u015bci \u017cycia mieszka\u0144c\u00f3w miast oraz sprawia, \u017ce o\u015brodki miejskie staj\u0105 si\u0119 barwne i przyjazne. Pomys\u0142 utworzenia pierwszego ogrodu miejskiego pojawi\u0142 si\u0119 prawie 200 lat temu, natomiast we W\u0142oszech widoczna jest tendencja do tworzenia park\u00f3w, miejskich lask\u00f3w i pas\u00f3w zieleni. Bardzo cz\u0119sto jednak elementy zieleni umieszcza si\u0119 po prostu przy drogach, chodnikach lub \u015bcie\u017ckach rowerowych. Prace konserwacyjne powinny by\u0107 przeprowadzane regularnie, gdy\u017c korzenie drzew powoduj\u0105 podnoszenie si\u0119 chodnika a\u017c do powstania p\u0119kni\u0119\u0107 i rozrastaj\u0105 si\u0119 w kierunku poziomym.<br \/>\n<strong>Wykorzystuj\u0105c system Atlantis and Igl\u00f9\u00ae mo\u017cna wyeliminowa\u0107 ten problem.<\/strong><\/p>\n<p>[\/vc_column_text][\/vc_column][\/vc_row][vc_row row_type=&#8221;row_full_center_content&#8221; bg_color=&#8221;#f2f2f2&#8243;][vc_column][vc_column_text]<\/p>\n<p style=\"text-align: justify;\"><strong>Zalety:<\/strong><br \/>\n\u2022 Brak jakichkolwiek koszt\u00f3w zwi\u0105zanych z konserwacj\u0105 w przypadku chodnik\u00f3w\/\u015bcie\u017cek rowerowych.<br \/>\n\u2022 Wi\u0119kszy poziom zadowolenia mieszka\u0144c\u00f3w, kt\u00f3rzy nie b\u0119d\u0105 wi\u0119cej narzeka\u0107 z powodu zniszczonego chodnika.<br \/>\n\u2022 Mniejsza liczba wypadk\u00f3w z udzia\u0142em os\u00f3b starszych lub os\u00f3b z ograniczonymi mo\u017cliwo\u015bciami motorycznymi.<br \/>\n\u2022 Wyr\u00f3wnywanie z du\u017c\u0105 oszcz\u0119dno\u015bci\u0105 materia\u0142u niereaktywnego.<\/p>\n<p>[\/vc_column_text][\/vc_column][\/vc_row][vc_row][vc_column][vc_separator][vc_column_text css=&#8221;.vc_custom_1592297006811{margin-bottom: 15px !important;}&#8221;]<strong>SUGEROWANE PRODUKTY:<\/strong>[\/vc_column_text][vc_empty_space height=&#8221;10px&#8221;][\/vc_column][vc_column][vc_masonry_grid post_type=&#8221;ids&#8221; element_width=&#8221;3&#8243; grid_id=&#8221;vc_gid:1627986227823-e9c34ef3-a323-7&#8243; include=&#8221;1034, 4579&#8243; el_class=&#8221;text-size-p&#8221;][\/vc_column][\/vc_row]<\/p>\n","protected":false},"excerpt":{"rendered":"<p>Drzewa i krzewy w pobli\u017cu dr\u00f3g rosn\u0105 swobodnie, bez powodowania deformacji niebezpieczne i liftings na powierzchni\u0119 drogi.<\/p>\n","protected":false},"author":1,"featured_media":57870,"parent":49202,"menu_order":3,"comment_status":"closed","ping_status":"closed","template":"","meta":[],"acf":[],"aioseo_notices":[],"_links":{"self":[{"href":"https:\/\/www.daliform.com\/pl\/wp-json\/wp\/v2\/pages\/49798"}],"collection":[{"href":"https:\/\/www.daliform.com\/pl\/wp-json\/wp\/v2\/pages"}],"about":[{"href":"https:\/\/www.daliform.com\/pl\/wp-json\/wp\/v2\/types\/page"}],"author":[{"embeddable":true,"href":"https:\/\/www.daliform.com\/pl\/wp-json\/wp\/v2\/users\/1"}],"replies":[{"embeddable":true,"href":"https:\/\/www.daliform.com\/pl\/wp-json\/wp\/v2\/comments?post=49798"}],"version-history":[{"count":0,"href":"https:\/\/www.daliform.com\/pl\/wp-json\/wp\/v2\/pages\/49798\/revisions"}],"up":[{"embeddable":true,"href":"https:\/\/www.daliform.com\/pl\/wp-json\/wp\/v2\/pages\/49202"}],"wp:featuredmedia":[{"embeddable":true,"href":"https:\/\/www.daliform.com\/pl\/wp-json\/wp\/v2\/media\/57870"}],"wp:attachment":[{"href":"https:\/\/www.daliform.com\/pl\/wp-json\/wp\/v2\/media?parent=49798"}],"curies":[{"name":"wp","href":"https:\/\/api.w.org\/{rel}","templated":true}]}}