{"id":49757,"date":"2016-05-26T15:50:05","date_gmt":"2016-05-26T13:50:05","guid":{"rendered":"https:\/\/www.daliform.com\/sistema-atlantis\/zastosowania-sistema-atlantis\/plyta-fundamentowa\/"},"modified":"2021-09-13T14:38:31","modified_gmt":"2021-09-13T12:38:31","slug":"plyta-fundamentowa","status":"publish","type":"page","link":"https:\/\/www.daliform.com\/pl\/sistema-atlantis-wentylowanych-przestrzeni-podpodlogowych\/zastosowania-sistema-atlantis\/plyta-fundamentowa\/","title":{"rendered":"P\u0142yta fundamentowa"},"content":{"rendered":"<p>[vc_row padding_top=&#8221;0&#8243; padding_bottom=&#8221;0&#8243;][vc_column]\n\t<div class=\"custom-heading wpb_content_element  heading-medium\">\n\t\t<h2 class=\"heading-title\" >Dzi\u0119ki systemowi Atlantis mo\u017cliwe jest tworzenie bardzo sztywnych fundament\u00f3w (skrzyni) przy niskich kosztach.<\/h2>\n\t\t<span class=\"heading-line primary\"><\/span>\n\t<\/div>[\/vc_column][\/vc_row][vc_row][vc_column width=&#8221;1\/2&#8243;][vc_single_image image=&#8221;37804&#8243; img_size=&#8221;full&#8221;][\/vc_column][vc_column width=&#8221;1\/2&#8243;][vc_column_text css=&#8221;.vc_custom_1594368940386{margin-bottom: 25px !important;}&#8221;]<\/p>\n<h5 style=\"text-align: justify;\"><strong>Dzi\u0119ki po\u0142\u0105czeniu deskowa\u0144 Igl\u00f9\u00ae lub Atlantis firmy Daliform Group z panelami L-Plast lub szalunkami Muro mo\u017cna zrealizowa\u0107 struktur\u0119 w dw\u00f3ch etapach \u2014 wyla\u0107 doln\u0105 p\u0142yt\u0119, na kt\u00f3rej zostan\u0105 umieszczone produkty firmy Daliform Group, a nast\u0119pnie jednocze\u015bnie wyla\u0107 promienie i p\u0142yt\u0119 kompresyjn\u0105.<\/strong> Umo\u017cliwia to tworzenie niezwykle sztywnych fundament\u00f3w przy niewielkim koszcie.<\/h5>\n<p style=\"text-align: justify;\">G\u0142\u00f3wnym zastosowaniem struktur fundamentowych, takich jak proponowany przez Atlantis System jest rozk\u0142ad obci\u0105\u017ce\u0144 z filar\u00f3w, p\u0142yt i \u015bcian na grunt oraz jednoczesne zakotwienie budynku w gruncie w celu zapewnienia stabilno\u015bci. W niekt\u00f3rych przypadkach, przy ci\u0105g\u0142ym stosowaniu systemu Atlantis, mo\u017cna wyeliminowa\u0107 pale fundamentowe, kt\u00f3re s\u0105 niezb\u0119dne przy innych rozwi\u0105zaniach.<\/p>\n<p>[\/vc_column_text][\/vc_column][vc_column][vc_empty_space height=&#8221;20px&#8221;][vc_column_text css=&#8221;.vc_custom_1594368933242{margin-bottom: 25px !important;}&#8221;]<\/p>\n<p style=\"text-align: justify;\">Celem struktur fundamentowych jest zminimalizowanie p\u00f3\u017aniejszych deformacji spowodowanych nieregularno\u015bci\u0105 gruntu i asymetryczno\u015bci\u0105 obci\u0105\u017ce\u0144 w celu zapewnienia stabilno\u015bci budynku. Te dwa aspekty stanowi\u0105 prawdziwe zagro\u017cenie dla integralno\u015bci fundamentu oraz zbudowanej na nich konstrukcji. Po okre\u015bleniu rodzaju fundamentu najlepiej nadaj\u0105cego si\u0119 do przenoszenia obci\u0105\u017ce\u0144 na pod\u0142o\u017ce, problem zmienia si\u0119 z technicznego na ekonomiczny. W zwi\u0105zku z tym trzeba okre\u015bli\u0107 najbardziej op\u0142acalne rozwi\u0105zanie dla wdro\u017cenia wybranego rozwi\u0105zania.<br \/>\nRozwi\u0105zaniem tego problemu, kt\u00f3re nie wymaga zmiany typu struktury, polega na utworzeniu deskowania skrzynkowego. Jest to struktura przypominaj\u0105ca plaster miodu z\u0142o\u017cona z dw\u00f3ch p\u0142yt po\u0142\u0105czonych wzajemnie prostopad\u0142ymi promieniami \u2014 dolnej i g\u00f3rnej p\u0142yty o grubo\u015bci 15\u201320 cm po\u0142\u0105czonych promieniami o wysoko\u015bci 70\u2013120 cm umieszczonymi, zale\u017cnie od wymaga\u0144 statycznych, w r\u00f3\u017cnych odleg\u0142o\u015bciach od \u015brodka. Dzi\u0119ki po\u0142\u0105czeniu deskowa\u0144 Igl\u00f9\u00ae lub Atlantis firmy Daliform Group z panelami L-Plast lub szalunkami Muro mo\u017cna zrealizowa\u0107 struktur\u0119 w dw\u00f3ch etapach \u2014 wyla\u0107 doln\u0105 p\u0142yt\u0119, na kt\u00f3rej zostan\u0105 umieszczone produkty firmy Daliform Group, a nast\u0119pnie jednocze\u015bnie wyla\u0107 promienie i p\u0142yt\u0119 kompresyjn\u0105. Umo\u017cliwia to tworzenie niezwykle sztywnych fundament\u00f3w przy niewielkim koszcie.<\/p>\n<p>[\/vc_column_text][\/vc_column][\/vc_row][vc_row][vc_column][vc_separator][vc_column_text css=&#8221;.vc_custom_1592297006811{margin-bottom: 15px !important;}&#8221;]<strong>SUGEROWANE PRODUKTY:<\/strong>[\/vc_column_text][vc_empty_space height=&#8221;10px&#8221;][\/vc_column][vc_column][vc_masonry_grid post_type=&#8221;ids&#8221; element_width=&#8221;3&#8243; grid_id=&#8221;vc_gid:1627985728897-b0e7b1fa-8089-6&#8243; include=&#8221;1034, 4579&#8243; el_class=&#8221;text-size-p&#8221;][\/vc_column][\/vc_row]<\/p>\n","protected":false},"excerpt":{"rendered":"<p>Dzi\u0119ki po\u0142\u0105czeniu deskowa\u0144 Igl\u00f9\u00ae lub Atlantis firmy Daliform Group  z panelami L-Plast lub szalunkami Muro mo\u017cna zrealizowa\u0107 struktur\u0119 w dw\u00f3ch etapach.<\/p>\n","protected":false},"author":1,"featured_media":57859,"parent":49202,"menu_order":2,"comment_status":"closed","ping_status":"closed","template":"","meta":[],"acf":[],"aioseo_notices":[],"_links":{"self":[{"href":"https:\/\/www.daliform.com\/pl\/wp-json\/wp\/v2\/pages\/49757"}],"collection":[{"href":"https:\/\/www.daliform.com\/pl\/wp-json\/wp\/v2\/pages"}],"about":[{"href":"https:\/\/www.daliform.com\/pl\/wp-json\/wp\/v2\/types\/page"}],"author":[{"embeddable":true,"href":"https:\/\/www.daliform.com\/pl\/wp-json\/wp\/v2\/users\/1"}],"replies":[{"embeddable":true,"href":"https:\/\/www.daliform.com\/pl\/wp-json\/wp\/v2\/comments?post=49757"}],"version-history":[{"count":0,"href":"https:\/\/www.daliform.com\/pl\/wp-json\/wp\/v2\/pages\/49757\/revisions"}],"up":[{"embeddable":true,"href":"https:\/\/www.daliform.com\/pl\/wp-json\/wp\/v2\/pages\/49202"}],"wp:featuredmedia":[{"embeddable":true,"href":"https:\/\/www.daliform.com\/pl\/wp-json\/wp\/v2\/media\/57859"}],"wp:attachment":[{"href":"https:\/\/www.daliform.com\/pl\/wp-json\/wp\/v2\/media?parent=49757"}],"curies":[{"name":"wp","href":"https:\/\/api.w.org\/{rel}","templated":true}]}}