{"id":49518,"date":"2016-05-26T15:51:46","date_gmt":"2016-05-26T13:51:46","guid":{"rendered":"https:\/\/www.daliform.com\/sistema-atlantis\/zastosowania-sistema-atlantis\/glebokie-wielopoziomowe-fundamenty\/"},"modified":"2021-09-13T14:24:31","modified_gmt":"2021-09-13T12:24:31","slug":"wielopoziomowe-fundamenty","status":"publish","type":"page","link":"https:\/\/www.daliform.com\/pl\/sistema-atlantis-wentylowanych-przestrzeni-podpodlogowych\/zastosowania-sistema-atlantis\/wielopoziomowe-fundamenty\/","title":{"rendered":"G\u0142\u0119bokie, wielopoziomowe fundamenty"},"content":{"rendered":"<p>[vc_row padding_top=&#8221;0&#8243; padding_bottom=&#8221;0&#8243;][vc_column]\n\t<div class=\"custom-heading wpb_content_element  heading-medium\">\n\t\t<h2 class=\"heading-title\" >System Atlantis umo\u017cliwia regulacj\u0119 wysoko\u015bci rur windy w odleg\u0142o\u015bci jednego centymetra, co mo\u017ce by\u0107 dostarczane w r\u00f3\u017cnych wymiarach.<\/h2>\n\t\t<span class=\"heading-line primary\"><\/span>\n\t<\/div>[\/vc_column][\/vc_row][vc_row][vc_column width=&#8221;1\/2&#8243;][vc_single_image image=&#8221;37782&#8243; img_size=&#8221;full&#8221;][\/vc_column][vc_column width=&#8221;1\/2&#8243;][vc_column_text css=&#8221;.vc_custom_1594212135729{margin-bottom: 25px !important;}&#8221;]<\/p>\n<h5 style=\"text-align: justify;\">System Atlantis System umo\u017cliwia dostosowanie wysoko\u015bci rur elewacyjnych o o centymetra, co mo\u017ce by\u0107 przydatne w r\u00f3\u017cnych sytuacjach. To pozwala szybko i niedrogo tworzy\u0107 struktury wymagaj\u0105cych zmiennej wysoko\u015bci, takie jak nachylone rampy, p\u0142yty i p\u0142yty wielopoziomowe.<\/h5>\n<p style=\"text-align: justify;\">Normalnie p\u0142yty s\u0105 tworzone od tej samej wysoko\u015bci, rozpoczynaj\u0105c od zatok fundamentowych znajduj\u0105cych si\u0119 na r\u00f3\u017cnych wysoko\u015bciach. System Atlantis umo\u017cliwia \u0142atwe tworzenie takich struktur, bez konieczno\u015bci przerywania regularnego rozmieszczania deskowa\u0144. Opisany system, je\u015bli zostanie po\u0142\u0105czony z akcesoriami szalunkowymi Muro, dodatkowo skraca czas monta\u017cu.<\/p>\n<p>[\/vc_column_text][\/vc_column][\/vc_row][vc_row][vc_column][vc_separator][vc_column_text css=&#8221;.vc_custom_1592297006811{margin-bottom: 15px !important;}&#8221;]<strong>SUGEROWANE PRODUKTY:<\/strong>[\/vc_column_text][vc_empty_space height=&#8221;10px&#8221;][\/vc_column][vc_column][vc_masonry_grid post_type=&#8221;ids&#8221; element_width=&#8221;3&#8243; grid_id=&#8221;vc_gid:1627985330000-7894ba51-ea60-5&#8243; include=&#8221;1034, 4579&#8243; el_class=&#8221;text-size-p&#8221;][\/vc_column][\/vc_row]<\/p>\n","protected":false},"excerpt":{"rendered":"<p>To pozwala szybko i niedrogo tworzy\u0107 struktury wymagaj\u0105cych zmiennej wysoko\u015bci, takie jak nachylone rampy, p\u0142yty i p\u0142yty wielopoziomowe. <\/p>\n","protected":false},"author":1,"featured_media":57848,"parent":49202,"menu_order":1,"comment_status":"closed","ping_status":"closed","template":"","meta":[],"acf":[],"aioseo_notices":[],"_links":{"self":[{"href":"https:\/\/www.daliform.com\/pl\/wp-json\/wp\/v2\/pages\/49518"}],"collection":[{"href":"https:\/\/www.daliform.com\/pl\/wp-json\/wp\/v2\/pages"}],"about":[{"href":"https:\/\/www.daliform.com\/pl\/wp-json\/wp\/v2\/types\/page"}],"author":[{"embeddable":true,"href":"https:\/\/www.daliform.com\/pl\/wp-json\/wp\/v2\/users\/1"}],"replies":[{"embeddable":true,"href":"https:\/\/www.daliform.com\/pl\/wp-json\/wp\/v2\/comments?post=49518"}],"version-history":[{"count":0,"href":"https:\/\/www.daliform.com\/pl\/wp-json\/wp\/v2\/pages\/49518\/revisions"}],"up":[{"embeddable":true,"href":"https:\/\/www.daliform.com\/pl\/wp-json\/wp\/v2\/pages\/49202"}],"wp:featuredmedia":[{"embeddable":true,"href":"https:\/\/www.daliform.com\/pl\/wp-json\/wp\/v2\/media\/57848"}],"wp:attachment":[{"href":"https:\/\/www.daliform.com\/pl\/wp-json\/wp\/v2\/media?parent=49518"}],"curies":[{"name":"wp","href":"https:\/\/api.w.org\/{rel}","templated":true}]}}