{"id":49280,"date":"2016-04-13T16:53:49","date_gmt":"2016-04-13T14:53:49","guid":{"rendered":"https:\/\/www.daliform.com\/sistema-atlantis\/zastosowania-sistema-atlantis\/rampy-dostepowe\/"},"modified":"2021-09-13T11:59:25","modified_gmt":"2021-09-13T09:59:25","slug":"rampy-dostepowe","status":"publish","type":"page","link":"https:\/\/www.daliform.com\/pl\/sistema-atlantis-wentylowanych-przestrzeni-podpodlogowych\/zastosowania-sistema-atlantis\/rampy-dostepowe\/","title":{"rendered":"Rampy dost\u0119powe"},"content":{"rendered":"<p>[vc_row padding_top=&#8221;0&#8243; padding_bottom=&#8221;0&#8243;][vc_column]\n\t<div class=\"custom-heading wpb_content_element  heading-medium\">\n\t\t<h2 class=\"heading-title\" >System Atlantis System umo\u017cliwia dostosowanie wysoko\u015bci rur elewacyjnych o o centymetra, co mo\u017ce by\u0107 przydatne w r\u00f3\u017cnych sytuacjach. To pozwala szybko i niedrogo tworzy\u0107 struktury wymagaj\u0105cych zmiennej wysoko\u015bci, takie jak nachylone rampy, p\u0142yty i p\u0142yty wielopoziomowe.<\/h2>\n\t\t<span class=\"heading-line primary\"><\/span>\n\t<\/div>[\/vc_column][\/vc_row][vc_row][vc_column width=&#8221;1\/2&#8243;][vc_masonry_media_grid grid_id=&#8221;vc_gid:1627984732730-6ac9d718-f27c-0&#8243; include=&#8221;37668,37678,37688,37698,37708,37718,37728,37738,37658&#8243;][\/vc_column][vc_column width=&#8221;1\/2&#8243;][vc_column_text]<\/p>\n<h5 style=\"text-align: justify;\"><strong>System Atlantis System umo\u017cliwia szybkie tworzenie ramp dost\u0119powych do struktur podziemnych, zapewniaj\u0105c znaczne oszcz\u0119dno\u015bci materia\u0142owe.<\/strong><\/h5>\n<p style=\"text-align: justify;\">Zamiast korzystania z materia\u0142\u00f3w, takich jak piasek, \u017cwir lub beton, mo\u017cna utworzy\u0107 fundament dla rampy maj\u0105cy t\u0119 sam\u0105 wysoko\u015b\u0107, co s\u0105siednia struktura (obszar parkingowy) i utworzy\u0107 obszar z pochy\u0142\u0105 p\u0142yt\u0105 dost\u0119pow\u0105 dla pojazd\u00f3w na g\u00f3rze. System Atlantis mo\u017ce by\u0107 te\u017c u\u017cywany na rampach zakrzywionych.<\/p>\n<p>Technicy firmy Daliform Group zapewniaj\u0105 pomoc w projektowaniu pustek podpod\u0142ogowych, a na \u017c\u0105danie zapewni\u0107 dostosowane do potrzeb klienta badania, obliczenia i rysunki wykonawcze.[\/vc_column_text][\/vc_column][\/vc_row][vc_row][vc_column][vc_separator][vc_column_text css=&#8221;.vc_custom_1592297006811{margin-bottom: 15px !important;}&#8221;]<strong>REKOMENDOWANE PRODUKTY:<\/strong>[\/vc_column_text][vc_empty_space height=&#8221;10px&#8221;][\/vc_column][vc_column][vc_masonry_grid post_type=&#8221;ids&#8221; show_filter=&#8221;yes&#8221; element_width=&#8221;3&#8243; grid_id=&#8221;vc_gid:1627984732732-84822b3c-6b3a-4&#8243; include=&#8221;1034, 4579&#8243; el_class=&#8221;text-size-p&#8221; filter_source=&#8221;category&#8221;][\/vc_column][\/vc_row]<\/p>\n","protected":false},"excerpt":{"rendered":"<p>System Atlantis System umo\u017cliwia szybkie tworzenie ramp dost\u0119powych do struktur podziemnych, zapewniaj\u0105c znaczne oszcz\u0119dno\u015bci materia\u0142owe.<\/p>\n","protected":false},"author":1,"featured_media":57832,"parent":49202,"menu_order":0,"comment_status":"closed","ping_status":"closed","template":"","meta":[],"acf":[],"aioseo_notices":[],"_links":{"self":[{"href":"https:\/\/www.daliform.com\/pl\/wp-json\/wp\/v2\/pages\/49280"}],"collection":[{"href":"https:\/\/www.daliform.com\/pl\/wp-json\/wp\/v2\/pages"}],"about":[{"href":"https:\/\/www.daliform.com\/pl\/wp-json\/wp\/v2\/types\/page"}],"author":[{"embeddable":true,"href":"https:\/\/www.daliform.com\/pl\/wp-json\/wp\/v2\/users\/1"}],"replies":[{"embeddable":true,"href":"https:\/\/www.daliform.com\/pl\/wp-json\/wp\/v2\/comments?post=49280"}],"version-history":[{"count":0,"href":"https:\/\/www.daliform.com\/pl\/wp-json\/wp\/v2\/pages\/49280\/revisions"}],"up":[{"embeddable":true,"href":"https:\/\/www.daliform.com\/pl\/wp-json\/wp\/v2\/pages\/49202"}],"wp:featuredmedia":[{"embeddable":true,"href":"https:\/\/www.daliform.com\/pl\/wp-json\/wp\/v2\/media\/57832"}],"wp:attachment":[{"href":"https:\/\/www.daliform.com\/pl\/wp-json\/wp\/v2\/media?parent=49280"}],"curies":[{"name":"wp","href":"https:\/\/api.w.org\/{rel}","templated":true}]}}