{"id":48982,"date":"2016-05-19T14:54:53","date_gmt":"2016-05-19T12:54:53","guid":{"rendered":"https:\/\/www.daliform.com\/sistema-atlantis\/"},"modified":"2021-12-13T16:56:50","modified_gmt":"2021-12-13T15:56:50","slug":"sistema-atlantis-wentylowanych-przestrzeni-podpodlogowych","status":"publish","type":"page","link":"https:\/\/www.daliform.com\/pl\/sistema-atlantis-wentylowanych-przestrzeni-podpodlogowych\/","title":{"rendered":"Sistema Atlantis"},"content":{"rendered":"<p>[vc_row][vc_column width=&#8221;1\/4&#8243;][vc_single_image image=&#8221;37601&#8243; img_size=&#8221;large&#8221;][\/vc_column][vc_column width=&#8221;3\/4&#8243;][vc_column_text]<\/p>\n<p class=\"p1\" style=\"text-align: justify;\"><strong>Sistema Atlantis<\/strong> <em>(System Atlantis)<\/em> to zaawansowany system tworzenia pustek powietrznych, pustek podp\u0142ogowych i pod\u0142\u00f3g wentylowanych w nowo budowanych lub odnawianych budynkach mieszkalnych lub przemys\u0142owych, zbiornikach, p\u0142ytach i komorach ch\u0142odniczych.<\/p>\n<p class=\"p2\" style=\"text-align: justify;\">System Atlantis jest u\u017cywany, gdy g\u0142\u0119boko\u015b\u0107 podpod\u0142ogowej pustki powietrznej jest zbyt ma\u0142a lub nie jest mo\u017cliwe zastosowanie klasycznych deskowa\u0144 Igl\u00f9<sup>\u00ae<\/sup>. Zalet\u0105 jest fakt, \u017ce sta\u0142a \u015brednica rur wynosz\u0105cych umo\u017cliwia zminimalizowanie ilo\u015bci betonu potrzebnego do wype\u0142nienia. G\u0142\u00f3wne zalety systemu to: szybko\u015b\u0107, prostota i niewielki koszt.<\/p>\n<p class=\"p1\" style=\"text-align: justify;\">Co wi\u0119cej, dzi\u0119ki systemowi Atlantis mo\u017cna uzyska\u0107 przestrze\u0144 higieniczn\u0105 o odpowiedniej barierze wilgotno\u015bci, kt\u00f3ra w przypadku w\u0142a\u015bciwej wentylacji przez rury prowadz\u0105ce na zewn\u0105trz, mo\u017ce by\u0107 narz\u0119dziem do utylizacji radonu obecnego w gruncie.<\/p>\n<p>[\/vc_column_text][\/vc_column][\/vc_row]<\/p>\n","protected":false},"excerpt":{"rendered":"<p>Do tworzenia betonowych p\u0142yt podwy\u017cszonych z przestrzeni\u0105 pod nimi w celu u\u0142atwienia konstrukcji, kompensacji wysoko\u015bci pod\u0142\u00f3g i innych zastosowa\u0144.<\/p>\n","protected":false},"author":1,"featured_media":37611,"parent":0,"menu_order":17,"comment_status":"closed","ping_status":"closed","template":"template-product.php","meta":[],"acf":[],"aioseo_notices":[],"_links":{"self":[{"href":"https:\/\/www.daliform.com\/pl\/wp-json\/wp\/v2\/pages\/48982"}],"collection":[{"href":"https:\/\/www.daliform.com\/pl\/wp-json\/wp\/v2\/pages"}],"about":[{"href":"https:\/\/www.daliform.com\/pl\/wp-json\/wp\/v2\/types\/page"}],"author":[{"embeddable":true,"href":"https:\/\/www.daliform.com\/pl\/wp-json\/wp\/v2\/users\/1"}],"replies":[{"embeddable":true,"href":"https:\/\/www.daliform.com\/pl\/wp-json\/wp\/v2\/comments?post=48982"}],"version-history":[{"count":0,"href":"https:\/\/www.daliform.com\/pl\/wp-json\/wp\/v2\/pages\/48982\/revisions"}],"wp:featuredmedia":[{"embeddable":true,"href":"https:\/\/www.daliform.com\/pl\/wp-json\/wp\/v2\/media\/37611"}],"wp:attachment":[{"href":"https:\/\/www.daliform.com\/pl\/wp-json\/wp\/v2\/media?parent=48982"}],"curies":[{"name":"wp","href":"https:\/\/api.w.org\/{rel}","templated":true}]}}