{"id":44821,"date":"2016-03-07T10:57:30","date_gmt":"2016-03-07T09:57:30","guid":{"rendered":"https:\/\/www.daliform.com\/iglu\/zastosowania-iglu\/izolacja-akustyczna\/"},"modified":"2022-03-02T09:43:24","modified_gmt":"2022-03-02T08:43:24","slug":"iglu-izolacja-akustyczna","status":"publish","type":"page","link":"https:\/\/www.daliform.com\/pl\/iglu-wentylowanych-przestrzeni-podpodlogowych\/iglu-zastosowania\/iglu-izolacja-akustyczna\/","title":{"rendered":"Izolacja akustyczna"},"content":{"rendered":"<p>[vc_row padding_top=&#8221;0&#8243; padding_bottom=&#8221;0&#8243;][vc_column]\n\t<div class=\"custom-heading wpb_content_element  heading-medium\">\n\t\t<h2 class=\"heading-title\" >Przy wykorzystaniu systemu Igl\u00f9\u00ae tworzy si\u0119 mechanizm kontroli ha\u0142asu, co znacznie poprawia komfort mieszka\u0144c\u00f3w w domach.<\/h2>\n\t\t<span class=\"heading-line primary\"><\/span>\n\t<\/div>[\/vc_column][\/vc_row][vc_row][vc_column width=&#8221;1\/2&#8243;][vc_single_image image=&#8221;35318&#8243; img_size=&#8221;full&#8221;][\/vc_column][vc_column width=&#8221;1\/2&#8243;][vc_column_text css=&#8221;.vc_custom_1464359033054{margin-bottom: 35px !important;}&#8221;]<\/p>\n<p style=\"text-align: justify;\">Przy wykorzystaniu systemu Igl\u00f9\u00ae H 4-8-12 cm, kt\u00f3ry umieszcza si\u0119 mi\u0119dzy szlicht\u0105 oraz stropem, tworzy si\u0119 mechanizm kontroli ha\u0142asu, co znacznie poprawia komfort mieszka\u0144c\u00f3w w domach, a dodatkow\u0105 korzy\u015bci\u0105 p\u0142yn\u0105c\u0105 z zastosowania wolnej przestrzeni podpod\u0142ogowej jest mo\u017cliwo\u015b\u0107 poprowadzenia rur i okablowania. W po\u0142\u0105czeniu z odpowiednimi elementami izolacji akustycznej dzi\u0119ki zastosowaniu systemuIgl\u00f9\u00aemo\u017cliwe jest spe\u0142nienie wymog\u00f3w okre\u015blonych w przepisach dotycz\u0105cych zapobieganiu nadmiernego ha\u0142asu.<\/p>\n<p><span lang=\"pl\">Ustawa ramowa w sprawie zanieczyszczenia akustycznego nr 447 z dnia 26\/10\/95 ustanawia podstawowe zasady ochrony \u015brodowiska zewn\u0119trznego i \u015brodowiska mieszkalnego przed zanieczyszczeniem akustycznym.<\/span>[\/vc_column_text][\/vc_column][vc_column][vc_empty_space][vc_column_text]<\/p>\n<p style=\"text-align: justify;\">Mo\u017cna j\u0105 wykona\u0107 poprzez utworzenie poziomych struktur o odpowiedniej masie i umieszczenie warstwy materia\u0142u mi\u0119dzy pod\u0142og\u0105 a szlicht\u0105, co doprowadzi do wyt\u0142umienia wibracji powodowanych ha\u0142asem. W zale\u017cno\u015bci od przeznaczenia budynku, przepisy prawa przewiduj\u0105 ro\u017cne parametry dla izolacji akustycznej.<\/p>\n<p><span lang=\"pl\">Ustawa ramowa w sprawie zanieczyszczenia ha\u0142asem nr 447 z 26.1095 r. Ustanawia podstawowe zasady dotycz\u0105ce ochrony \u015brodowiska zewn\u0119trznego i \u015brodowiska \u017cycia przed zanieczyszczeniem ha\u0142asem.<\/span>[\/vc_column_text][\/vc_column][\/vc_row][vc_row][vc_column][vc_separator][vc_column_text css=&#8221;.vc_custom_1592297006811{margin-bottom: 15px !important;}&#8221;]<strong>REKOMENDOWANE PRODUKTY:<\/strong>[\/vc_column_text][vc_empty_space height=&#8221;10px&#8221;][\/vc_column][vc_column][vc_masonry_grid post_type=&#8221;ids&#8221; element_width=&#8221;3&#8243; grid_id=&#8221;vc_gid:1627394260378-22dc8f36-66bd-0&#8243; include=&#8221;1034&#8243; el_class=&#8221;text-size-p&#8221;][\/vc_column][\/vc_row]<\/p>\n","protected":false},"excerpt":{"rendered":"<p>W po\u0142\u0105czeniu z elementami izolacji akustycznej dzi\u0119ki i Igl\u00f9\u00ae mo\u017cliwe jest spe\u0142nienie wymog\u00f3w okre\u015blonych w przepisach dotycz\u0105cych zapobieganiu nadmiernego ha\u0142asu.<\/p>\n","protected":false},"author":1,"featured_media":57926,"parent":42593,"menu_order":4,"comment_status":"closed","ping_status":"closed","template":"","meta":[],"acf":[],"aioseo_notices":[],"_links":{"self":[{"href":"https:\/\/www.daliform.com\/pl\/wp-json\/wp\/v2\/pages\/44821"}],"collection":[{"href":"https:\/\/www.daliform.com\/pl\/wp-json\/wp\/v2\/pages"}],"about":[{"href":"https:\/\/www.daliform.com\/pl\/wp-json\/wp\/v2\/types\/page"}],"author":[{"embeddable":true,"href":"https:\/\/www.daliform.com\/pl\/wp-json\/wp\/v2\/users\/1"}],"replies":[{"embeddable":true,"href":"https:\/\/www.daliform.com\/pl\/wp-json\/wp\/v2\/comments?post=44821"}],"version-history":[{"count":0,"href":"https:\/\/www.daliform.com\/pl\/wp-json\/wp\/v2\/pages\/44821\/revisions"}],"up":[{"embeddable":true,"href":"https:\/\/www.daliform.com\/pl\/wp-json\/wp\/v2\/pages\/42593"}],"wp:featuredmedia":[{"embeddable":true,"href":"https:\/\/www.daliform.com\/pl\/wp-json\/wp\/v2\/media\/57926"}],"wp:attachment":[{"href":"https:\/\/www.daliform.com\/pl\/wp-json\/wp\/v2\/media?parent=44821"}],"curies":[{"name":"wp","href":"https:\/\/api.w.org\/{rel}","templated":true}]}}