{"id":43669,"date":"2016-03-04T14:03:48","date_gmt":"2016-03-04T13:03:48","guid":{"rendered":"https:\/\/www.daliform.com\/iglu\/zastosowania-iglu\/pomieszczenia-chlodnicze\/"},"modified":"2022-03-02T09:35:56","modified_gmt":"2022-03-02T08:35:56","slug":"pomieszczenia-chlodnicze","status":"publish","type":"page","link":"https:\/\/www.daliform.com\/pl\/iglu-wentylowanych-przestrzeni-podpodlogowych\/iglu-zastosowania\/pomieszczenia-chlodnicze\/","title":{"rendered":"Pomieszczenia ch\u0142odnicze"},"content":{"rendered":"<p>[vc_row padding_top=&#8221;0&#8243; padding_bottom=&#8221;0&#8243;][vc_column]\n\t<div class=\"custom-heading wpb_content_element  heading-medium\">\n\t\t<h2 class=\"heading-title\" >Iglu'\u00ae tworzy wentylowan\u0105 wn\u0119k\u0119 pod pod\u0142og\u0105 zimnych pomieszcze\u0144, unikaj\u0105c deformacji i p\u0119kni\u0119\u0107.<\/h2>\n\t\t<span class=\"heading-line primary\"><\/span>\n\t<\/div>[\/vc_column][\/vc_row][vc_row][vc_column width=&#8221;1\/2&#8243;][vc_single_image image=&#8221;35111&#8243; img_size=&#8221;full&#8221; alignment=&#8221;center&#8221; css=&#8221;.vc_custom_1627391311377{margin-left: -20px !important;}&#8221;][vc_column_text]<\/p>\n<p class=\"p1\"><span class=\"s1\"><b>ZALETY:<\/b><\/span><\/p>\n<p class=\"p1\"><span class=\"s1\">\u2022 ZAPOBIEGA ODKUPIENIU I PODNOSZENIU POD\u0141OGI (FROST HEAVE)<br \/>\n<\/span><span class=\"s1\">\u2022 WYSOKA ODPORNO\u015a\u0106 NA ROZDZIELONE I SKONCENTROWANE OBCI\u0104\u017bENIA<br \/>\n<\/span><span class=\"s1\">\u2022 SKUTECZNA WENTYLACJA WE WSZYSTKICH KIERUNKACH<br \/>\n<\/span><span class=\"s1\">\u2022 ELIMINACJA POWIETRZA <\/span><span class=\"s1\">ZAMRA\u017bAJ\u0104CEGO<br \/>\n<\/span><span class=\"s1\">\u2022 \u0141ATWO\u015a\u0106 POZYCJONOWANIA<br \/>\n<\/span><span class=\"s1\">\u2022 MAKSYMALNY DARMOWY TRANZYT DLA SYSTEMU PODZIEMNEGO WE WSZYSTKICH KIERUNKACH<br \/>\n<\/span><span class=\"s1\">\u2022 BRAK PUNKTU KONTAKTU MI\u0118DZY BETONEM I MAS\u0104<\/span><\/p>\n<p>[\/vc_column_text][\/vc_column][vc_column width=&#8221;1\/2&#8243;][vc_column_text]<span lang=\"pl\">Wn\u0119ka pod pod\u0142og\u0105 wykonana z Iglu\u2019\u00ae jest idealnym systemem do osi\u0105gni\u0119cia bardziej efektywnej wentylacji pod pod\u0142og\u0105, poniewa\u017c Iglu\u2019\u00ae umo\u017cliwia stworzenie jednej otwartej przestrzeni i zapewnienie cyrkulacji powietrza we wszystkich kierunkach. Zapobiega to pojawieniu si\u0119 mrozu. <\/span><\/p>\n<p><span lang=\"pl\">Iglu\u2019\u00ae jest najbardziej bezpiecznym i ekonomicznym rozwi\u0105zaniem konstrukcyjnym do instalowania wentylowanych wn\u0119k zar\u00f3wno w ch\u0142odniach dodatnich, jak i ujemnych. Gwarantuje to, \u017ce temperatura wn\u0119ki pozostaje powy\u017cej zera poprzez usuni\u0119cie wilgoci obecnej w pod\u0142o\u017cu. Zapobiega to zamarzaniu i deformacji osad\u00f3w fundamentowych (zesp\u00f3\u0142 chudego betonu \/ gruntu), kt\u00f3ry popycha powierzchni\u0119 uk\u0142adania do g\u00f3ry i powoduje p\u0119kanie pod\u0142ogi (proces znany jako falowanie mrozu).<\/span>[\/vc_column_text][vc_column_text]<span lang=\"pl\">Zastosowanie Iglu\u00ae do budowy pod\u0142\u00f3g przemys\u0142owych w ch\u0142odniach zosta\u0142o okre\u015blone w LGPCF (Wytyczne dotycz\u0105ce pod\u0142\u00f3g przemys\u0142owych w ch\u0142odniach) przez ENCOPER (Krajowe Stowarzyszenie Producent\u00f3w Pod\u0142\u00f3g i Ok\u0142adzin). Tekst okre\u015bla zasadnicze wymagania niezb\u0119dne do trwa\u0142o\u015bci wszystkich p\u0142yt \u017celbetowych przeznaczonych do u\u017cytku przemys\u0142owego w ch\u0142odniach. W szczeg\u00f3lno\u015bci dotyczy zasadniczych wymaga\u0144 dotycz\u0105cych odporno\u015bci mechanicznej i stabilno\u015bci, dla kt\u00f3rych nie ma przepis\u00f3w bardziej og\u00f3lnej normy UNI 11146.<\/span>[\/vc_column_text][\/vc_column][\/vc_row][vc_row][vc_column][vc_separator][vc_column_text css=&#8221;.vc_custom_1592297006811{margin-bottom: 15px !important;}&#8221;]<strong>REKOMENDOWANE PRODUKTY:<\/strong>[\/vc_column_text][vc_empty_space height=&#8221;10px&#8221;][\/vc_column][vc_column][vc_masonry_grid post_type=&#8221;ids&#8221; element_width=&#8221;3&#8243; grid_id=&#8221;vc_gid:1627390802089-3cc89707-08bd-4&#8243; include=&#8221;1034&#8243; el_class=&#8221;text-size-p&#8221;][\/vc_column][\/vc_row]<\/p>\n","protected":false},"excerpt":{"rendered":"<p>W celu tworzenia \u015brodowisk kontroli wilgotno\u015bci i temperatury (pomieszczenia ch\u0142odnicze, magazyny \u017cywno\u015bci, piwnice, suszarnie).<\/p>\n","protected":false},"author":1,"featured_media":57892,"parent":42593,"menu_order":1,"comment_status":"closed","ping_status":"closed","template":"","meta":[],"acf":[],"aioseo_notices":[],"_links":{"self":[{"href":"https:\/\/www.daliform.com\/pl\/wp-json\/wp\/v2\/pages\/43669"}],"collection":[{"href":"https:\/\/www.daliform.com\/pl\/wp-json\/wp\/v2\/pages"}],"about":[{"href":"https:\/\/www.daliform.com\/pl\/wp-json\/wp\/v2\/types\/page"}],"author":[{"embeddable":true,"href":"https:\/\/www.daliform.com\/pl\/wp-json\/wp\/v2\/users\/1"}],"replies":[{"embeddable":true,"href":"https:\/\/www.daliform.com\/pl\/wp-json\/wp\/v2\/comments?post=43669"}],"version-history":[{"count":0,"href":"https:\/\/www.daliform.com\/pl\/wp-json\/wp\/v2\/pages\/43669\/revisions"}],"up":[{"embeddable":true,"href":"https:\/\/www.daliform.com\/pl\/wp-json\/wp\/v2\/pages\/42593"}],"wp:featuredmedia":[{"embeddable":true,"href":"https:\/\/www.daliform.com\/pl\/wp-json\/wp\/v2\/media\/57892"}],"wp:attachment":[{"href":"https:\/\/www.daliform.com\/pl\/wp-json\/wp\/v2\/media?parent=43669"}],"curies":[{"name":"wp","href":"https:\/\/api.w.org\/{rel}","templated":true}]}}