{"id":39375,"date":"2016-02-17T15:29:13","date_gmt":"2016-02-17T14:29:13","guid":{"rendered":"https:\/\/www.daliform.com\/iglu\/"},"modified":"2021-12-13T16:22:34","modified_gmt":"2021-12-13T15:22:34","slug":"iglu-wentylowanych-przestrzeni-podpodlogowych","status":"publish","type":"page","link":"https:\/\/www.daliform.com\/pl\/iglu-wentylowanych-przestrzeni-podpodlogowych\/","title":{"rendered":"Iglu&#8217;\u00ae"},"content":{"rendered":"<p>[vc_row][vc_column width=&#8221;1\/4&#8243;][vc_single_image image=&#8221;35075&#8243; img_size=&#8221;large&#8221;][\/vc_column][vc_column width=&#8221;3\/4&#8243;][vc_column_text]<\/p>\n<h5><strong>Igl\u00f9\u00ae<\/strong> to czo\u0142owy produkt w bran\u017cy budowlanej, stworzony i opatentowany w celu realizacji pomieszcze\u0144 sanitarnych, wentylowanych przestrzeni podpod\u0142ogowych, pod\u0142\u00f3g i dach\u00f3w wentylowanych przy budowie i przebudowie obiekt\u00f3w cywilnych i budynk\u00f3w przemys\u0142owych.<\/h5>\n<h5>To wspania\u0142e rozwi\u0105zanie maj\u0105ce swe pocz\u0105tki w 1993, znacz\u0105co ulepsza metody budowlane. Dzi\u0119ki zastosowaniu innowacyjnych rozwi\u0105za\u0144 system <strong>Igl\u00f9<sup><strong>\u00ae<\/strong><\/sup><\/strong> zyska\u0142 licznych zwolennik\u00f3w oraz uznanie na szczeblu krajowym i mi\u0119dzynarodowym jako wysokiej jako\u015bci produkt dla bran\u017cy budowlanej.[\/vc_column_text][\/vc_column][vc_column][vc_empty_space height=&#8221;20px&#8221;][vc_column_text]Modularne szalunki z tworzywa sztucznego <strong>Igl\u00f9\u00ae<\/strong> umieszcza si\u0119 po kolei jeden za drugim zgodnie z wcze\u015bniej za\u0142o\u017conym kierunkiem, umo\u017cliwiaj\u0105c \u0142atwe i szybkie tworzenie samono\u015bnej platformy, po kt\u00f3rej mo\u017cna chodzi\u0107 i z kt\u00f3rej nast\u0119puje wykonanie wylewki betonowej. Dzi\u0119ki takiemu rozwi\u0105zaniu mo\u017cna w prosty i ekonomiczny spos\u00f3b utworzy\u0107 wentylowan\u0105 p\u0142yt\u0119 fundamentow\u0105 umieszczon\u0105 na filarach wraz z woln\u0105 przestrzeni\u0105 znajduj\u0105c\u0105 poni\u017cej, w kt\u00f3rej zostan\u0105 poprowadzone rury i przewody. Zastosowana wentylacja zapobiega gromadzeniu si\u0119 wilgoci i gaz\u00f3w radioaktywnych.[\/vc_column_text][\/vc_column][\/vc_row]<\/h5>\n","protected":false},"excerpt":{"rendered":"<p>Szalunki jednorazowe do konstrukcji wentylowanych przestrzeni podpod\u0142ogowych.<\/p>\n","protected":false},"author":1,"featured_media":35062,"parent":0,"menu_order":15,"comment_status":"closed","ping_status":"closed","template":"template-product.php","meta":[],"acf":[],"aioseo_notices":[],"_links":{"self":[{"href":"https:\/\/www.daliform.com\/pl\/wp-json\/wp\/v2\/pages\/39375"}],"collection":[{"href":"https:\/\/www.daliform.com\/pl\/wp-json\/wp\/v2\/pages"}],"about":[{"href":"https:\/\/www.daliform.com\/pl\/wp-json\/wp\/v2\/types\/page"}],"author":[{"embeddable":true,"href":"https:\/\/www.daliform.com\/pl\/wp-json\/wp\/v2\/users\/1"}],"replies":[{"embeddable":true,"href":"https:\/\/www.daliform.com\/pl\/wp-json\/wp\/v2\/comments?post=39375"}],"version-history":[{"count":0,"href":"https:\/\/www.daliform.com\/pl\/wp-json\/wp\/v2\/pages\/39375\/revisions"}],"wp:featuredmedia":[{"embeddable":true,"href":"https:\/\/www.daliform.com\/pl\/wp-json\/wp\/v2\/media\/35062"}],"wp:attachment":[{"href":"https:\/\/www.daliform.com\/pl\/wp-json\/wp\/v2\/media?parent=39375"}],"curies":[{"name":"wp","href":"https:\/\/api.w.org\/{rel}","templated":true}]}}