{"id":35467,"date":"2016-05-30T09:26:12","date_gmt":"2016-05-30T07:26:12","guid":{"rendered":"https:\/\/www.daliform.com\/rozwiazania-konstrukcyjne\/odloze-jezdzieckich\/"},"modified":"2021-08-02T16:30:30","modified_gmt":"2021-08-02T14:30:30","slug":"podloze-jezdzieckich-daliform-group","status":"publish","type":"page","link":"https:\/\/www.daliform.com\/pl\/rozwiazania-konstrukcyjne\/podloze-jezdzieckich-daliform-group\/","title":{"rendered":"OD\u0141O\u017bE JE\u0179DZIECKICH"},"content":{"rendered":"<p>[vc_row margin_top=&#8221;-20&#8243;][vc_column el_class=&#8221;SolutionGrid&#8221;][vc_masonry_grid post_type=&#8221;ids&#8221; element_width=&#8221;3&#8243; item=&#8221;none&#8221; grid_id=&#8221;vc_gid:1589537333691-c83a1eb8-20e7-2&#8243; include=&#8221;3670&#8243;][\/vc_column][\/vc_row]<\/p>\n","protected":false},"excerpt":{"rendered":"<p>Systemy konsolidacyjne i stabilizacyjne dla pod\u0142o\u017cy do jazdy konnej (lub powierzchni, po kt\u00f3rych poruszaj\u0105 si\u0119 zwierz\u0119ta).<\/p>\n","protected":false},"author":1,"featured_media":34407,"parent":34048,"menu_order":6,"comment_status":"closed","ping_status":"closed","template":"","meta":[],"acf":[],"aioseo_notices":[],"_links":{"self":[{"href":"https:\/\/www.daliform.com\/pl\/wp-json\/wp\/v2\/pages\/35467"}],"collection":[{"href":"https:\/\/www.daliform.com\/pl\/wp-json\/wp\/v2\/pages"}],"about":[{"href":"https:\/\/www.daliform.com\/pl\/wp-json\/wp\/v2\/types\/page"}],"author":[{"embeddable":true,"href":"https:\/\/www.daliform.com\/pl\/wp-json\/wp\/v2\/users\/1"}],"replies":[{"embeddable":true,"href":"https:\/\/www.daliform.com\/pl\/wp-json\/wp\/v2\/comments?post=35467"}],"version-history":[{"count":0,"href":"https:\/\/www.daliform.com\/pl\/wp-json\/wp\/v2\/pages\/35467\/revisions"}],"up":[{"embeddable":true,"href":"https:\/\/www.daliform.com\/pl\/wp-json\/wp\/v2\/pages\/34048"}],"wp:featuredmedia":[{"embeddable":true,"href":"https:\/\/www.daliform.com\/pl\/wp-json\/wp\/v2\/media\/34407"}],"wp:attachment":[{"href":"https:\/\/www.daliform.com\/pl\/wp-json\/wp\/v2\/media?parent=35467"}],"curies":[{"name":"wp","href":"https:\/\/api.w.org\/{rel}","templated":true}]}}