{"id":34048,"date":"2020-05-11T15:53:14","date_gmt":"2020-05-11T13:53:14","guid":{"rendered":"https:\/\/www.daliform.com\/rozwiazania-konstrukcyjne\/"},"modified":"2021-09-09T11:05:43","modified_gmt":"2021-09-09T09:05:43","slug":"rozwiazania-konstrukcyjne","status":"publish","type":"page","link":"https:\/\/www.daliform.com\/pl\/rozwiazania-konstrukcyjne\/","title":{"rendered":"Rozwi\u0105zania konstrukcyjne"},"content":{"rendered":"<p>[vc_row row_id=&#8221;Solutions&#8221;][vc_column][vc_basic_grid post_type=&#8221;ids&#8221; element_width=&#8221;3&#8243; item=&#8221;24415&#8243; grid_id=&#8221;vc_gid:1595408156586-8a531310-32a9-7&#8243; include=&#8221;2336, 5439, 5446, 5452, 5455, 5458, 5461, 5464&#8243;][\/vc_column][\/vc_row]<\/p>\n","protected":false},"excerpt":{"rendered":"<p>wentylowanych wn\u0119k podpod\u0142ogowych, fundament\u00f3w, pustych p\u0142yt, ogrod\u00f3w dachowych, nawierzchni podjazd\u00f3w, zbiornik\u00f3w na wod\u0119 deszczow\u0105 i zbiornik\u00f3w dyspersyjnych.<\/p>\n","protected":false},"author":11,"featured_media":33799,"parent":0,"menu_order":13,"comment_status":"closed","ping_status":"closed","template":"","meta":[],"acf":[],"aioseo_notices":[],"_links":{"self":[{"href":"https:\/\/www.daliform.com\/pl\/wp-json\/wp\/v2\/pages\/34048"}],"collection":[{"href":"https:\/\/www.daliform.com\/pl\/wp-json\/wp\/v2\/pages"}],"about":[{"href":"https:\/\/www.daliform.com\/pl\/wp-json\/wp\/v2\/types\/page"}],"author":[{"embeddable":true,"href":"https:\/\/www.daliform.com\/pl\/wp-json\/wp\/v2\/users\/11"}],"replies":[{"embeddable":true,"href":"https:\/\/www.daliform.com\/pl\/wp-json\/wp\/v2\/comments?post=34048"}],"version-history":[{"count":0,"href":"https:\/\/www.daliform.com\/pl\/wp-json\/wp\/v2\/pages\/34048\/revisions"}],"wp:featuredmedia":[{"embeddable":true,"href":"https:\/\/www.daliform.com\/pl\/wp-json\/wp\/v2\/media\/33799"}],"wp:attachment":[{"href":"https:\/\/www.daliform.com\/pl\/wp-json\/wp\/v2\/media?parent=34048"}],"curies":[{"name":"wp","href":"https:\/\/api.w.org\/{rel}","templated":true}]}}