{"id":94552,"date":"2020-07-29T10:13:11","date_gmt":"2020-07-29T08:13:11","guid":{"rendered":"https:\/\/www.daliform.com\/?page_id=94552"},"modified":"2022-01-21T10:01:11","modified_gmt":"2022-01-21T09:01:11","slug":"fondations-ventilees-pour-un-batiment-residentiel-2","status":"publish","type":"page","link":"https:\/\/www.daliform.com\/fr\/references\/fondations-ventilees-pour-un-batiment-residentiel-2\/","title":{"rendered":"Fondations ventil\u00e9es pour un b\u00e2timent r\u00e9sidentiel"},"content":{"rendered":"","protected":false},"excerpt":{"rendered":"","protected":false},"author":1,"featured_media":0,"parent":84031,"menu_order":320,"comment_status":"closed","ping_status":"closed","template":"template-reference.php","meta":[],"acf":[],"aioseo_notices":[],"_links":{"self":[{"href":"https:\/\/www.daliform.com\/fr\/wp-json\/wp\/v2\/pages\/94552"}],"collection":[{"href":"https:\/\/www.daliform.com\/fr\/wp-json\/wp\/v2\/pages"}],"about":[{"href":"https:\/\/www.daliform.com\/fr\/wp-json\/wp\/v2\/types\/page"}],"author":[{"embeddable":true,"href":"https:\/\/www.daliform.com\/fr\/wp-json\/wp\/v2\/users\/1"}],"replies":[{"embeddable":true,"href":"https:\/\/www.daliform.com\/fr\/wp-json\/wp\/v2\/comments?post=94552"}],"version-history":[{"count":0,"href":"https:\/\/www.daliform.com\/fr\/wp-json\/wp\/v2\/pages\/94552\/revisions"}],"up":[{"embeddable":true,"href":"https:\/\/www.daliform.com\/fr\/wp-json\/wp\/v2\/pages\/84031"}],"wp:attachment":[{"href":"https:\/\/www.daliform.com\/fr\/wp-json\/wp\/v2\/media?parent=94552"}],"curies":[{"name":"wp","href":"https:\/\/api.w.org\/{rel}","templated":true}]}}