{"id":91089,"date":"2020-07-29T10:13:15","date_gmt":"2020-07-29T08:13:15","guid":{"rendered":"https:\/\/www.daliform.com\/?page_id=91089"},"modified":"2022-01-12T13:47:31","modified_gmt":"2022-01-12T12:47:31","slug":"fondations-ventilees-dans-un-batiment-residentiel","status":"publish","type":"page","link":"https:\/\/www.daliform.com\/fr\/references\/fondations-ventilees-dans-un-batiment-residentiel\/","title":{"rendered":"Fondations ventil\u00e9es dans un b\u00e2timent r\u00e9sidentiel"},"content":{"rendered":"","protected":false},"excerpt":{"rendered":"","protected":false},"author":1,"featured_media":0,"parent":84031,"menu_order":342,"comment_status":"closed","ping_status":"closed","template":"template-reference.php","meta":[],"acf":[],"aioseo_notices":[],"_links":{"self":[{"href":"https:\/\/www.daliform.com\/fr\/wp-json\/wp\/v2\/pages\/91089"}],"collection":[{"href":"https:\/\/www.daliform.com\/fr\/wp-json\/wp\/v2\/pages"}],"about":[{"href":"https:\/\/www.daliform.com\/fr\/wp-json\/wp\/v2\/types\/page"}],"author":[{"embeddable":true,"href":"https:\/\/www.daliform.com\/fr\/wp-json\/wp\/v2\/users\/1"}],"replies":[{"embeddable":true,"href":"https:\/\/www.daliform.com\/fr\/wp-json\/wp\/v2\/comments?post=91089"}],"version-history":[{"count":0,"href":"https:\/\/www.daliform.com\/fr\/wp-json\/wp\/v2\/pages\/91089\/revisions"}],"up":[{"embeddable":true,"href":"https:\/\/www.daliform.com\/fr\/wp-json\/wp\/v2\/pages\/84031"}],"wp:attachment":[{"href":"https:\/\/www.daliform.com\/fr\/wp-json\/wp\/v2\/media?parent=91089"}],"curies":[{"name":"wp","href":"https:\/\/api.w.org\/{rel}","templated":true}]}}