{"id":86788,"date":"2020-07-28T14:29:20","date_gmt":"2020-07-28T12:29:20","guid":{"rendered":"https:\/\/www.daliform.com\/?page_id=86788"},"modified":"2021-12-21T15:24:57","modified_gmt":"2021-12-21T14:24:57","slug":"fondations-ventilees-pour-un-batiment-residentiel","status":"publish","type":"page","link":"https:\/\/www.daliform.com\/fr\/references\/fondations-ventilees-pour-un-batiment-residentiel\/","title":{"rendered":"Fondations ventil\u00e9es pour un b\u00e2timent r\u00e9sidentiel"},"content":{"rendered":"","protected":false},"excerpt":{"rendered":"","protected":false},"author":1,"featured_media":0,"parent":84031,"menu_order":187,"comment_status":"closed","ping_status":"closed","template":"template-reference.php","meta":[],"acf":[],"aioseo_notices":[],"_links":{"self":[{"href":"https:\/\/www.daliform.com\/fr\/wp-json\/wp\/v2\/pages\/86788"}],"collection":[{"href":"https:\/\/www.daliform.com\/fr\/wp-json\/wp\/v2\/pages"}],"about":[{"href":"https:\/\/www.daliform.com\/fr\/wp-json\/wp\/v2\/types\/page"}],"author":[{"embeddable":true,"href":"https:\/\/www.daliform.com\/fr\/wp-json\/wp\/v2\/users\/1"}],"replies":[{"embeddable":true,"href":"https:\/\/www.daliform.com\/fr\/wp-json\/wp\/v2\/comments?post=86788"}],"version-history":[{"count":0,"href":"https:\/\/www.daliform.com\/fr\/wp-json\/wp\/v2\/pages\/86788\/revisions"}],"up":[{"embeddable":true,"href":"https:\/\/www.daliform.com\/fr\/wp-json\/wp\/v2\/pages\/84031"}],"wp:attachment":[{"href":"https:\/\/www.daliform.com\/fr\/wp-json\/wp\/v2\/media?parent=86788"}],"curies":[{"name":"wp","href":"https:\/\/api.w.org\/{rel}","templated":true}]}}