{"id":84830,"date":"2020-07-29T16:25:48","date_gmt":"2020-07-29T14:25:48","guid":{"rendered":"https:\/\/www.daliform.com\/?page_id=84830"},"modified":"2021-12-14T16:46:41","modified_gmt":"2021-12-14T15:46:41","slug":"cinema-a-plusieurs-etages","status":"publish","type":"page","link":"https:\/\/www.daliform.com\/fr\/references\/cinema-a-plusieurs-etages\/","title":{"rendered":"Cin\u00e9ma \u00e0 plusieurs \u00e9tages"},"content":{"rendered":"","protected":false},"excerpt":{"rendered":"","protected":false},"author":1,"featured_media":0,"parent":84031,"menu_order":147,"comment_status":"closed","ping_status":"closed","template":"template-reference.php","meta":[],"acf":[],"aioseo_notices":[],"_links":{"self":[{"href":"https:\/\/www.daliform.com\/fr\/wp-json\/wp\/v2\/pages\/84830"}],"collection":[{"href":"https:\/\/www.daliform.com\/fr\/wp-json\/wp\/v2\/pages"}],"about":[{"href":"https:\/\/www.daliform.com\/fr\/wp-json\/wp\/v2\/types\/page"}],"author":[{"embeddable":true,"href":"https:\/\/www.daliform.com\/fr\/wp-json\/wp\/v2\/users\/1"}],"replies":[{"embeddable":true,"href":"https:\/\/www.daliform.com\/fr\/wp-json\/wp\/v2\/comments?post=84830"}],"version-history":[{"count":0,"href":"https:\/\/www.daliform.com\/fr\/wp-json\/wp\/v2\/pages\/84830\/revisions"}],"up":[{"embeddable":true,"href":"https:\/\/www.daliform.com\/fr\/wp-json\/wp\/v2\/pages\/84031"}],"wp:attachment":[{"href":"https:\/\/www.daliform.com\/fr\/wp-json\/wp\/v2\/media?parent=84830"}],"curies":[{"name":"wp","href":"https:\/\/api.w.org\/{rel}","templated":true}]}}