{"id":74322,"date":"2016-05-10T16:02:52","date_gmt":"2016-05-10T14:02:52","guid":{"rendered":"https:\/\/www.daliform.com\/?page_id=74322"},"modified":"2022-04-08T15:47:09","modified_gmt":"2022-04-08T13:47:09","slug":"download-area-iglu-green-roof","status":"publish","type":"page","link":"https:\/\/www.daliform.com\/fr\/systemes-pour-jardins-suspendus\/download-area-iglu-green-roof\/","title":{"rendered":"Iglu&rsquo;\u00ae Green Roof download area"},"content":{"rendered":"<p>[vc_row][vc_column]\n\t<div class=\"custom-heading wpb_content_element  heading-medium\">\n\t\t<h2 class=\"heading-title\" >PARCOUREZ NOTRE CATALOGUE<\/h2>\n\t\t<span class=\"heading-line primary\"><\/span>\n\t<\/div>[vc_row_inner][vc_column_inner width=\u00a0\u00bb1\/4&Prime;][vc_column_text]<div class=\"_df_thumb \" id=\"df_104767\"  data-title=\"voir-iglu-green-roof\" _slug=\"iglu-catalogo-italiano-3-2-2-3-2-2-3-2-2\" wpoptions=\"true\" thumb=\"https:\/\/www.daliform.com\/wp-content\/uploads\/2022\/04\/GREENROOF-cover.jpg\" thumbtype=\"bg\" >Voir IGLU&rsquo;\u00ae GREEN ROOF<\/div><script class=\"df-shortcode-script\" type=\"application\/javascript\">window.option_df_104767 = {\"outline\":[],\"backgroundColor\":\"#f2f2f2\",\"hard\":\"cover\",\"forceFit\":\"true\",\"autoEnableOutline\":\"false\",\"autoEnableThumbnail\":\"false\",\"overwritePDFOutline\":\"false\",\"enableDownload\":\"false\",\"direction\":\"1\",\"pageSize\":\"0\",\"pageMode\":\"0\",\"singlePageMode\":\"0\",\"controlsPosition\":\"bottom\",\"soundEnable\":\"false\",\"source\":\"https:\\\/\\\/www.daliform.com\\\/wp-content\\\/uploads\\\/2022\\\/04\\\/Green-Roof_FR.pdf\",\"wpOptions\":\"true\"}; if(window.DFLIP && window.DFLIP.parseBooks){window.DFLIP.parseBooks();}<\/script>[\/vc_column_text][\/vc_column_inner][vc_column_inner width=\u00a0\u00bb1\/4&Prime;][\/vc_column_inner][vc_column_inner width=\u00a0\u00bb1\/4&Prime;][\/vc_column_inner][vc_column_inner width=\u00a0\u00bb1\/4&Prime;][\/vc_column_inner][\/vc_row_inner][\/vc_column][\/vc_row][vc_row][vc_column]\n\t<div class=\"custom-heading wpb_content_element  heading-medium\">\n\t\t<h2 class=\"heading-title\" >DOWNLOAD AREA<\/h2>\n\t\t<span class=\"heading-line primary\"><\/span>\n\t<\/div>[vc_column_text]<div class='w3eden'><div class='row'><div class='col-md-3 col-sm-6 col-xs-12'><!-- WPDM Link Template: Default Template w\/Icon -->\n\n\n\n<div class=\"wpdm-link-tpl link-btn [color]\" data-durl=\"https:\/\/www.daliform.com\/fr\/download\/cahier-des-charges-15\/?wpdmdl=78221\" style=\"margin-bottom:10px; margin-top:15px;\" >\n    <div class=\"media\"> \n        <div class=\"pull-left\" style=\" width:50px;\"><img class=\"wpdm_icon\" alt=\"Icon\" src=\"https:\/\/www.daliform.com\/wp-content\/plugins\/download-manager\/assets\/file-type-icons\/doc.png\" onError='this.src=\"https:\/\/www.daliform.com\/wp-content\/plugins\/download-manager\/assets\/file-type-icons\/_blank.png\";' \/><\/div>\n        <div class=\"media-body\">\n        <div class=\"pull-left\"><p style=\"font-size:11px; text-align:left; font-weight:bold;  color:#000000;  line-height:10px;\">Cahier des charges <\/p>\n            <div style=\"font-size:11px; line-height:10px; margin-top:-5px;\"><a class='wpdm-download-link wpdm-download-locked [btnclass]' rel='nofollow' href='#' onclick=\"location.href='https:\/\/www.daliform.com\/fr\/download\/cahier-des-charges-15\/?wpdmdl=78221';return false;\">Download<\/a><\/div>\n        <\/div>\n        <\/div>\n    <\/div>\n<\/div>\n<div style=\"clear: both\"><\/div><\/div><div class='col-md-3 col-sm-6 col-xs-12'><!-- WPDM Link Template: Default Template w\/Icon -->\n\n\n\n<div class=\"wpdm-link-tpl link-btn [color]\" data-durl=\"https:\/\/www.daliform.com\/fr\/download\/catalogue-32\/?wpdmdl=78222\" style=\"margin-bottom:10px; margin-top:15px;\" >\n    <div class=\"media\"> \n        <div class=\"pull-left\" style=\" width:50px;\"><img class=\"wpdm_icon\" alt=\"Icon\" src=\"https:\/\/www.daliform.com\/wp-content\/plugins\/download-manager\/assets\/file-type-icons\/zip.png\" onError='this.src=\"https:\/\/www.daliform.com\/wp-content\/plugins\/download-manager\/assets\/file-type-icons\/_blank.png\";' \/><\/div>\n        <div class=\"media-body\">\n        <div class=\"pull-left\"><p style=\"font-size:11px; text-align:left; font-weight:bold;  color:#000000;  line-height:10px;\">Catalogue <\/p>\n            <div style=\"font-size:11px; line-height:10px; margin-top:-5px;\"><a class='wpdm-download-link wpdm-download-locked [btnclass]' rel='nofollow' href='#' onclick=\"location.href='https:\/\/www.daliform.com\/fr\/download\/catalogue-32\/?wpdmdl=78222';return false;\">Download<\/a><\/div>\n        <\/div>\n        <\/div>\n    <\/div>\n<\/div>\n<div style=\"clear: both\"><\/div><\/div><\/div><div style='clear:both'><\/div><div class='text-center'><ul  class=\"pagination pagination-centered\"><\/ul><\/div>\n<div style='clear:both'><\/div><div style='clear:both'><\/div><\/div>[\/vc_column_text][vc_text_separator title=\u00a0\u00bbDonn\u00e9es techniques\u00a0\u00bb title_align=\u00a0\u00bbseparator_align_left\u00a0\u00bb][vc_column_text]<div class='w3eden'><div class='row'><div class='col-md-3 col-sm-6 col-xs-12'><!-- WPDM Link Template: Default Template w\/Icon -->\n\n\n\n<div class=\"wpdm-link-tpl link-btn [color]\" data-durl=\"https:\/\/www.daliform.com\/fr\/download\/h-04-cm-reserve\/?wpdmdl=78296\" style=\"margin-bottom:10px; margin-top:15px;\" >\n    <div class=\"media\"> \n        <div class=\"pull-left\" style=\" width:50px;\"><img class=\"wpdm_icon\" alt=\"Icon\" src=\"https:\/\/www.daliform.com\/wp-content\/plugins\/download-manager\/assets\/file-type-icons\/pdf.png\" onError='this.src=\"https:\/\/www.daliform.com\/wp-content\/plugins\/download-manager\/assets\/file-type-icons\/_blank.png\";' \/><\/div>\n        <div class=\"media-body\">\n        <div class=\"pull-left\"><p style=\"font-size:11px; text-align:left; font-weight:bold;  color:#000000;  line-height:10px;\">H 04 cm - R\u00e9serve <\/p>\n            <div style=\"font-size:11px; line-height:10px; margin-top:-5px;\"><a class='wpdm-download-link wpdm-download-locked [btnclass]' rel='nofollow' href='#' onclick=\"location.href='https:\/\/www.daliform.com\/fr\/download\/h-04-cm-reserve\/?wpdmdl=78296';return false;\">Download<\/a><\/div>\n        <\/div>\n        <\/div>\n    <\/div>\n<\/div>\n<div style=\"clear: both\"><\/div><\/div><div class='col-md-3 col-sm-6 col-xs-12'><!-- WPDM Link Template: Default Template w\/Icon -->\n\n\n\n<div class=\"wpdm-link-tpl link-btn [color]\" data-durl=\"https:\/\/www.daliform.com\/fr\/download\/h-05-cm-reserve-et-dispersion\/?wpdmdl=78295\" style=\"margin-bottom:10px; margin-top:15px;\" >\n    <div class=\"media\"> \n        <div class=\"pull-left\" style=\" width:50px;\"><img class=\"wpdm_icon\" alt=\"Icon\" src=\"https:\/\/www.daliform.com\/wp-content\/plugins\/download-manager\/assets\/file-type-icons\/pdf.png\" onError='this.src=\"https:\/\/www.daliform.com\/wp-content\/plugins\/download-manager\/assets\/file-type-icons\/_blank.png\";' \/><\/div>\n        <div class=\"media-body\">\n        <div class=\"pull-left\"><p style=\"font-size:11px; text-align:left; font-weight:bold;  color:#000000;  line-height:10px;\">H 05 cm - R\u00e9serve et Dispersion <\/p>\n            <div style=\"font-size:11px; line-height:10px; margin-top:-5px;\"><a class='wpdm-download-link wpdm-download-locked [btnclass]' rel='nofollow' href='#' onclick=\"location.href='https:\/\/www.daliform.com\/fr\/download\/h-05-cm-reserve-et-dispersion\/?wpdmdl=78295';return false;\">Download<\/a><\/div>\n        <\/div>\n        <\/div>\n    <\/div>\n<\/div>\n<div style=\"clear: both\"><\/div><\/div><div class='col-md-3 col-sm-6 col-xs-12'><!-- WPDM Link Template: Default Template w\/Icon -->\n\n\n\n<div class=\"wpdm-link-tpl link-btn [color]\" data-durl=\"https:\/\/www.daliform.com\/fr\/download\/h-09-cm-reserve-et-dispersion\/?wpdmdl=78292\" style=\"margin-bottom:10px; margin-top:15px;\" >\n    <div class=\"media\"> \n        <div class=\"pull-left\" style=\" width:50px;\"><img class=\"wpdm_icon\" alt=\"Icon\" src=\"https:\/\/www.daliform.com\/wp-content\/plugins\/download-manager\/assets\/file-type-icons\/pdf.png\" onError='this.src=\"https:\/\/www.daliform.com\/wp-content\/plugins\/download-manager\/assets\/file-type-icons\/_blank.png\";' \/><\/div>\n        <div class=\"media-body\">\n        <div class=\"pull-left\"><p style=\"font-size:11px; text-align:left; font-weight:bold;  color:#000000;  line-height:10px;\">H 09 cm - R\u00e9serve et Dispersion <\/p>\n            <div style=\"font-size:11px; line-height:10px; margin-top:-5px;\"><a class='wpdm-download-link wpdm-download-locked [btnclass]' rel='nofollow' href='#' onclick=\"location.href='https:\/\/www.daliform.com\/fr\/download\/h-09-cm-reserve-et-dispersion\/?wpdmdl=78292';return false;\">Download<\/a><\/div>\n        <\/div>\n        <\/div>\n    <\/div>\n<\/div>\n<div style=\"clear: both\"><\/div><\/div><\/div><div style='clear:both'><\/div><div class='text-center'><ul  class=\"pagination pagination-centered\"><\/ul><\/div>\n<div style='clear:both'><\/div><div style='clear:both'><\/div><\/div>[\/vc_column_text][vc_text_separator title=\u00a0\u00bbDessin de construction\u00a0\u00bb title_align=\u00a0\u00bbseparator_align_left\u00a0\u00bb][vc_column_text]<div class='w3eden'><div class='row'><div class='col-md-3 col-sm-6 col-xs-12'><!-- WPDM Link Template: Default Template w\/Icon -->\n\n\n\n<div class=\"wpdm-link-tpl link-btn [color]\" data-durl=\"https:\/\/www.daliform.com\/fr\/download\/jardin-suspendu-extensif-2\/?wpdmdl=78367\" style=\"margin-bottom:10px; margin-top:15px;\" >\n    <div class=\"media\"> \n        <div class=\"pull-left\" style=\" width:50px;\"><img class=\"wpdm_icon\" alt=\"Icon\" src=\"https:\/\/www.daliform.com\/wp-content\/plugins\/download-manager\/assets\/file-type-icons\/dwg.png\" onError='this.src=\"https:\/\/www.daliform.com\/wp-content\/plugins\/download-manager\/assets\/file-type-icons\/_blank.png\";' \/><\/div>\n        <div class=\"media-body\">\n        <div class=\"pull-left\"><p style=\"font-size:11px; text-align:left; font-weight:bold;  color:#000000;  line-height:10px;\">Jardin suspendu extensif <\/p>\n            <div style=\"font-size:11px; line-height:10px; margin-top:-5px;\"><a class='wpdm-download-link wpdm-download-locked [btnclass]' rel='nofollow' href='#' onclick=\"location.href='https:\/\/www.daliform.com\/fr\/download\/jardin-suspendu-extensif-2\/?wpdmdl=78367';return false;\">Download<\/a><\/div>\n        <\/div>\n        <\/div>\n    <\/div>\n<\/div>\n<div style=\"clear: both\"><\/div><\/div><div class='col-md-3 col-sm-6 col-xs-12'><!-- WPDM Link Template: Default Template w\/Icon -->\n\n\n\n<div class=\"wpdm-link-tpl link-btn [color]\" data-durl=\"https:\/\/www.daliform.com\/fr\/download\/jardin-suspendu-extensif-detail-2\/?wpdmdl=78364\" style=\"margin-bottom:10px; margin-top:15px;\" >\n    <div class=\"media\"> \n        <div class=\"pull-left\" style=\" width:50px;\"><img class=\"wpdm_icon\" alt=\"Icon\" src=\"https:\/\/www.daliform.com\/wp-content\/plugins\/download-manager\/assets\/file-type-icons\/dwg.png\" onError='this.src=\"https:\/\/www.daliform.com\/wp-content\/plugins\/download-manager\/assets\/file-type-icons\/_blank.png\";' \/><\/div>\n        <div class=\"media-body\">\n        <div class=\"pull-left\"><p style=\"font-size:11px; text-align:left; font-weight:bold;  color:#000000;  line-height:10px;\">Jardin suspendu extensif d\u00e9tail <\/p>\n            <div style=\"font-size:11px; line-height:10px; margin-top:-5px;\"><a class='wpdm-download-link wpdm-download-locked [btnclass]' rel='nofollow' href='#' onclick=\"location.href='https:\/\/www.daliform.com\/fr\/download\/jardin-suspendu-extensif-detail-2\/?wpdmdl=78364';return false;\">Download<\/a><\/div>\n        <\/div>\n        <\/div>\n    <\/div>\n<\/div>\n<div style=\"clear: both\"><\/div><\/div><div class='col-md-3 col-sm-6 col-xs-12'><!-- WPDM Link Template: Default Template w\/Icon -->\n\n\n\n<div class=\"wpdm-link-tpl link-btn [color]\" data-durl=\"https:\/\/www.daliform.com\/fr\/download\/jardin-suspendu-intensif-1-2\/?wpdmdl=78366\" style=\"margin-bottom:10px; margin-top:15px;\" >\n    <div class=\"media\"> \n        <div class=\"pull-left\" style=\" width:50px;\"><img class=\"wpdm_icon\" alt=\"Icon\" src=\"https:\/\/www.daliform.com\/wp-content\/plugins\/download-manager\/assets\/file-type-icons\/dwg.png\" onError='this.src=\"https:\/\/www.daliform.com\/wp-content\/plugins\/download-manager\/assets\/file-type-icons\/_blank.png\";' \/><\/div>\n        <div class=\"media-body\">\n        <div class=\"pull-left\"><p style=\"font-size:11px; text-align:left; font-weight:bold;  color:#000000;  line-height:10px;\">Jardin suspendu intensif 1 <\/p>\n            <div style=\"font-size:11px; line-height:10px; margin-top:-5px;\"><a class='wpdm-download-link wpdm-download-locked [btnclass]' rel='nofollow' href='#' onclick=\"location.href='https:\/\/www.daliform.com\/fr\/download\/jardin-suspendu-intensif-1-2\/?wpdmdl=78366';return false;\">Download<\/a><\/div>\n        <\/div>\n        <\/div>\n    <\/div>\n<\/div>\n<div style=\"clear: both\"><\/div><\/div><div class='col-md-3 col-sm-6 col-xs-12'><!-- WPDM Link Template: Default Template w\/Icon -->\n\n\n\n<div class=\"wpdm-link-tpl link-btn [color]\" data-durl=\"https:\/\/www.daliform.com\/fr\/download\/jardin-suspendu-intensif-2-2\/?wpdmdl=78368\" style=\"margin-bottom:10px; margin-top:15px;\" >\n    <div class=\"media\"> \n        <div class=\"pull-left\" style=\" width:50px;\"><img class=\"wpdm_icon\" alt=\"Icon\" src=\"https:\/\/www.daliform.com\/wp-content\/plugins\/download-manager\/assets\/file-type-icons\/dwg.png\" onError='this.src=\"https:\/\/www.daliform.com\/wp-content\/plugins\/download-manager\/assets\/file-type-icons\/_blank.png\";' \/><\/div>\n        <div class=\"media-body\">\n        <div class=\"pull-left\"><p style=\"font-size:11px; text-align:left; font-weight:bold;  color:#000000;  line-height:10px;\">Jardin suspendu intensif 2 <\/p>\n            <div style=\"font-size:11px; line-height:10px; margin-top:-5px;\"><a class='wpdm-download-link wpdm-download-locked [btnclass]' rel='nofollow' href='#' onclick=\"location.href='https:\/\/www.daliform.com\/fr\/download\/jardin-suspendu-intensif-2-2\/?wpdmdl=78368';return false;\">Download<\/a><\/div>\n        <\/div>\n        <\/div>\n    <\/div>\n<\/div>\n<div style=\"clear: both\"><\/div><\/div><div class='col-md-3 col-sm-6 col-xs-12'><!-- WPDM Link Template: Default Template w\/Icon -->\n\n\n\n<div class=\"wpdm-link-tpl link-btn [color]\" data-durl=\"https:\/\/www.daliform.com\/fr\/download\/jardin-suspendu-intensif-pietonnier\/?wpdmdl=78363\" style=\"margin-bottom:10px; margin-top:15px;\" >\n    <div class=\"media\"> \n        <div class=\"pull-left\" style=\" width:50px;\"><img class=\"wpdm_icon\" alt=\"Icon\" src=\"https:\/\/www.daliform.com\/wp-content\/plugins\/download-manager\/assets\/file-type-icons\/dwg.png\" onError='this.src=\"https:\/\/www.daliform.com\/wp-content\/plugins\/download-manager\/assets\/file-type-icons\/_blank.png\";' \/><\/div>\n        <div class=\"media-body\">\n        <div class=\"pull-left\"><p style=\"font-size:11px; text-align:left; font-weight:bold;  color:#000000;  line-height:10px;\">Jardin suspendu intensif pi\u00e9tonnier <\/p>\n            <div style=\"font-size:11px; line-height:10px; margin-top:-5px;\"><a class='wpdm-download-link wpdm-download-locked [btnclass]' rel='nofollow' href='#' onclick=\"location.href='https:\/\/www.daliform.com\/fr\/download\/jardin-suspendu-intensif-pietonnier\/?wpdmdl=78363';return false;\">Download<\/a><\/div>\n        <\/div>\n        <\/div>\n    <\/div>\n<\/div>\n<div style=\"clear: both\"><\/div><\/div><div class='col-md-3 col-sm-6 col-xs-12'><!-- WPDM Link Template: Default Template w\/Icon -->\n\n\n\n<div class=\"wpdm-link-tpl link-btn [color]\" data-durl=\"https:\/\/www.daliform.com\/fr\/download\/jardins-suspendus\/?wpdmdl=78362\" style=\"margin-bottom:10px; margin-top:15px;\" >\n    <div class=\"media\"> \n        <div class=\"pull-left\" style=\" width:50px;\"><img class=\"wpdm_icon\" alt=\"Icon\" src=\"https:\/\/www.daliform.com\/wp-content\/plugins\/download-manager\/assets\/file-type-icons\/dwg.png\" onError='this.src=\"https:\/\/www.daliform.com\/wp-content\/plugins\/download-manager\/assets\/file-type-icons\/_blank.png\";' \/><\/div>\n        <div class=\"media-body\">\n        <div class=\"pull-left\"><p style=\"font-size:11px; text-align:left; font-weight:bold;  color:#000000;  line-height:10px;\">Jardins suspendus <\/p>\n            <div style=\"font-size:11px; line-height:10px; margin-top:-5px;\"><a class='wpdm-download-link wpdm-download-locked [btnclass]' rel='nofollow' href='#' onclick=\"location.href='https:\/\/www.daliform.com\/fr\/download\/jardins-suspendus\/?wpdmdl=78362';return false;\">Download<\/a><\/div>\n        <\/div>\n        <\/div>\n    <\/div>\n<\/div>\n<div style=\"clear: both\"><\/div><\/div><\/div><div style='clear:both'><\/div><div class='text-center'><ul  class=\"pagination pagination-centered\"><\/ul><\/div>\n<div style='clear:both'><\/div><div style='clear:both'><\/div><\/div>[\/vc_column_text][\/vc_column][\/vc_row]<\/p>\n","protected":false},"excerpt":{"rendered":"<p>Iglu&rsquo;\u00ae Green Roof Daliform Group download area: catalogues, documents, donn\u00e9s techniques, dessins techniques et r\u00e9f\u00e9rences.<\/p>\n","protected":false},"author":1,"featured_media":0,"parent":69659,"menu_order":4,"comment_status":"closed","ping_status":"closed","template":"","meta":[],"acf":[],"aioseo_notices":[],"_links":{"self":[{"href":"https:\/\/www.daliform.com\/fr\/wp-json\/wp\/v2\/pages\/74322"}],"collection":[{"href":"https:\/\/www.daliform.com\/fr\/wp-json\/wp\/v2\/pages"}],"about":[{"href":"https:\/\/www.daliform.com\/fr\/wp-json\/wp\/v2\/types\/page"}],"author":[{"embeddable":true,"href":"https:\/\/www.daliform.com\/fr\/wp-json\/wp\/v2\/users\/1"}],"replies":[{"embeddable":true,"href":"https:\/\/www.daliform.com\/fr\/wp-json\/wp\/v2\/comments?post=74322"}],"version-history":[{"count":1,"href":"https:\/\/www.daliform.com\/fr\/wp-json\/wp\/v2\/pages\/74322\/revisions"}],"predecessor-version":[{"id":109010,"href":"https:\/\/www.daliform.com\/fr\/wp-json\/wp\/v2\/pages\/74322\/revisions\/109010"}],"up":[{"embeddable":true,"href":"https:\/\/www.daliform.com\/fr\/wp-json\/wp\/v2\/pages\/69659"}],"wp:attachment":[{"href":"https:\/\/www.daliform.com\/fr\/wp-json\/wp\/v2\/media?parent=74322"}],"curies":[{"name":"wp","href":"https:\/\/api.w.org\/{rel}","templated":true}]}}