{"id":70985,"date":"2015-02-05T10:21:41","date_gmt":"2015-02-05T09:21:41","guid":{"rendered":"https:\/\/www.daliform.com\/?page_id=70985"},"modified":"2022-09-26T16:49:04","modified_gmt":"2022-09-26T14:49:04","slug":"enterprise","status":"publish","type":"page","link":"https:\/\/www.daliform.com\/fr\/enterprise\/","title":{"rendered":"Enterprise"},"content":{"rendered":"<p>[vc_row padding_top=\u00a0\u00bb10&Prime; padding_bottom=\u00a0\u00bb10&Prime;][vc_column width=\u00a0\u00bb1\/3&Prime;][vc_single_image image=\u00a0\u00bb70991&Prime; img_size=\u00a0\u00bbfull\u00a0\u00bb alignment=\u00a0\u00bbcenter\u00a0\u00bb][\/vc_column][vc_column width=\u00a0\u00bb2\/3&Prime;][vc_column_text]<\/p>\n<h5 style=\"text-align: justify;\"><strong>Daliform Group est l&rsquo;entreprise leader dans la cr\u00e9ation et la production de produits en plastique pour le monde des constructions.<\/strong><\/h5>\n<p>L\u2019entreprise, avec son personnel technique d&rsquo;ing\u00e9nieurs hautement qualifi\u00e9s, continue \u00e0 \u00eatre un \u201cfoyer d&rsquo;innovations de grand succ\u00e8s\u201d ; des innovation qui ont sensiblement am\u00e9lior\u00e9 la mani\u00e8re de construire dans des deux derni\u00e8res d\u00e9cennies, en particulier avec les vides sanitaires a\u00e9r\u00e9s (IGLU\u2019<sup>\u00ae<\/sup> et ATLANTIS), les planchers all\u00e9g\u00e9s bidirectionnels (U-BOOT<sup>\u00ae<\/sup> BETON) et monodirectionnels (U-BAHN BETON<sup>\u00ae<\/sup>), les pr\u00e9s am\u00e9nag\u00e9s (PRATOPRATICO\u00ae, E.C.O. de Pratopratico<sup>\u00ae<\/sup>, Easy Park<sup>\u00ae<\/sup>, Easy Ride, V-Green<sup>\u00ae<\/sup>).[\/vc_column_text][\/vc_column][vc_column css=\u00a0\u00bb.vc_custom_1459494796289{margin-top: 10px !important;margin-bottom: -10px !important;}\u00a0\u00bb][vc_column_text]<\/p>\n<p style=\"text-align: justify;\">Daliform Group srl a \u00e9t\u00e9 constitu\u00e9e en 2009 dans le but d&rsquo;h\u00e9riter le prestigieux et exclusif patrimoine de connaissances et de comp\u00e9tences de Daliform srl de Pordenone qui, d\u00e8s 1993, s&rsquo;est distingu\u00e9e par la capacit\u00e9 de cr\u00e9er des produits avanc\u00e9s pour le monde du b\u00e2timent en plastique recycl\u00e9, dans le but de r\u00e9soudre de mani\u00e8re d\u00e9finitive le probl\u00e8me de l&rsquo;humidit\u00e9 ascensionnelle ainsi que la concentration de Gaz Radon affleurant du sous-sol.<\/p>\n<p style=\"text-align: justify;\"><em>L\u2019entreprise est n\u00e9e, au d\u00e9but des ann\u00e9es 90, \u00e0 la suite d&rsquo;une loi de la R\u00e9gion Frioul V\u00e9n\u00e9tie Julienne (la num\u00e9ro 44 du 23 ao\u00fbt 1985) qui, la premi\u00e8re en Italie, a r\u00e9glement\u00e9 dans le d\u00e9tail l&rsquo;obligation de l&rsquo;utilisation du vide sanitaire a\u00e9r\u00e9 \u00e0 la suite de fortes concentrations de gaz Radon dans le territoire r\u00e9gional. <\/em><br \/>\n<em>Diff\u00e9remment des r\u00e9alisations traditionnelles (murets et dalles ou plancher), Daliform srl proposa alors son innovant et r\u00e9volutionnaire syst\u00e8me de coffrages IGLU\u2019 qui, rapidement, obtint un succ\u00e8s extraordinaire.<\/em><\/p>\n<p>[\/vc_column_text][\/vc_column][\/vc_row]<\/p>\n","protected":false},"excerpt":{"rendered":"<p>Daliform Group est l&rsquo;entreprise leader dans la cr\u00e9ation et la production de produits en plastique pour le monde des constructions. <\/p>\n","protected":false},"author":1,"featured_media":70785,"parent":0,"menu_order":38,"comment_status":"closed","ping_status":"closed","template":"template-company.php","meta":[],"acf":[],"aioseo_notices":[],"_links":{"self":[{"href":"https:\/\/www.daliform.com\/fr\/wp-json\/wp\/v2\/pages\/70985"}],"collection":[{"href":"https:\/\/www.daliform.com\/fr\/wp-json\/wp\/v2\/pages"}],"about":[{"href":"https:\/\/www.daliform.com\/fr\/wp-json\/wp\/v2\/types\/page"}],"author":[{"embeddable":true,"href":"https:\/\/www.daliform.com\/fr\/wp-json\/wp\/v2\/users\/1"}],"replies":[{"embeddable":true,"href":"https:\/\/www.daliform.com\/fr\/wp-json\/wp\/v2\/comments?post=70985"}],"version-history":[{"count":1,"href":"https:\/\/www.daliform.com\/fr\/wp-json\/wp\/v2\/pages\/70985\/revisions"}],"predecessor-version":[{"id":109012,"href":"https:\/\/www.daliform.com\/fr\/wp-json\/wp\/v2\/pages\/70985\/revisions\/109012"}],"wp:featuredmedia":[{"embeddable":true,"href":"https:\/\/www.daliform.com\/fr\/wp-json\/wp\/v2\/media\/70785"}],"wp:attachment":[{"href":"https:\/\/www.daliform.com\/fr\/wp-json\/wp\/v2\/media?parent=70985"}],"curies":[{"name":"wp","href":"https:\/\/api.w.org\/{rel}","templated":true}]}}