{"id":70880,"date":"2020-07-01T10:00:14","date_gmt":"2020-07-01T08:00:14","guid":{"rendered":"https:\/\/www.daliform.com\/?page_id=70880"},"modified":"2024-08-02T09:46:46","modified_gmt":"2024-08-02T07:46:46","slug":"software-uboot-fr","status":"publish","type":"page","link":"https:\/\/www.daliform.com\/fr\/service-ingenierie\/software-uboot-fr\/","title":{"rendered":"U-BOOT\u00ae BETON DESIGN SOFTWARE"},"content":{"rendered":"<p>[vc_row row_type=\u00a0\u00bbrow_full_center_content\u00a0\u00bb bg_color=\u00a0\u00bb#eeeeee\u00a0\u00bb padding_left=\u00a0\u00bb20&Prime; padding_right=\u00a0\u00bb20&Prime;][vc_column][vc_text_separator title=\u00a0\u00bbU-BOOT\u00ae BETON DESIGN SOFTWARE\u00a0\u00bb title_align=\u00a0\u00bbseparator_align_left\u00a0\u00bb color=\u00a0\u00bbwhite\u00a0\u00bb][vc_empty_space height=\u00a0\u00bb5px\u00a0\u00bb][\/vc_column][vc_column width=\u00a0\u00bb1\/2&Prime;][vc_column_text css=\u00a0\u00bb.vc_custom_1722583382521{padding-top: 15px !important;}\u00a0\u00bb]<\/p>\n<h3 style=\"text-align: left;\"><span style=\"color: #ed1d24;\"><strong>U-Boot\u00ae Beton Design Software, l\u2019outil id\u00e9al pour la conception de plaques all\u00e9g\u00e9es \u00e0 intrados plan, sans capitales ou retomb\u00e9 de poutres.<\/strong><\/span><\/h3>\n<p style=\"text-align: left;\"><strong>Le logiciel r\u00e9pond aux besoins des concepteurs qui font face \u00e0 l\u2019\u00e9tude des plaques all\u00e9g\u00e9es avec U-Boot\u00ae Beton de Daliform Group, en leur fournissant toutes les donn\u00e9es n\u00e9cessaires pour r\u00e9aliser l\u2019analyse structurale pr\u00e9paratoire au dimensionnement de la plaque.<\/strong><\/p>\n<p>[\/vc_column_text][vc_button title=\u00a0\u00bbget started!\u00a0\u00bb color=\u00a0\u00bbprimary\u00a0\u00bb size=\u00a0\u00bblarge\u00a0\u00bb margin_top=\u00a0\u00bb20&Prime; link=\u00a0\u00bburl:http%3A%2F%2Fuboot-software.daliform.com%2F|target:_blank\u00a0\u00bb][vc_column_text]<\/p>\n<p style=\"text-align: left;\">The Software is available for free.<\/p>\n<p>[\/vc_column_text][\/vc_column][vc_column width=\u00a0\u00bb1\/2&Prime;][vc_column_text]<\/p>\n<h4 style=\"text-align: left;\"><strong>Pour en savoir plus sur le logiciel U-Boot\u00ae Beton, consultez les guides et regardez les tutoriels vid\u00e9o.<\/strong><\/h4>\n<p>[\/vc_column_text][vc_column_text]<a href=\"https:\/\/www.daliform.com\/wp-content\/uploads\/2024\/08\/Guida-UBoot-Software_EN_llow.pdf\" target=\"_blank\" rel=\"noopener\"><strong>Guide de dimensionnement des dalles all\u00e9g\u00e9es<br \/>\navec le logiciel U-Boot\u00ae Beton<\/strong><\/a><\/p>\n<p><a href=\"https:\/\/www.daliform.com\/wp-content\/uploads\/2024\/08\/Uboot-Design-Software-Tutorial_FR.pdf\" target=\"_blank\" rel=\"noopener\"><strong><span class=\"VIiyi\" lang=\"it\"><span class=\"JLqJ4b ChMk0b\" data-language-for-alternatives=\"it\" data-language-to-translate-into=\"en\" data-phrase-index=\"0\" data-number-of-phrases=\"1\"><span class=\"Q4iAWc\">Lire le guide d&rsquo;utilisation du logiciel<\/span><\/span><\/span><\/strong><\/a>[\/vc_column_text][vc_column_text]<span style=\"color: #000000;\"><a style=\"color: #000000;\" href=\"https:\/\/youtu.be\/D5c2EuXePi8\" target=\"_blank\" rel=\"noopener\"><strong>View Complete Video Tutorial<\/strong><\/a><\/span><\/p>\n<p style=\"text-align: left;\"><span style=\"color: #000000;\"><a style=\"color: #000000;\" href=\"https:\/\/www.youtube.com\/playlist?list=PLvxkADPUdJaMOVaGanIulFZnEfCw_zlaL\"><strong>View all Videos Tutorial<\/strong><\/a><\/span><\/p>\n<p>[\/vc_column_text][\/vc_column][\/vc_row][vc_row row_id=\u00a0\u00bbhomeAdditionalBoxes\u00a0\u00bb row_type=\u00a0\u00bbrow_full_center_content\u00a0\u00bb][vc_column el_class=\u00a0\u00bbhomeBook\u00a0\u00bb][vc_empty_space][vc_text_separator title=\u00a0\u00bbTECHNICAL TEXTBOOK\u00a0\u00bb title_align=\u00a0\u00bbseparator_align_left\u00a0\u00bb][vc_empty_space height=\u00a0\u00bb20px\u00a0\u00bb][\/vc_column][vc_column width=\u00a0\u00bb1\/4&Prime;][vc_column_text]<div class=\"_df_book df-lite\" id=\"df_107427\"  data-title=\"book-u-boot-beton-en\" _slug=\"book-u-boot-beton-it-2\" wpoptions=\"true\" thumb=\"https:\/\/www.daliform.com\/wp-content\/uploads\/2015\/02\/copertina-libro.jpg\" thumbtype=\"bg\" ><p class=\"df-raw-loading\">Please wait while flipbook is loading. For more related info, FAQs and issues please refer to <a href=\"https:\/\/wordpress.org\/plugins\/3d-flipbook-dflip-lite\/#installation\">DearFlip WordPress Flipbook Plugin Help<\/a> documentation.<\/p><\/div><script class=\"df-shortcode-script\" type=\"application\/javascript\">window.option_df_107427 = {\"outline\":[],\"backgroundColor\":\"#f2f2f2\",\"hard\":\"cover\",\"forceFit\":\"true\",\"autoEnableOutline\":\"false\",\"autoEnableThumbnail\":\"false\",\"overwritePDFOutline\":\"false\",\"enableDownload\":\"false\",\"direction\":\"1\",\"pageSize\":\"0\",\"controlsPosition\":\"bottom\",\"soundEnable\":\"false\",\"source\":\"https:\\\/\\\/www.daliform.com\\\/wp-content\\\/uploads\\\/2022\\\/05\\\/Pagine_UBOOT-book-en.pdf\",\"wpOptions\":\"true\"}; if(window.DFLIP && window.DFLIP.parseBooks){window.DFLIP.parseBooks();}<\/script><br \/>\n<span style=\"font-size: 11px;\"><em>Flick through a few pages of the book <\/em><\/span>[\/vc_column_text][\/vc_column][vc_column width=\u00a0\u00bb3\/4&Prime;][vc_column_text]<\/p>\n<h3 class=\"heading-title\">Avez-vous lu le premier manuel technique sur les dalles vides bidirectionnelles avec le syst\u00e8me U-Boot<sup>\u00ae<\/sup> Beton?<\/h3>\n<p>\u00c0 l&rsquo;issue d&rsquo;un projet d\u00e9velopp\u00e9 en collaboration avec Politecnico di Milano d\u00e9marr\u00e9 en 2013, Daliform Group est fier d&rsquo;annoncer la publication d&rsquo;un important manuel technique intitul\u00e9:<br \/>\n<strong>\u00abDalles all\u00e9g\u00e9es en b\u00e9ton arm\u00e9 soumises \u00e0 des actions gravitationnelles et sismiques. Plaques all\u00e9g\u00e9es<\/strong><br \/>\n<strong>avec emploi du syst\u00e8me U-Boot\u00ae Beton\u00bb.<\/strong><\/p>\n<p>Le livre, publi\u00e9 par Dario Flaccovio, est un manuel technique pratique adress\u00e9 \u00e0 tous les consultants du secteur du b\u00e2timent qui souhaitent en savoir plus sur l&rsquo;utilisation des dalles \u00e0 double paroi.<\/p>\n<p>L&rsquo;\u00e9tude comprend les r\u00e9sultats d&rsquo;un vaste programme exp\u00e9rimental men\u00e9 \u00e0 l&rsquo;\u00c9cole polytechnique de Milan, qui met en \u00e9vidence l&rsquo;excellente r\u00e9ponse bidirectionnelle des dalles vides et la performance efficace en pr\u00e9sence d&rsquo;actions sismiques. Les r\u00e9sultats exp\u00e9rimentaux pr\u00e9sent\u00e9s ici sont soutenus par des mod\u00e8les num\u00e9riques avanc\u00e9s.<\/p>\n<p>Dans l&rsquo;ensemble, les r\u00e9sultats issus de l&rsquo;exp\u00e9rimentation physique et num\u00e9rique constituent une base solide pour la compr\u00e9hension et la conception de syst\u00e8mes de dalles vides pour les charges gravim\u00e9triques et sismiques.<\/p>\n<p><a href=\"https:\/\/www.darioflaccovio.it\/calcolo-strutture-cemento-armato\/771-solai-alleggeriti-u-boot-calcestruzzo-armato-azioni-gravitazionali-sismiche.html\">Distibu\u00e9 par Dario Flaccovio Editore.<\/a>[\/vc_column_text][\/vc_column][\/vc_row]<\/p>\n","protected":false},"excerpt":{"rendered":"<p>Le service ing\u00e9nierie est \u00e0 la disposition de la client\u00e8le en la conception, co-conception, les \u00e9tudes de faisabilit\u00e9, les analyses compar\u00e9es et des co\u00fbts.<\/p>\n","protected":false},"author":1,"featured_media":0,"parent":70807,"menu_order":0,"comment_status":"closed","ping_status":"closed","template":"template-product.php","meta":[],"acf":[],"aioseo_notices":[],"_links":{"self":[{"href":"https:\/\/www.daliform.com\/fr\/wp-json\/wp\/v2\/pages\/70880"}],"collection":[{"href":"https:\/\/www.daliform.com\/fr\/wp-json\/wp\/v2\/pages"}],"about":[{"href":"https:\/\/www.daliform.com\/fr\/wp-json\/wp\/v2\/types\/page"}],"author":[{"embeddable":true,"href":"https:\/\/www.daliform.com\/fr\/wp-json\/wp\/v2\/users\/1"}],"replies":[{"embeddable":true,"href":"https:\/\/www.daliform.com\/fr\/wp-json\/wp\/v2\/comments?post=70880"}],"version-history":[{"count":2,"href":"https:\/\/www.daliform.com\/fr\/wp-json\/wp\/v2\/pages\/70880\/revisions"}],"predecessor-version":[{"id":113429,"href":"https:\/\/www.daliform.com\/fr\/wp-json\/wp\/v2\/pages\/70880\/revisions\/113429"}],"up":[{"embeddable":true,"href":"https:\/\/www.daliform.com\/fr\/wp-json\/wp\/v2\/pages\/70807"}],"wp:attachment":[{"href":"https:\/\/www.daliform.com\/fr\/wp-json\/wp\/v2\/media?parent=70880"}],"curies":[{"name":"wp","href":"https:\/\/api.w.org\/{rel}","templated":true}]}}