{"id":70807,"date":"2016-04-06T15:18:46","date_gmt":"2016-04-06T13:18:46","guid":{"rendered":"https:\/\/www.daliform.com\/?page_id=70807"},"modified":"2022-09-26T14:32:17","modified_gmt":"2022-09-26T12:32:17","slug":"service-ingenierie","status":"publish","type":"page","link":"https:\/\/www.daliform.com\/fr\/service-ingenierie\/","title":{"rendered":"Service ing\u00e9nierie"},"content":{"rendered":"<p>[vc_row row_type=\u00a0\u00bbrow_full_center_content\u00a0\u00bb][vc_column][vc_row_inner][vc_column_inner width=\u00a0\u00bb1\/3&Prime;][vc_single_image image=\u00a0\u00bb107410&Prime; img_size=\u00a0\u00bblarge\u00a0\u00bb style=\u00a0\u00bbvc_box_border\u00a0\u00bb][\/vc_column_inner][vc_column_inner width=\u00a0\u00bb2\/3&Prime;][vc_column_text]<\/p>\n<p style=\"text-align: justify;\"><span style=\"color: #000000;\"><strong>Le service ing\u00e9nierie de Daliform Group <\/strong>est \u00e0 la disposition de la client\u00e8le (concepteurs, entreprises, revendeurs, commettants) en ce qui concerne la conception, la co-conception, les \u00e9tudes de faisabilit\u00e9, les analyses compar\u00e9es et des co\u00fbts.<\/span><\/p>\n<p style=\"text-align: justify;\"><span style=\"color: #000000;\">Notre bureau technique, gr\u00e2ce \u00e0 notre \u00e9quipe d&rsquo;ing\u00e9nieurs experts, est en mesure d&rsquo;apporter tout le support n\u00e9cessaire de la phase pr\u00e9liminaire et de planification jusqu&rsquo;\u00e0 l&rsquo;assistance chantier.<\/span><br \/>\n<span style=\"color: #000000;\">Les produits du Groupe Daliform sont pr\u00e9sents dans les <strong>BIM Files<\/strong> et peuvent \u00eatre facilement ins\u00e9r\u00e9s dans le projet gr\u00e2ce aux propri\u00e9t\u00e9s approfondies associ\u00e9es aux objets.<\/span><\/p>\n<p>[\/vc_column_text][vc_button title=\u00a0\u00bbBIM &#8211; Download\u00a0\u00bb color=\u00a0\u00bbprimary\u00a0\u00bb margin_top=\u00a0\u00bb-20px\u00a0\u00bb link=\u00a0\u00bburl:https%3A%2F%2Fwww.daliform.com%2Ffr%2Fbim-bibliotheques-daliform%2F|title:BIM\u00a0\u00bb][\/vc_column_inner][\/vc_row_inner][\/vc_column][\/vc_row][vc_row row_type=\u00a0\u00bbrow_full_center_content\u00a0\u00bb bg_color=\u00a0\u00bb#f7f7f7&Prime;][vc_column][vc_row_inner][vc_column_inner width=\u00a0\u00bb1\/4&Prime;]\n\t<div class=\"iconbox-wrapper \">\n\t\t<div class=\"iconbox-icon\">\n\t\t\t\t<i class=\"fa fa-building \" style=\"color: #000000;font-size:50px;\"><\/i>\n\t\t<\/div>\n\t\t<h4 class=\"iconbox-heading\">\u00c9TUDE DE FAISABILIT\u00c9\n\t\t<\/h4>\n\t\t\t<div class=\"iconbox-desc\">\n\t\t\t\t<p>Pr\u00e9dimensionnement et optimisation des structures, propositions compar\u00e9es et\/ou d'am\u00e9lioration, estimation des incidences de mat\u00e9riaux et de main-d'oeuvre, analyse des co\u00fbts. \u00c9valuation de ventilation forc\u00e9e dans le cas de chambres froides.<\/p>\n\t\t\t<\/div>\n\t<\/div>[\/vc_column_inner][vc_column_inner width=\u00a0\u00bb1\/4&Prime;]\n\t<div class=\"iconbox-wrapper \">\n\t\t<div class=\"iconbox-icon\">\n\t\t\t\t<i class=\"fa fa-exchange \" style=\"color: #000000;font-size:50px;\"><\/i>\n\t\t<\/div>\n\t\t<h4 class=\"iconbox-heading\">NOTE DE CALCUL\n\t\t<\/h4>\n\t\t\t<div class=\"iconbox-desc\">\n\t\t\t\t<p>Relations attestant les performances de syst\u00e8mes de construction de Daliform Group.<\/p>\n\t\t\t<\/div>\n\t<\/div>[\/vc_column_inner][vc_column_inner width=\u00a0\u00bb1\/4&Prime;]\n\t<div class=\"iconbox-wrapper \">\n\t\t<div class=\"iconbox-icon\">\n\t\t\t\t<i class=\"fa fa-edit \" style=\"color: #000000;font-size:50px;\"><\/i>\n\t\t<\/div>\n\t\t<h4 class=\"iconbox-heading\">ASSISTANCE A LA CONCEPTION D'EX\u00c9CUTION\n\t\t<\/h4>\n\t\t\t<div class=\"iconbox-desc\">\n\t\t\t\t<p>Aide du professionnel dans la conception. Sur demande, l'on fournit le plan de pose des coffrages avec la liste des produits n\u00e9cessaires \u00e0 la r\u00e9alisation de l'ouvrage et des accessoires relatifs.<\/p>\n\t\t\t<\/div>\n\t<\/div>[\/vc_column_inner][vc_column_inner width=\u00a0\u00bb1\/4&Prime;]\n\t<div class=\"iconbox-wrapper \">\n\t\t<div class=\"iconbox-icon\">\n\t\t\t\t<i class=\"fa fa-user \" style=\"color: #000000;font-size:50px;\"><\/i>\n\t\t<\/div>\n\t\t<h4 class=\"iconbox-heading\">ASSISTANCE SUR LE CHANTIER\n\t\t<\/h4>\n\t\t\t<div class=\"iconbox-desc\">\n\t\t\t\t<p>Si n\u00e9cessaire, l'\u00e9quipe technique pourra \u00eatre pr\u00e9sente sur le chantier pour assister l'entreprise de construction pendant la phase ex\u00e9cutive.<\/p>\n\t\t\t<\/div>\n\t<\/div>[\/vc_column_inner][\/vc_row_inner][\/vc_column][\/vc_row]<\/p>\n","protected":false},"excerpt":{"rendered":"<p>Le service ing\u00e9nierie est \u00e0 la disposition de la client\u00e8le en la conception, co-conception, les \u00e9tudes de faisabilit\u00e9, les analyses compar\u00e9es et des co\u00fbts.<\/p>\n","protected":false},"author":1,"featured_media":0,"parent":0,"menu_order":37,"comment_status":"closed","ping_status":"closed","template":"template-product.php","meta":[],"acf":[],"aioseo_notices":[],"_links":{"self":[{"href":"https:\/\/www.daliform.com\/fr\/wp-json\/wp\/v2\/pages\/70807"}],"collection":[{"href":"https:\/\/www.daliform.com\/fr\/wp-json\/wp\/v2\/pages"}],"about":[{"href":"https:\/\/www.daliform.com\/fr\/wp-json\/wp\/v2\/types\/page"}],"author":[{"embeddable":true,"href":"https:\/\/www.daliform.com\/fr\/wp-json\/wp\/v2\/users\/1"}],"replies":[{"embeddable":true,"href":"https:\/\/www.daliform.com\/fr\/wp-json\/wp\/v2\/comments?post=70807"}],"version-history":[{"count":4,"href":"https:\/\/www.daliform.com\/fr\/wp-json\/wp\/v2\/pages\/70807\/revisions"}],"predecessor-version":[{"id":108802,"href":"https:\/\/www.daliform.com\/fr\/wp-json\/wp\/v2\/pages\/70807\/revisions\/108802"}],"wp:attachment":[{"href":"https:\/\/www.daliform.com\/fr\/wp-json\/wp\/v2\/media?parent=70807"}],"curies":[{"name":"wp","href":"https:\/\/api.w.org\/{rel}","templated":true}]}}