{"id":69659,"date":"2016-05-10T15:44:52","date_gmt":"2016-05-10T13:44:52","guid":{"rendered":"https:\/\/www.daliform.com\/?page_id=69659"},"modified":"2024-07-30T12:02:16","modified_gmt":"2024-07-30T10:02:16","slug":"systemes-pour-jardins-suspendus","status":"publish","type":"page","link":"https:\/\/www.daliform.com\/fr\/systemes-pour-jardins-suspendus\/","title":{"rendered":"Iglu&rsquo;\u00ae Green Roof"},"content":{"rendered":"<p>[vc_row][vc_column width=\u00a0\u00bb1\/4&Prime;][vc_single_image image=\u00a0\u00bb64533&Prime; img_size=\u00a0\u00bblarge\u00a0\u00bb][\/vc_column][vc_column width=\u00a0\u00bb3\/4&Prime;][vc_column_text]<\/p>\n<h5><strong>Iglu&rsquo;\u00ae Green Roof est un syst\u00e8me en plastique recycl\u00e9 qui pr\u00e9sente une grande valeur environnementale. Il permet de lutter contre l&rsquo;\u00e9tanch\u00e9ification continue de nos villes et de cr\u00e9er des jardins sur les toits et des toits verts pour prot\u00e9ger l&rsquo;\u00e9tanch\u00e9it\u00e9, avec une garantie de durabilit\u00e9 du jardin.<\/strong><\/h5>\n<p>Le principal probl\u00e8me des jardins suspendus \u00e9tait d&rsquo;adapter le drainage afin d&rsquo;\u00e9viter la mort de la v\u00e9g\u00e9tation due \u00e0 des exc\u00e8s, \u00e0 la stagnation ou au manque d&rsquo;eau.<br \/>\nAujourd&rsquo;hui, il est possible de r\u00e9guler le drainage des jardins suspendus gr\u00e2ce au syst\u00e8me Iglu&rsquo;\u00ae green roof dont la surface permet une accumulation d&rsquo;eau suffisante et l&rsquo;\u00e9vacuation de l&rsquo;exc\u00e8s d&rsquo;eau par des trous de \u00ab trop-plein \u00bb.[\/vc_column_text][\/vc_column][\/vc_row][vc_row padding_top=\u00a0\u00bb0&Prime; padding_bottom=\u00a0\u00bb0&Prime;][vc_column][vc_empty_space height=\u00a0\u00bb20px\u00a0\u00bb][vc_column_text]R\u00e9aliser un jardin suspendu avec le syst\u00e8me Iglu&rsquo;\u00ae green roof permet de r\u00e9pondre aux crit\u00e8res impos\u00e9s par les administrations publiques en termes de param\u00e8tres de construction, d&rsquo;\u00e9conomies d&rsquo;\u00e9nergie et de r\u00e9duction et att\u00e9nuation du d\u00e9versement des eaux dans le r\u00e9seau d&rsquo;\u00e9gouts.[\/vc_column_text][\/vc_column][\/vc_row]<\/p>\n","protected":false},"excerpt":{"rendered":"<p>Iglu\u2019\u00ae green roof est id\u00e9al pour la r\u00e9alisation de jardins suspendus, permettant une r\u00e9alisation sans endommager les syst\u00e8mes d&rsquo;imperm\u00e9abilisation.<\/p>\n","protected":false},"author":1,"featured_media":64519,"parent":0,"menu_order":35,"comment_status":"closed","ping_status":"closed","template":"template-product.php","meta":[],"acf":[],"aioseo_notices":[],"_links":{"self":[{"href":"https:\/\/www.daliform.com\/fr\/wp-json\/wp\/v2\/pages\/69659"}],"collection":[{"href":"https:\/\/www.daliform.com\/fr\/wp-json\/wp\/v2\/pages"}],"about":[{"href":"https:\/\/www.daliform.com\/fr\/wp-json\/wp\/v2\/types\/page"}],"author":[{"embeddable":true,"href":"https:\/\/www.daliform.com\/fr\/wp-json\/wp\/v2\/users\/1"}],"replies":[{"embeddable":true,"href":"https:\/\/www.daliform.com\/fr\/wp-json\/wp\/v2\/comments?post=69659"}],"version-history":[{"count":2,"href":"https:\/\/www.daliform.com\/fr\/wp-json\/wp\/v2\/pages\/69659\/revisions"}],"predecessor-version":[{"id":112888,"href":"https:\/\/www.daliform.com\/fr\/wp-json\/wp\/v2\/pages\/69659\/revisions\/112888"}],"wp:featuredmedia":[{"embeddable":true,"href":"https:\/\/www.daliform.com\/fr\/wp-json\/wp\/v2\/media\/64519"}],"wp:attachment":[{"href":"https:\/\/www.daliform.com\/fr\/wp-json\/wp\/v2\/media?parent=69659"}],"curies":[{"name":"wp","href":"https:\/\/api.w.org\/{rel}","templated":true}]}}